{"id":76330,"date":"2021-09-13T14:42:30","date_gmt":"2021-09-13T12:42:30","guid":{"rendered":"https:\/\/villarrealcf.es\/\/records-historicos\/"},"modified":"2022-10-07T16:53:39","modified_gmt":"2022-10-07T14:53:39","slug":"records-historicos","status":"publish","type":"page","link":"https:\/\/villarrealcf.es\/val\/records-historicos\/","title":{"rendered":"R\u00e8cords Hist\u00f2rics"},"content":{"rendered":"\t\t<div data-elementor-type=\"wp-post\" data-elementor-id=\"76330\" class=\"elementor elementor-76330 elementor-7264\" data-elementor-post-type=\"page\">\n\t\t\t\t\t\t<section class=\"elementor-section elementor-top-section elementor-element elementor-element-be28414 elementor-section-boxed elementor-section-height-default elementor-section-height-default\" data-id=\"be28414\" data-element_type=\"section\" data-e-type=\"section\">\n\t\t\t\t\t\t<div class=\"elementor-container elementor-column-gap-default\">\n\t\t\t\t\t<div class=\"elementor-column elementor-col-100 elementor-top-column elementor-element elementor-element-ccb2634\" data-id=\"ccb2634\" data-element_type=\"column\" data-e-type=\"column\">\n\t\t\t<div class=\"elementor-widget-wrap elementor-element-populated\">\n\t\t\t\t\t\t<div class=\"elementor-element elementor-element-2971fff elementor-widget elementor-widget-heading\" data-id=\"2971fff\" data-element_type=\"widget\" data-e-type=\"widget\" data-widget_type=\"heading.default\">\n\t\t\t\t<div class=\"elementor-widget-container\">\n\t\t\t\t\t<h2 class=\"elementor-heading-title elementor-size-default\">R\u00e8cords hist\u00f2rics del Villarreal CF\n\n\n<\/h2>\t\t\t\t<\/div>\n\t\t\t\t<\/div>\n\t\t\t\t<div class=\"elementor-element elementor-element-c603e25 elementor-widget elementor-widget-text-editor\" data-id=\"c603e25\" data-element_type=\"widget\" data-e-type=\"widget\" data-widget_type=\"text-editor.default\">\n\t\t\t\t<div class=\"elementor-widget-container\">\n\t\t\t\t\t\t\t\t\t<ul><li><p>Futbolista amb m\u00e9s partits oficials: Bruno Soriano (425). Al final de la temporada 2019\/2020, el migcampista d&#8217;Artana va acumular amb la samarreta groga 325 partits de Lliga entre Primera (289) i Segona A (36), 72 a Europa entre Champions (16), Copa de la UEFA (6) , Europa League (49) i Intertoto (1) i 28 duels de Copa del Rei.<\/p><p>Major golejador en la hist\u00f2ria del Villarreal: Gerard Moreno va marcar davant el Chelsea FC en la final de la Supercopa d&#8217;Europa (21\/22) i va sumar el seu gol n\u00famero 83, superant al \u00edtalo-americ\u00e0 Giuseppe Rossi (82).<\/p><p>Majors golejades a favor de Villarreal CF en Lliga:<\/p><p>Local: 6-1 davant el Num\u00e0ncia (12\/13), 5-0 davant el Salamanca (98\/99), 5-0 davant del Celta (02\/03 i 16\/17), 5-0 al Tenerife (09\/10), 5 -1 davant la Reial Societat (13\/14) i 6-3 contra el Racing de Santander (03\/04).<\/p><p>Visitant: 1-5 davant el Mirand\u00e9s (12\/13), 1-5 davant Las Palmas (00\/01) i 0-4 davant la Reial Societat (04\/05).<\/p><p>Majors golejades a favor de Villarreal CF en Copa del Rei:<\/p><p>Local: 8-0 davant el Almer\u00eda (18\/19).<\/p><p>Visitant: 1-5 contra l&#8217;Espanyol (92\/93).<\/p><p>Majors golejades a favor de Villarreal CF en Intertoto:<\/p><p>Local: 2-0 enfront del Hafnarjourdur (02\/03), 2-0 davant el Torino (02\/03), 2-0 contra el Brescia (03\/04), 2-0 davant el Brno (03\/04), 2-0 contra l&#8217;Odense (04\/05) i 2-0 contra l&#8217;Atl\u00e8tic de Madrid (04\/05).<\/p><p>Visitant: 0-3 contra l&#8217;Odense (04\/05).<\/p><p>Majors golejades a favor de Villarreal CF en UEFA:<\/p><p>Local: 4-0 enfront del Egaleo (04\/05).<\/p><p>Visitant: 0-2 contra el Bate Borisov (07\/08).<\/p><p>Majors golejades a favor de Villarreal CF a la Champions League:<\/p><p>Local: 6-3 contra l&#8217;Aalborg (08\/09).<\/p><p>Visitant: 1-2 contra el Panathinaikos (08\/09), 1-2 davant l&#8217;Everton (05\/06), 0-1 davant del Benfica (05\/06).<\/p><p>Majors golejades a favor de Villarreal CF a Europa League:<\/p><p>Local: 6-1 al NAC Breda (09\/10), 4-0 contra l&#8217;Apollon Limassol (14\/15) i 4-0 enfront del Dinamo Minsk (15\/16).<\/p><p>Visitant: 1-3 al NAC Breda (09\/10), 0-2 al Levski (09\/10), 1-3 contra el Twente (10\/11) i 0-3 davant l&#8217;Astana (14\/15).<\/p><\/li><\/ul>\t\t\t\t\t\t\t\t<\/div>\n\t\t\t\t<\/div>\n\t\t\t\t\t<\/div>\n\t\t<\/div>\n\t\t\t\t\t<\/div>\n\t\t<\/section>\n\t\t\t\t<\/div>\n\t\t","protected":false},"excerpt":{"rendered":"R\u00e8cords hist\u00f2rics del Villarreal CF Futbolista amb m\u00e9s partits oficials: Bruno Soriano (425). Al final de la temporada 2019\/2020, el migcampista d&#8217;Artana va acumular amb la samarreta groga 325 partits de Lliga entre Primera (289) i Segona A (36), 72 a Europa entre Champions (16), Copa de la UEFA (6) , Europa League (49) i","protected":false},"author":1,"featured_media":0,"parent":0,"menu_order":0,"comment_status":"closed","ping_status":"closed","template":"page-templates\/no-wrapper.php","meta":{"_acf_changed":false,"footnotes":""},"class_list":["post-76330","page","type-page","status-publish"],"acf":[],"_links":{"self":[{"href":"https:\/\/villarrealcf.es\/val\/wp-json\/wp\/v2\/pages\/76330","targetHints":{"allow":["GET"]}}],"collection":[{"href":"https:\/\/villarrealcf.es\/val\/wp-json\/wp\/v2\/pages"}],"about":[{"href":"https:\/\/villarrealcf.es\/val\/wp-json\/wp\/v2\/types\/page"}],"author":[{"embeddable":true,"href":"https:\/\/villarrealcf.es\/val\/wp-json\/wp\/v2\/users\/1"}],"replies":[{"embeddable":true,"href":"https:\/\/villarrealcf.es\/val\/wp-json\/wp\/v2\/comments?post=76330"}],"version-history":[{"count":0,"href":"https:\/\/villarrealcf.es\/val\/wp-json\/wp\/v2\/pages\/76330\/revisions"}],"wp:attachment":[{"href":"https:\/\/villarrealcf.es\/val\/wp-json\/wp\/v2\/media?parent=76330"}],"curies":[{"name":"wp","href":"https:\/\/api.w.org\/{rel}","templated":true}]}}