{"id":620045,"date":"2026-02-03T13:38:19","date_gmt":"2026-02-03T12:38:19","guid":{"rendered":"https:\/\/villarrealcf.es\/sorteo-san-valentin-el-ceramista\/"},"modified":"2026-04-15T11:19:55","modified_gmt":"2026-04-15T09:19:55","slug":"sorteo-camiseta-retro-portero","status":"publish","type":"page","link":"https:\/\/villarrealcf.es\/val\/sorteo-camiseta-retro-portero\/","title":{"rendered":"Sorteo Camiseta Retro Portero"},"content":{"protected":false,"blocks":[{"type":"widget","widget":"shortcode.default","text":"Este contingut \u00e9s exclusiu per a usuaris registrats Registra't gratis i accedix a continguts exclusius Registra't gratis Ja est\u00e0s registrat\/a? Inicia sessi\u00f3"}],"structured":{"summary":{"text":"Este contingut \u00e9s exclusiu per a usuaris registrats Registra't gratis i accedix a continguts exclusius Registra't gratis Ja est\u00e0s registrat\/a? Inicia sessi\u00f3","headings":[],"buttons":[],"images":[],"counts":{"blocks":1,"headings":0,"texts":1,"buttons":0,"images":0},"containers":1},"sections":[{"id":"4e9d4e9","type":"container","classes":["has-el-gap","el-gap-default","elementor-section","elementor-top-section","elementor-element","elementor-element-4e9d4e9","elementor-section-full_width","elementor-section-height-default"],"title":"","text":"Este contingut \u00e9s exclusiu per a usuaris registrats Registra't gratis i accedix a continguts exclusius Registra't gratis Ja est\u00e0s registrat\/a? Inicia sessi\u00f3","headings":[],"texts":[{"type":"widget","widget":"shortcode.default","text":"Este contingut \u00e9s exclusiu per a usuaris registrats Registra't gratis i accedix a continguts exclusius Registra't gratis Ja est\u00e0s registrat\/a? Inicia sessi\u00f3"}],"buttons":[],"images":[],"widgets":["shortcode.default"],"blocks":[{"type":"widget","widget":"shortcode.default","text":"Este contingut \u00e9s exclusiu per a usuaris registrats Registra't gratis i accedix a continguts exclusius Registra't gratis Ja est\u00e0s registrat\/a? Inicia sessi\u00f3"}],"children":[]}],"hero":{"id":"4e9d4e9","type":"container","classes":["has-el-gap","el-gap-default","elementor-section","elementor-top-section","elementor-element","elementor-element-4e9d4e9","elementor-section-full_width","elementor-section-height-default"],"title":"","text":"Este contingut \u00e9s exclusiu per a usuaris registrats Registra't gratis i accedix a continguts exclusius Registra't gratis Ja est\u00e0s registrat\/a? Inicia sessi\u00f3","headings":[],"texts":[{"type":"widget","widget":"shortcode.default","text":"Este contingut \u00e9s exclusiu per a usuaris registrats Registra't gratis i accedix a continguts exclusius Registra't gratis Ja est\u00e0s registrat\/a? Inicia sessi\u00f3"}],"buttons":[],"images":[],"widgets":["shortcode.default"],"blocks":[{"type":"widget","widget":"shortcode.default","text":"Este contingut \u00e9s exclusiu per a usuaris registrats Registra't gratis i accedix a continguts exclusius Registra't gratis Ja est\u00e0s registrat\/a? Inicia sessi\u00f3"}],"children":[]}},"sections":[{"id":"4e9d4e9","title":"Este contingut \u00e9s exclusiu per a usuaris registrats Registra't gratis i accedix a continguts exclusius Registra't gratis Ja est\u00e0s registrat\/a? Inicia sessi\u00f3","text":"Este contingut \u00e9s exclusiu per a usuaris registrats Registra't gratis i accedix a continguts exclusius Registra't gratis Ja est\u00e0s registrat\/a? Inicia sessi\u00f3","url":"\/es","background_image":"","images":[{"url":"https:\/\/villarrealcf.es\/wp-content\/uploads\/2023\/04\/logo-villarreal-web.png","alt":"Home","width":0,"height":0}],"videos":[],"links":[{"url":"\/es","text":"","target":""},{"url":"https:\/\/id.sportsalliance.com\/oidc\/v1\/ocEkw9nHjUK-wPLsZocyxw\/connect\/authorize?response_type=code&client_id=XnDsdzjYhUCukpZs38_ajg&redirect_uri=https%3A%2F%2Fvillarrealcf.es%2Fval%2Fsorteo-camiseta-retro-portero%2F&scope=openid%20sso%3Aregister%3Alite","text":"Registra't gratis","target":""}]}]},"excerpt":{"rendered":"","protected":false},"author":1,"featured_media":0,"parent":0,"menu_order":0,"comment_status":"closed","ping_status":"closed","template":"page-templates\/no-wrapper.php","meta":{"_acf_changed":false,"footnotes":""},"acf":null,"lang":"val","translations":{"es":620042,"en":620044,"val":620045},"essential_grid":{"has_grid":false},"formatted_date":"February 3, 2026","modified_date":"April 15, 2026","permalink":"https:\/\/villarrealcf.es\/val\/sorteo-camiseta-retro-portero\/","reading_time":1,"featured_media_data":null,"author_data":{"id":"1","name":"root_envidea","first_name":"Villarreal CF","last_name":"","description":"","avatar_url":"https:\/\/secure.gravatar.com\/avatar\/48f95f42a3ccc324f3a3458e4b9e6fb070b083e99d388e170c1afb061fa99b63?s=96&d=mm&r=g","acf":null},"taxonomies_data":{"translation_priority":[{"id":735,"name":"Optional","slug":"optional-val","acf":null}]},"seo_full":{"native":{"title":"Sorteo Camiseta Retro Portero - Web Oficial del Villarreal CF","description":"[sorteo_entradas]","canonical":"https:\/\/villarrealcf.es\/val\/sorteo-camiseta-retro-portero\/"}},"_links":{"self":[{"href":"https:\/\/villarrealcf.es\/val\/wp-json\/wp\/v2\/pages\/620045","targetHints":{"allow":["GET"]}}],"collection":[{"href":"https:\/\/villarrealcf.es\/val\/wp-json\/wp\/v2\/pages"}],"about":[{"href":"https:\/\/villarrealcf.es\/val\/wp-json\/wp\/v2\/types\/page"}],"author":[{"embeddable":true,"href":"https:\/\/villarrealcf.es\/val\/wp-json\/wp\/v2\/users\/1"}],"replies":[{"embeddable":true,"href":"https:\/\/villarrealcf.es\/val\/wp-json\/wp\/v2\/comments?post=620045"}],"version-history":[{"count":9,"href":"https:\/\/villarrealcf.es\/val\/wp-json\/wp\/v2\/pages\/620045\/revisions"}],"predecessor-version":[{"id":628327,"href":"https:\/\/villarrealcf.es\/val\/wp-json\/wp\/v2\/pages\/620045\/revisions\/628327"}],"wp:attachment":[{"href":"https:\/\/villarrealcf.es\/val\/wp-json\/wp\/v2\/media?parent=620045"}],"curies":[{"name":"wp","href":"https:\/\/api.w.org\/{rel}","templated":true}]}}