{"id":600451,"date":"2025-07-31T00:22:03","date_gmt":"2025-07-30T22:22:03","guid":{"rendered":"https:\/\/villarrealcf.es\/sorteo-camiseta-firmada-mourino\/"},"modified":"2026-04-09T18:13:36","modified_gmt":"2026-04-09T16:13:36","slug":"sorteo-camiseta-retro","status":"publish","type":"page","link":"https:\/\/villarrealcf.es\/val\/sorteo-camiseta-retro\/","title":{"rendered":"Sorteo Camiseta Retro"},"content":{"protected":false,"blocks":[{"type":"widget","widget":"shortcode.default","text":"Este contingut \u00e9s exclusiu per a usuaris registrats Registra't gratis i accedix a continguts exclusius Registra't gratis Ja est\u00e0s registrat\/a? Inicia sessi\u00f3"}],"structured":{"summary":{"text":"Este contingut \u00e9s exclusiu per a usuaris registrats Registra't gratis i accedix a continguts exclusius Registra't gratis Ja est\u00e0s registrat\/a? Inicia sessi\u00f3","headings":[],"buttons":[],"images":[],"counts":{"blocks":1,"headings":0,"texts":1,"buttons":0,"images":0},"containers":1},"sections":[{"id":"4e9d4e9","type":"container","classes":["has-el-gap","el-gap-default","elementor-section","elementor-top-section","elementor-element","elementor-element-4e9d4e9","elementor-section-full_width","elementor-section-height-default"],"title":"","text":"Este contingut \u00e9s exclusiu per a usuaris registrats Registra't gratis i accedix a continguts exclusius Registra't gratis Ja est\u00e0s registrat\/a? Inicia sessi\u00f3","headings":[],"texts":[{"type":"widget","widget":"shortcode.default","text":"Este contingut \u00e9s exclusiu per a usuaris registrats Registra't gratis i accedix a continguts exclusius Registra't gratis Ja est\u00e0s registrat\/a? Inicia sessi\u00f3"}],"buttons":[],"images":[],"widgets":["shortcode.default"],"blocks":[{"type":"widget","widget":"shortcode.default","text":"Este contingut \u00e9s exclusiu per a usuaris registrats Registra't gratis i accedix a continguts exclusius Registra't gratis Ja est\u00e0s registrat\/a? Inicia sessi\u00f3"}],"children":[]}],"hero":{"id":"4e9d4e9","type":"container","classes":["has-el-gap","el-gap-default","elementor-section","elementor-top-section","elementor-element","elementor-element-4e9d4e9","elementor-section-full_width","elementor-section-height-default"],"title":"","text":"Este contingut \u00e9s exclusiu per a usuaris registrats Registra't gratis i accedix a continguts exclusius Registra't gratis Ja est\u00e0s registrat\/a? Inicia sessi\u00f3","headings":[],"texts":[{"type":"widget","widget":"shortcode.default","text":"Este contingut \u00e9s exclusiu per a usuaris registrats Registra't gratis i accedix a continguts exclusius Registra't gratis Ja est\u00e0s registrat\/a? Inicia sessi\u00f3"}],"buttons":[],"images":[],"widgets":["shortcode.default"],"blocks":[{"type":"widget","widget":"shortcode.default","text":"Este contingut \u00e9s exclusiu per a usuaris registrats Registra't gratis i accedix a continguts exclusius Registra't gratis Ja est\u00e0s registrat\/a? Inicia sessi\u00f3"}],"children":[]}},"sections":[{"id":"4e9d4e9","title":"Este contingut \u00e9s exclusiu per a usuaris registrats Registra't gratis i accedix a continguts exclusius Registra't gratis Ja est\u00e0s registrat\/a? Inicia sessi\u00f3","text":"Este contingut \u00e9s exclusiu per a usuaris registrats Registra't gratis i accedix a continguts exclusius Registra't gratis Ja est\u00e0s registrat\/a? Inicia sessi\u00f3","url":"\/es","background_image":"","images":[{"url":"https:\/\/villarrealcf.es\/wp-content\/uploads\/2023\/04\/logo-villarreal-web.png","alt":"Home","width":0,"height":0}],"videos":[],"links":[{"url":"\/es","text":"","target":""},{"url":"https:\/\/id.sportsalliance.com\/oidc\/v1\/ocEkw9nHjUK-wPLsZocyxw\/connect\/authorize?response_type=code&client_id=XnDsdzjYhUCukpZs38_ajg&redirect_uri=https%3A%2F%2Fvillarrealcf.es%2Fval%2Fsorteo-camiseta-retro%2F&scope=openid%20sso%3Aregister%3Alite","text":"Registra't gratis","target":""}]},{"id":"shortcode-outlet_groguet-69dd086f1ec96","type":"shortcode","shortcode":"outlet_groguet","attributes":[],"title":"Outlet Groguet","rendered":"<div class=\"content-registro\" style=\"background-color: #002246\">\r\n    <a href=\"\/es\" class=\"logo nuxt-link-active\" title=\"Home\">\r\n        <img title=\"Home\" alt=\"Home\" src=\"https:\/\/villarrealcf.es\/wp-content\/uploads\/2023\/04\/logo-villarreal-web.png\">\r\n    <\/a> \r\n    <p class=\"title\">Este contingut \u00e9s exclusiu per a usuaris registrats<\/p> \r\n    <p class=\"text\">Registra&#039;t gratis i accedix a continguts exclusius<\/p> \r\n    <div class=\"btns\">\r\n        <a class=\"btn-link focusable\" href=\"https:\/\/id.sportsalliance.com\/oidc\/v1\/ocEkw9nHjUK-wPLsZocyxw\/connect\/authorize?response_type=code&client_id=XnDsdzjYhUCukpZs38_ajg&redirect_uri=https%3A%2F%2Fvillarrealcf.es%2Fval%2Fsorteo-camiseta-retro%2F&scope=openid%20sso%3Aregister%3Alite\">Registra&#039;t gratis<\/a>\r\n    <\/div> \r\n    <div class=\"text-footer\">\r\n        <a class=\"text-login\" href=\"https:\/\/id.sportsalliance.com\/oidc\/v1\/ocEkw9nHjUK-wPLsZocyxw\/connect\/authorize?response_type=code&client_id=XnDsdzjYhUCukpZs38_ajg&redirect_uri=https%3A%2F%2Fvillarrealcf.es%2Fval%2Fsorteo-camiseta-retro%2F&scope=openid%20sso%3Aregister%3Alite\">Ja est\u00e0s registrat\/a?<span class=\"font-bold\"> Inicia sessi\u00f3<\/span><\/a>\r\n    <\/div>\r\n<\/div>\r\n","data":{"tabs":[],"matches":[],"images":[{"src":"https:\/\/villarrealcf.es\/wp-content\/uploads\/2023\/04\/logo-villarreal-web.png","alt":"Home","width":0,"height":0}],"links":[{"href":"\/es","text":"","target":""},{"href":"https:\/\/id.sportsalliance.com\/oidc\/v1\/ocEkw9nHjUK-wPLsZocyxw\/connect\/authorize?response_type=code&client_id=XnDsdzjYhUCukpZs38_ajg&redirect_uri=https%3A%2F%2Fvillarrealcf.es%2Fval%2Fsorteo-camiseta-retro%2F&scope=openid%20sso%3Aregister%3Alite","text":"Registra't gratis","target":""},{"href":"https:\/\/id.sportsalliance.com\/oidc\/v1\/ocEkw9nHjUK-wPLsZocyxw\/connect\/authorize?response_type=code&client_id=XnDsdzjYhUCukpZs38_ajg&redirect_uri=https%3A%2F%2Fvillarrealcf.es%2Fval%2Fsorteo-camiseta-retro%2F&scope=openid%20sso%3Aregister%3Alite","text":"Ja est\u00c3\u00a0s registrat\/a? Inicia sessi\u00c3\u00b3","target":""}]},"text":"","url":"","background_image":"","images":[],"videos":[],"links":[],"blocks":[]}]},"excerpt":{"rendered":"","protected":false},"author":1,"featured_media":0,"parent":0,"menu_order":0,"comment_status":"closed","ping_status":"closed","template":"page-templates\/no-wrapper.php","meta":{"_acf_changed":false,"footnotes":""},"acf":null,"lang":"val","essential_grid":{"has_grid":false},"formatted_date":"July 31, 2025","modified_date":"April 9, 2026","permalink":"https:\/\/villarrealcf.es\/val\/sorteo-camiseta-retro\/","reading_time":1,"featured_media_data":null,"author_data":{"id":"1","name":"root_envidea","first_name":"Villarreal CF","last_name":"","description":"","avatar_url":"https:\/\/secure.gravatar.com\/avatar\/48f95f42a3ccc324f3a3458e4b9e6fb070b083e99d388e170c1afb061fa99b63?s=96&d=mm&r=g","acf":null},"taxonomies_data":{"translation_priority":[{"id":735,"name":"Optional","slug":"optional-val","acf":null}]},"seo_full":{"native":{"title":"Sorteo Camiseta Retro - Web Oficial del Villarreal CF","description":"[outlet_groguet]","canonical":"https:\/\/villarrealcf.es\/val\/sorteo-camiseta-retro\/"}},"_links":{"self":[{"href":"https:\/\/villarrealcf.es\/val\/wp-json\/wp\/v2\/pages\/600451","targetHints":{"allow":["GET"]}}],"collection":[{"href":"https:\/\/villarrealcf.es\/val\/wp-json\/wp\/v2\/pages"}],"about":[{"href":"https:\/\/villarrealcf.es\/val\/wp-json\/wp\/v2\/types\/page"}],"author":[{"embeddable":true,"href":"https:\/\/villarrealcf.es\/val\/wp-json\/wp\/v2\/users\/1"}],"replies":[{"embeddable":true,"href":"https:\/\/villarrealcf.es\/val\/wp-json\/wp\/v2\/comments?post=600451"}],"version-history":[{"count":22,"href":"https:\/\/villarrealcf.es\/val\/wp-json\/wp\/v2\/pages\/600451\/revisions"}],"predecessor-version":[{"id":625198,"href":"https:\/\/villarrealcf.es\/val\/wp-json\/wp\/v2\/pages\/600451\/revisions\/625198"}],"wp:attachment":[{"href":"https:\/\/villarrealcf.es\/val\/wp-json\/wp\/v2\/media?parent=600451"}],"curies":[{"name":"wp","href":"https:\/\/api.w.org\/{rel}","templated":true}]}}