{"id":337923,"date":"2025-02-20T13:44:48","date_gmt":"2025-02-20T12:44:48","guid":{"rendered":"https:\/\/villarrealcf.es\/faqs-android\/"},"modified":"2025-08-27T16:40:49","modified_gmt":"2025-08-27T14:40:49","slug":"faqs-android","status":"publish","type":"page","link":"https:\/\/villarrealcf.es\/val\/faqs-android\/","title":{"rendered":"FAQs Android"},"content":{"rendered":"\t\t<div data-elementor-type=\"wp-page\" data-elementor-id=\"337923\" class=\"elementor elementor-337923 elementor-337863\" data-elementor-post-type=\"page\">\n\t\t\t\t\t\t<section class=\"has-el-gap el-gap-default elementor-section elementor-top-section elementor-element elementor-element-a9632c7 elementor-section-boxed elementor-section-height-default elementor-section-height-default\" data-id=\"a9632c7\" data-element_type=\"section\" data-e-type=\"section\">\n\t\t\t\t\t\t<div class=\"elementor-container elementor-column-gap-no\">\n\t\t\t\t\t<div class=\"elementor-column elementor-col-100 elementor-top-column elementor-element elementor-element-923ff7e\" data-id=\"923ff7e\" data-element_type=\"column\" data-e-type=\"column\">\n\t\t\t<div class=\"elementor-widget-wrap elementor-element-populated\">\n\t\t\t\t\t\t<div class=\"elementor-element elementor-element-3e36506 elementor-widget elementor-widget-image\" data-id=\"3e36506\" data-element_type=\"widget\" data-e-type=\"widget\" data-widget_type=\"image.default\">\n\t\t\t\t<div class=\"elementor-widget-container\">\n\t\t\t\t\t\t\t\t\t\t\t\t\t\t\t<img loading=\"lazy\" decoding=\"async\" loading=\"lazy\" width=\"1600\" height=\"900\" src=\"https:\/\/villarrealcf.es\/wp-content\/uploads\/2025\/02\/faqs_Android_val.jpeg\" class=\"attachment-full size-full wp-image-579926\" alt=\"\" srcset=\"https:\/\/villarrealcf.es\/wp-content\/uploads\/2025\/02\/faqs_Android_val.jpeg 1600w, https:\/\/villarrealcf.es\/wp-content\/uploads\/2025\/02\/faqs_Android_val.jpeg 1920w, https:\/\/villarrealcf.es\/wp-content\/uploads\/2025\/02\/faqs_Android_val-1536x864.jpeg 1536w, https:\/\/villarrealcf.es\/wp-content\/uploads\/2025\/02\/faqs_Android_val.jpeg 1920w, https:\/\/villarrealcf.es\/wp-content\/uploads\/2025\/02\/faqs_Android_val.jpeg 1920w, https:\/\/villarrealcf.es\/wp-content\/uploads\/2025\/02\/faqs_Android_val-32x18.jpeg 32w, https:\/\/villarrealcf.es\/wp-content\/uploads\/2025\/02\/faqs_Android_val-150x84.jpeg 150w, https:\/\/villarrealcf.es\/wp-content\/uploads\/2025\/02\/faqs_Android_val.jpeg 1920w, https:\/\/villarrealcf.es\/wp-content\/uploads\/2025\/02\/faqs_Android_val-1200x675.jpeg 1200w\" sizes=\"auto, (max-width: 1600px) 100vw, 1600px\" title=\"\">\t\t\t\t\t\t\t\t\t\t\t\t\t\t\t<\/div>\n\t\t\t\t<\/div>\n\t\t\t\t\t<\/div>\n\t\t<\/div>\n\t\t\t\t\t<\/div>\n\t\t<\/section>\n\t\t\t\t<section class=\"has-el-gap el-gap-default elementor-section elementor-top-section elementor-element elementor-element-d88c048 elementor-section-boxed elementor-section-height-default elementor-section-height-default\" data-id=\"d88c048\" data-element_type=\"section\" data-e-type=\"section\">\n\t\t\t\t\t\t<div class=\"elementor-container elementor-column-gap-no\">\n\t\t\t\t\t<div class=\"elementor-column elementor-col-100 elementor-top-column elementor-element elementor-element-918b359\" data-id=\"918b359\" data-element_type=\"column\" data-e-type=\"column\">\n\t\t\t<div class=\"elementor-widget-wrap elementor-element-populated\">\n\t\t\t\t\t\t<div class=\"elementor-element elementor-element-4d60649 elementor-widget elementor-widget-text-editor\" data-id=\"4d60649\" data-element_type=\"widget\" data-e-type=\"widget\" data-widget_type=\"text-editor.default\">\n\t\t\t\t<div class=\"elementor-widget-container\">\n\t\t\t\t\t\t\t\t\t<p><strong>1: Qu\u00e8 \u00e9s un Abonament NFC?<\/strong><\/p><p>Un abonament NFC \u00e9s un abonament digital que es pot emmagatzemar en l&#8217;aplicaci\u00f3 Google Wallet del teu tel\u00e8fon intel\u00b7ligent i\/o smartwatch Android, i es pot utilitzar per a ingressar a l&#8217;Estadio de la Cer\u00e1mica simplement acostant el teu dispositiu al lector a la porta.<\/p><p>Des del 10 de juny de 2024, la Google Wallet requerix Android 9 o una versi\u00f3 posterior en el tel\u00e8fon. Si tens una Google Wallet en el rellotge, es requerix Wear US 2.18 o una versi\u00f3 posterior.Consulta aqu\u00ed para obtener m\u00e1s detalles.\u00a0<a href=\"https:\/\/support.google.com\/wallet\/answer\/12653781\" rel=\"nofollow noopener\" target=\"_blank\">https:\/\/support.google.com\/wallet\/answer\/12653781<\/a><\/p><p><strong>2: Per qu\u00e8 utilitzar un abonament NFC?<\/strong><\/p><p>Els abonament NFC per a tel\u00e8fon intel\u00b7ligent i\/o smartwatch Android s\u00f3n m\u00e9s f\u00e0cils, r\u00e0pids i segurs d&#8217;usar, eliminant la necessitat de buscar en butxaques o carteres. A m\u00e9s, els clients ja no han de preocupar-se per perdre la seua entrada f\u00edsica.<\/p><p><strong>3: Com agregue el meu abonament NFC al Google Wallet?<\/strong><\/p><p>Inicialment, els abonaments es rebran a trav\u00e9s d&#8217;un correu electr\u00f2nic que inclou un enlla\u00e7 per a agregar l&#8217;entrada digital al Google Wallet. Si no tens instal\u00b7lada l&#8217;app del Google Wallet, se&#8217;t sol\u00b7licitar\u00e0 que la descarregues. Per a descarregar l&#8217;app i agregar el bitllet o l&#8217;entrada, seguix les instruccions en pantalla.<\/p><p><strong>4: Com puc veure tots els meus abonaments digitals?<\/strong><\/p><p>Tots els abonaments que hages agregat es poden veure obrint Google Wallet en el teu tel\u00e8fon intel\u00b7ligent o smartwatch Android.<\/p><p><strong>5: Puc enviar un abonament digital a una altra persona?<\/strong><\/p><p>Pots compartir alguns abonaments del teu Google Wallet amb la d&#8217;una altra persona. Seguix estos passos per a compartir passes, entrades i targetes:<\/p><p>Pressiona Compartir.<\/p><ol><li>Pots compartir un Abonament si t\u00e9 l&#8217;opci\u00f3 Compartir en la part superior.<\/li><li>Pressiona Compartir ahora.<\/li><\/ol><ul><li>Una vegada que compartisques el vincle, el destinatari li ho podr\u00e0 reexpedir a qualsevol persona.<\/li><li style=\"margin-bottom: 20px;\">Despr\u00e9s que compartisques el vincle, no podr\u00e0s anul\u00b7lar l&#8217;enviament.<\/li><\/ul><p><strong>6: Puc tindre diversos abonaments en un sol tel\u00e8fon intel\u00b7ligent i\/o smartwatch Android?<\/strong><\/p><p>S\u00ed, es poden descarregar diversos abonaments digitals en un sol tel\u00e8fon intel\u00b7ligent o smartwatch Android. Una vegada seleccionades, pots esvarar cap a l&#8217;esquerra i cap a la dreta per a veure tots els que tens disponibles.<\/p><p><strong>7: Com faig l\u2019ingr\u00e9s a l&#8217;Estadio de la Cer\u00e1mica amb la meua entrada?<\/strong><\/p><p>Rebr\u00e0s una notificaci\u00f3 quan t&#8217;apropes a l&#8217;Estadio de la Cer\u00e1mica, indicant els abonaments que tens disponibles. Quan t&#8217;acostes al lector, toca la notificaci\u00f3 per a seleccionar el corresponent, busca el logotip sense contacte en el lector i toca el teu tel\u00e8fon intel\u00b7ligent o smartwatch Android. Si tens diversos abonaments pots esvarar cap a l&#8217;esquerra o cap a la dreta per a accedir a ells d&#8217;un en un i passar-los pel lector per a ingressar. Si no reps la notificaci\u00f3, pots accedir als teus abonaments digitals obrint Google Wallet i despla\u00e7ant-te per a trobar l&#8217;abonament correcte.<\/p><p><strong>8: Com trobe el meu abonament si la notificaci\u00f3 no apareix autom\u00e0ticament en la pantalla del meu tel\u00e8fon intel\u00b7ligent Android?<\/strong><\/p><p>Si no ho aconseguixes, pressiona el tel\u00e8fon quan estigues enfront del torn:<\/p><ul><li>Obri l&#8217;app de la Google Wallet.<\/li><li>Despla\u00e7a&#8217;t cap amunt per a trobar el teu abonament.<\/li><li>Pressiona el abonament.<\/li><li style=\"margin-bottom: 20px;\">Acosta el tel\u00e8fon a la icona circular de lectura sense fil situat en la part superior del torn.<\/li><\/ul><p><strong>9: No he rebut una notificaci\u00f3 en la pantalla de bloqueig del meu tel\u00e8fon intel\u00b7ligent Android.<\/strong><\/p><p>La notificaci\u00f3 en la pantalla de bloqueig es basa en la teua proximitat al lloc, i si els Servicis d&#8217;Ubicaci\u00f3 estan desactivats no es mostrar\u00e0. Per a habilitar els servicis d&#8217;ubicaci\u00f3:<\/p><ol><li>En Configuraci\u00f3, selecciona Privacitat i despr\u00e9s Servici d&#8217;ubicaci\u00f3.<\/li><li>Habilita els Servicis d&#8217;Ubicaci\u00f3 si estan desactivats.<\/li><li style=\"margin-bottom: 20px;\">Despla\u00e7a&#8217;t cap avall i assegura&#8217;t que l&#8217;aplicaci\u00f3 Google Wallet tinga seleccionada l&#8217;opci\u00f3 \u201cMentres s&#8217;usa l&#8217;aplicaci\u00f3\u201d.<\/li><\/ol><p><strong>10: Puc eliminar el meu abonament digital?<\/strong><\/p><p>Per descomptat. Per a eliminar el teu abonament digital del teu tel\u00e8fon intel\u00b7ligent Android, seguix els seg\u00fcents passos:<\/p><ol><li>En el teu tel\u00e8fon, obri l&#8217;app de Google Wallet.<\/li><li>Busca l&#8217;Abonament que vols portar.<\/li><li>Pressiona l&#8217;abonament.<\/li><li>En la part superior dreta, pressiona M\u00e1s.<\/li><li>Presiona Quitar.<\/li><\/ol><ol><li style=\"list-style-type: none;\"><ol><li style=\"list-style-type: none;\">\u00a0<\/li><\/ol><\/li><\/ol><p>Si vols eliminar-les del teu smartwatch Android:<\/p><ol><li>En el rellotge intel\u00b7ligent, obri l&#8217;app de Google Wallet.<\/li><li>Despla\u00e7a&#8217;t fins a l&#8217;abonament que vulgues llevar i pressiona&#8217;l.<\/li><li>Despla\u00e7a&#8217;t per la pantalla de detalls de l&#8217;abonament.<\/li><li style=\"margin-bottom: 20px;\">Pressiona Quitar Abono.<\/li><\/ol><p><strong>11: A qui puc contactar si tinc alguna pregunta?<\/strong><\/p><p>Si tens alguna pregunta sobre la teua entrada digital, comunica&#8217;t amb taquilles: <a href=\"mailto:taquillas@villarrealcf.es\">taquillas@villarrealcf.es<\/a><\/p><p><strong>12: Puc continuar utilitzant el meu Abonament f\u00edsic?<\/strong><\/p><p style=\"font-weight: 400;\">S\u00ed, si has acordat rebre un abonament f\u00edsic, este es pot usar per a accedir a l&#8217;Estadio de la Cer\u00e1mica, no obstant aix\u00f2, una vegada l&#8217;abonament f\u00edsic haja sigut escanejat, el digital ja no permetr\u00e0 l&#8217;ingr\u00e9s.<\/p>\t\t\t\t\t\t\t\t<\/div>\n\t\t\t\t<\/div>\n\t\t\t\t<div class=\"elementor-element elementor-element-6983a04 elementor-widget elementor-widget-video\" data-id=\"6983a04\" data-element_type=\"widget\" data-e-type=\"widget\" data-settings=\"{&quot;video_type&quot;:&quot;vimeo&quot;}\" data-widget_type=\"video.default\">\n\t\t\t\t<div class=\"elementor-widget-container\">\n\t\t\t\t\t\t\t<div class=\"elementor-wrapper elementor-open-inline\">\n\t\t\t<iframe class=\"elementor-video-iframe\" allowfullscreen allow=\"clipboard-write\" title=\"vimeo Video Player\" src=\"https:\/\/player.vimeo.com\/video\/1068080834?color&amp;autopause=0&amp;loop=0&amp;muted=0&amp;title=1&amp;portrait=1&amp;byline=1#t=\"><\/iframe>\t\t<\/div>\n\t\t\t\t\t\t<\/div>\n\t\t\t\t<\/div>\n\t\t\t\t\t<\/div>\n\t\t<\/div>\n\t\t\t\t\t<\/div>\n\t\t<\/section>\n\t\t\t\t<\/div>\n\t\t","protected":false},"excerpt":{"rendered":"1: Qu\u00e8 \u00e9s un Abonament NFC?Un abonament NFC \u00e9s un abonament digital que es pot emmagatzemar en l&#8217;aplicaci\u00f3 Google Wallet del teu tel\u00e8fon intel\u00b7ligent i\/o smartwatch Android, i es pot utilitzar per a ingressar a l&#8217;Estadio de la Cer\u00e1mica simplement acostant el teu dispositiu al lector a la porta.Des del 10 de juny de 2024,","protected":false},"author":1,"featured_media":0,"parent":0,"menu_order":0,"comment_status":"closed","ping_status":"closed","template":"page-templates\/no-wrapper.php","meta":{"_acf_changed":false,"footnotes":""},"class_list":["post-337923","page","type-page","status-publish"],"acf":[],"_links":{"self":[{"href":"https:\/\/villarrealcf.es\/val\/wp-json\/wp\/v2\/pages\/337923","targetHints":{"allow":["GET"]}}],"collection":[{"href":"https:\/\/villarrealcf.es\/val\/wp-json\/wp\/v2\/pages"}],"about":[{"href":"https:\/\/villarrealcf.es\/val\/wp-json\/wp\/v2\/types\/page"}],"author":[{"embeddable":true,"href":"https:\/\/villarrealcf.es\/val\/wp-json\/wp\/v2\/users\/1"}],"replies":[{"embeddable":true,"href":"https:\/\/villarrealcf.es\/val\/wp-json\/wp\/v2\/comments?post=337923"}],"version-history":[{"count":7,"href":"https:\/\/villarrealcf.es\/val\/wp-json\/wp\/v2\/pages\/337923\/revisions"}],"predecessor-version":[{"id":602409,"href":"https:\/\/villarrealcf.es\/val\/wp-json\/wp\/v2\/pages\/337923\/revisions\/602409"}],"wp:attachment":[{"href":"https:\/\/villarrealcf.es\/val\/wp-json\/wp\/v2\/media?parent=337923"}],"curies":[{"name":"wp","href":"https:\/\/api.w.org\/{rel}","templated":true}]}}