{"id":330452,"date":"2024-12-17T13:30:14","date_gmt":"2024-12-17T12:30:14","guid":{"rendered":"https:\/\/villarrealcf.es\/carnet-soc-groguet\/"},"modified":"2026-02-19T13:04:17","modified_gmt":"2026-02-19T12:04:17","slug":"carnet-soc-groguet","status":"publish","type":"page","link":"https:\/\/villarrealcf.es\/val\/carnet-soc-groguet\/","title":{"rendered":"Carnet Soc Groguet"},"content":{"protected":false,"blocks":[{"type":"heading","widget":"heading","level":2,"text":"CARNET SOC GROGUET 25\/26"},{"type":"text","widget":"text-editor","text":"Forma part de la fam\u00edlia del Villarreal CF i gaudix dels seus avantatgesPack de benvingudaPots accedir a la compra d\u2019entrades visitants quan el Villarreal jugue fora de l\u2019Estadio de la Cer\u00e1micaTots els partits del Villarreal B i Villarreal Femen\u00edParticipa en el Dia del SimpatitzantDescomptes en entrades, tenda en l\u00ednia i Inmersi\u00f3n VillarrealI moltes coses m\u00e9s\u2026","paragraphs":["Forma part de la fam\u00edlia del Villarreal CF i gaudix dels seus avantatges","I moltes coses m\u00e9s\u2026"]},{"type":"button","widget":"button","text":"ESGOTAT","url":""},{"type":"widget","widget":"smartmag-heading.default","text":"AVANTATGES"},{"type":"widget","widget":"eael-info-box.default","text":"Disponible a la Tenda Online o Tendes Oficials"},{"type":"widget","widget":"eael-info-box.default","text":"50 euros"},{"type":"widget","widget":"eael-info-box.default","text":"4 ENTRADES AL 50%"},{"type":"widget","widget":"eael-info-box.default","text":"Pack de benvinguda"},{"type":"widget","widget":"eael-info-box.default","text":"Descomptes especials"},{"type":"widget","widget":"eael-info-box.default","text":"Acc\u00e9s a compra d'entrades visitants"},{"type":"widget","widget":"eael-info-box.default","text":"Experi\u00e8ncies \u00faniques"},{"type":"button","widget":"button","text":"+ INFO","url":"#elementor-action%3Aaction%3Dpopup%3Aopen%26settings%3DeyJpZCI6MzMwNDYzLCJ0b2dnbGUiOmZhbHNlfQ%3D%3D"}],"structured":{"summary":{"text":"CARNET SOC GROGUET 25\/26 Forma part de la fam\u00edlia del Villarreal CF i gaudix dels seus avantatgesPack de benvingudaPots accedir a la compra d\u2019entrades visitants quan el Villarreal jugue fora de l\u2019Estadio de la Cer\u00e1micaTots els partits del Villarreal B i Villarreal Femen\u00edParticipa en el Dia del SimpatitzantDescomptes en entrades, tenda en l\u00ednia i Inmersi\u00f3n VillarrealI moltes coses m\u00e9s\u2026 ESGOTAT AVANTATGES Disponible a la Tenda Online o Tendes Oficials 50 euros 4 ENTRADES AL 50% Pack de benvinguda Descomptes especials Acc\u00e9s a compra d'entrades visitants Experi\u00e8ncies \u00faniques + INFO","headings":[{"type":"heading","widget":"heading","level":2,"text":"CARNET SOC GROGUET 25\/26"}],"buttons":[{"type":"button","widget":"button","text":"ESGOTAT","url":""},{"type":"button","widget":"button","text":"+ INFO","url":"#elementor-action%3Aaction%3Dpopup%3Aopen%26settings%3DeyJpZCI6MzMwNDYzLCJ0b2dnbGUiOmZhbHNlfQ%3D%3D"}],"images":[],"counts":{"blocks":12,"headings":1,"texts":9,"buttons":2,"images":0},"containers":2},"sections":[{"id":"cbf99b4","type":"container","classes":["has-el-gap","el-gap-default","elementor-section","elementor-top-section","elementor-element","elementor-element-cbf99b4","elementor-section-full_width","elementor-section-height-min-height","elementor-section-items-top","elementor-section-content-top","elementor-section-height-default"],"title":"CARNET SOC GROGUET 25\/26","text":"CARNET SOC GROGUET 25\/26 Forma part de la fam\u00edlia del Villarreal CF i gaudix dels seus avantatgesPack de benvingudaPots accedir a la compra d\u2019entrades visitants quan el Villarreal jugue fora de l\u2019Estadio de la Cer\u00e1micaTots els partits del Villarreal B i Villarreal Femen\u00edParticipa en el Dia del SimpatitzantDescomptes en entrades, tenda en l\u00ednia i Inmersi\u00f3n VillarrealI moltes coses m\u00e9s\u2026 ESGOTAT","headings":[{"type":"heading","widget":"heading","level":2,"text":"CARNET SOC GROGUET 25\/26"}],"texts":[{"type":"text","widget":"text-editor","text":"Forma part de la fam\u00edlia del Villarreal CF i gaudix dels seus avantatgesPack de benvingudaPots accedir a la compra d\u2019entrades visitants quan el Villarreal jugue fora de l\u2019Estadio de la Cer\u00e1micaTots els partits del Villarreal B i Villarreal Femen\u00edParticipa en el Dia del SimpatitzantDescomptes en entrades, tenda en l\u00ednia i Inmersi\u00f3n VillarrealI moltes coses m\u00e9s\u2026","paragraphs":["Forma part de la fam\u00edlia del Villarreal CF i gaudix dels seus avantatges","I moltes coses m\u00e9s\u2026"]}],"buttons":[{"type":"button","widget":"button","text":"ESGOTAT","url":""}],"images":[],"widgets":["heading","text-editor","button"],"blocks":[{"type":"heading","widget":"heading","level":2,"text":"CARNET SOC GROGUET 25\/26"},{"type":"text","widget":"text-editor","text":"Forma part de la fam\u00edlia del Villarreal CF i gaudix dels seus avantatgesPack de benvingudaPots accedir a la compra d\u2019entrades visitants quan el Villarreal jugue fora de l\u2019Estadio de la Cer\u00e1micaTots els partits del Villarreal B i Villarreal Femen\u00edParticipa en el Dia del SimpatitzantDescomptes en entrades, tenda en l\u00ednia i Inmersi\u00f3n VillarrealI moltes coses m\u00e9s\u2026","paragraphs":["Forma part de la fam\u00edlia del Villarreal CF i gaudix dels seus avantatges","I moltes coses m\u00e9s\u2026"]},{"type":"button","widget":"button","text":"ESGOTAT","url":""}],"children":[]},{"id":"e171432","type":"container","classes":["has-el-gap","el-gap-default","elementor-section","elementor-top-section","elementor-element","elementor-element-e171432","elementor-section-full_width","elementor-section-height-default"],"title":"","text":"AVANTATGES","headings":[],"texts":[{"type":"widget","widget":"smartmag-heading.default","text":"AVANTATGES"}],"buttons":[],"images":[],"widgets":["smartmag-heading.default"],"blocks":[{"type":"widget","widget":"smartmag-heading.default","text":"AVANTATGES"}],"children":[{"id":"a82cd18","type":"container","classes":["has-el-gap","el-gap-default","elementor-section","elementor-inner-section","elementor-element","elementor-element-a82cd18","elementor-section-boxed","elementor-section-height-default"],"title":"","text":"Disponible a la Tenda Online o Tendes Oficials 50 euros 4 ENTRADES AL 50% Pack de benvinguda","headings":[],"texts":[{"type":"widget","widget":"eael-info-box.default","text":"Disponible a la Tenda Online o Tendes Oficials"},{"type":"widget","widget":"eael-info-box.default","text":"50 euros"},{"type":"widget","widget":"eael-info-box.default","text":"4 ENTRADES AL 50%"},{"type":"widget","widget":"eael-info-box.default","text":"Pack de benvinguda"}],"buttons":[],"images":[],"widgets":["eael-info-box.default"],"blocks":[{"type":"widget","widget":"eael-info-box.default","text":"Disponible a la Tenda Online o Tendes Oficials"},{"type":"widget","widget":"eael-info-box.default","text":"50 euros"},{"type":"widget","widget":"eael-info-box.default","text":"4 ENTRADES AL 50%"},{"type":"widget","widget":"eael-info-box.default","text":"Pack de benvinguda"}],"children":[]},{"id":"dc7c417","type":"container","classes":["has-el-gap","el-gap-default","elementor-section","elementor-inner-section","elementor-element","elementor-element-dc7c417","elementor-section-boxed","elementor-section-height-default"],"title":"","text":"Descomptes especials Acc\u00e9s a compra d'entrades visitants Experi\u00e8ncies \u00faniques","headings":[],"texts":[{"type":"widget","widget":"eael-info-box.default","text":"Descomptes especials"},{"type":"widget","widget":"eael-info-box.default","text":"Acc\u00e9s a compra d'entrades visitants"},{"type":"widget","widget":"eael-info-box.default","text":"Experi\u00e8ncies \u00faniques"}],"buttons":[],"images":[],"widgets":["eael-info-box.default"],"blocks":[{"type":"widget","widget":"eael-info-box.default","text":"Descomptes especials"},{"type":"widget","widget":"eael-info-box.default","text":"Acc\u00e9s a compra d'entrades visitants"},{"type":"widget","widget":"eael-info-box.default","text":"Experi\u00e8ncies \u00faniques"}],"children":[]},{"id":"fc7dfe2","type":"container","classes":["has-el-gap","el-gap-default","elementor-section","elementor-inner-section","elementor-element","elementor-element-fc7dfe2","elementor-section-boxed","elementor-section-height-default"],"title":"","text":"+ INFO","headings":[],"texts":[],"buttons":[{"type":"button","widget":"button","text":"+ INFO","url":"#elementor-action%3Aaction%3Dpopup%3Aopen%26settings%3DeyJpZCI6MzMwNDYzLCJ0b2dnbGUiOmZhbHNlfQ%3D%3D"}],"images":[],"widgets":["button"],"blocks":[{"type":"button","widget":"button","text":"+ INFO","url":"#elementor-action%3Aaction%3Dpopup%3Aopen%26settings%3DeyJpZCI6MzMwNDYzLCJ0b2dnbGUiOmZhbHNlfQ%3D%3D"}],"children":[]}]}],"hero":{"id":"cbf99b4","type":"container","classes":["has-el-gap","el-gap-default","elementor-section","elementor-top-section","elementor-element","elementor-element-cbf99b4","elementor-section-full_width","elementor-section-height-min-height","elementor-section-items-top","elementor-section-content-top","elementor-section-height-default"],"title":"CARNET SOC GROGUET 25\/26","text":"CARNET SOC GROGUET 25\/26 Forma part de la fam\u00edlia del Villarreal CF i gaudix dels seus avantatgesPack de benvingudaPots accedir a la compra d\u2019entrades visitants quan el Villarreal jugue fora de l\u2019Estadio de la Cer\u00e1micaTots els partits del Villarreal B i Villarreal Femen\u00edParticipa en el Dia del SimpatitzantDescomptes en entrades, tenda en l\u00ednia i Inmersi\u00f3n VillarrealI moltes coses m\u00e9s\u2026 ESGOTAT","headings":[{"type":"heading","widget":"heading","level":2,"text":"CARNET SOC GROGUET 25\/26"}],"texts":[{"type":"text","widget":"text-editor","text":"Forma part de la fam\u00edlia del Villarreal CF i gaudix dels seus avantatgesPack de benvingudaPots accedir a la compra d\u2019entrades visitants quan el Villarreal jugue fora de l\u2019Estadio de la Cer\u00e1micaTots els partits del Villarreal B i Villarreal Femen\u00edParticipa en el Dia del SimpatitzantDescomptes en entrades, tenda en l\u00ednia i Inmersi\u00f3n VillarrealI moltes coses m\u00e9s\u2026","paragraphs":["Forma part de la fam\u00edlia del Villarreal CF i gaudix dels seus avantatges","I moltes coses m\u00e9s\u2026"]}],"buttons":[{"type":"button","widget":"button","text":"ESGOTAT","url":""}],"images":[],"widgets":["heading","text-editor","button"],"blocks":[{"type":"heading","widget":"heading","level":2,"text":"CARNET SOC GROGUET 25\/26"},{"type":"text","widget":"text-editor","text":"Forma part de la fam\u00edlia del Villarreal CF i gaudix dels seus avantatgesPack de benvingudaPots accedir a la compra d\u2019entrades visitants quan el Villarreal jugue fora de l\u2019Estadio de la Cer\u00e1micaTots els partits del Villarreal B i Villarreal Femen\u00edParticipa en el Dia del SimpatitzantDescomptes en entrades, tenda en l\u00ednia i Inmersi\u00f3n VillarrealI moltes coses m\u00e9s\u2026","paragraphs":["Forma part de la fam\u00edlia del Villarreal CF i gaudix dels seus avantatges","I moltes coses m\u00e9s\u2026"]},{"type":"button","widget":"button","text":"ESGOTAT","url":""}],"children":[]}},"sections":[{"id":"cbf99b4","title":"CARNET SOC GROGUET 25\/26","text":"CARNET SOC GROGUET 25\/26 Forma part de la fam\u00edlia del Villarreal CF i gaudix dels seus avantatgesPack de benvingudaPots accedir a la compra d\u2019entrades visitants quan el Villarreal jugue fora de l\u2019Estadio de la Cer\u00e1micaTots els partits del Villarreal B i Villarreal Femen\u00edParticipa en el Dia del SimpatitzantDescomptes en entrades, tenda en l\u00ednia i Inmersi\u00f3n VillarrealI moltes coses m\u00e9s\u2026 ESGOTAT","url":"","background_image":"","images":[],"videos":[],"links":[]},{"id":"e171432","title":"+ INFO","text":"AVANTATGES Disponible a la Tenda Online o Tendes Oficials 50 euros 4 ENTRADES AL 50% Pack de benvinguda Descomptes especials Acc\u00e9s a compra d'entrades visitants Experi\u00e8ncies \u00faniques + INFO","url":"#elementor-action%3Aaction%3Dpopup%3Aopen%26settings%3DeyJpZCI6MzMwNDYzLCJ0b2dnbGUiOmZhbHNlfQ%3D%3D","background_image":"","images":[{"url":"https:\/\/villarrealcf.es\/wp-content\/uploads\/2024\/12\/store-front.png","alt":"","width":0,"height":0},{"url":"https:\/\/villarrealcf.es\/wp-content\/uploads\/2024\/12\/euro.png","alt":"","width":0,"height":0},{"url":"https:\/\/villarrealcf.es\/wp-content\/uploads\/2024\/12\/billete.png","alt":"","width":0,"height":0},{"url":"https:\/\/villarrealcf.es\/wp-content\/uploads\/2024\/12\/paquete.png","alt":"","width":0,"height":0},{"url":"https:\/\/villarrealcf.es\/wp-content\/uploads\/2024\/12\/rebaja.png","alt":"","width":0,"height":0},{"url":"https:\/\/villarrealcf.es\/wp-content\/uploads\/2024\/12\/tarjeta-de-identificacion.png","alt":"","width":0,"height":0},{"url":"https:\/\/villarrealcf.es\/wp-content\/uploads\/2024\/12\/bufanda-1.png","alt":"","width":0,"height":0}],"videos":[],"links":[{"url":"#elementor-action%3Aaction%3Dpopup%3Aopen%26settings%3DeyJpZCI6MzMwNDYzLCJ0b2dnbGUiOmZhbHNlfQ%3D%3D","text":"+ INFO","target":"_blank"}]}]},"excerpt":{"rendered":"CARNET SOC GROGUET 25\/26 Forma part de la fam\u00edlia del Villarreal CF i gaudix dels seus avantatgesPack de benvingudaPots accedir a la compra d&#8217;entrades visitants quan el Villarreal jugue fora de l\u2019Estadio de la Cer\u00e1micaTots els partits del Villarreal B i Villarreal Femen\u00edParticipa en el Dia del SimpatitzantDescomptes en entrades, tenda en l\u00ednia i Inmersi\u00f3n","protected":false},"author":1,"featured_media":0,"parent":0,"menu_order":0,"comment_status":"closed","ping_status":"closed","template":"page-templates\/no-wrapper.php","meta":{"_acf_changed":false,"footnotes":""},"acf":null,"lang":"val","translations":{"es":329278,"en":330451,"val":330452},"essential_grid":{"has_grid":false},"formatted_date":"December 17, 2024","modified_date":"February 19, 2026","permalink":"https:\/\/villarrealcf.es\/val\/carnet-soc-groguet\/","reading_time":1,"featured_media_data":null,"author_data":{"id":"1","name":"root_envidea","first_name":"Villarreal CF","last_name":"","description":"","avatar_url":"https:\/\/secure.gravatar.com\/avatar\/48f95f42a3ccc324f3a3458e4b9e6fb070b083e99d388e170c1afb061fa99b63?s=96&d=mm&r=g","acf":null},"taxonomies_data":{"translation_priority":[{"id":735,"name":"Optional","slug":"optional-val","acf":null}]},"seo_full":{"native":{"title":"Carnet Soc Groguet - Web Oficial del Villarreal CF","description":"CARNET SOC GROGUET 25\/26 Forma part de la fam\u00edlia del Villarreal CF i gaudix dels seus avantatgesPack de benvingudaPots accedir&hellip;","canonical":"https:\/\/villarrealcf.es\/val\/carnet-soc-groguet\/"}},"_links":{"self":[{"href":"https:\/\/villarrealcf.es\/val\/wp-json\/wp\/v2\/pages\/330452","targetHints":{"allow":["GET"]}}],"collection":[{"href":"https:\/\/villarrealcf.es\/val\/wp-json\/wp\/v2\/pages"}],"about":[{"href":"https:\/\/villarrealcf.es\/val\/wp-json\/wp\/v2\/types\/page"}],"author":[{"embeddable":true,"href":"https:\/\/villarrealcf.es\/val\/wp-json\/wp\/v2\/users\/1"}],"replies":[{"embeddable":true,"href":"https:\/\/villarrealcf.es\/val\/wp-json\/wp\/v2\/comments?post=330452"}],"version-history":[{"count":61,"href":"https:\/\/villarrealcf.es\/val\/wp-json\/wp\/v2\/pages\/330452\/revisions"}],"predecessor-version":[{"id":622838,"href":"https:\/\/villarrealcf.es\/val\/wp-json\/wp\/v2\/pages\/330452\/revisions\/622838"}],"wp:attachment":[{"href":"https:\/\/villarrealcf.es\/val\/wp-json\/wp\/v2\/media?parent=330452"}],"curies":[{"name":"wp","href":"https:\/\/api.w.org\/{rel}","templated":true}]}}