{"id":306857,"date":"2024-05-08T13:31:36","date_gmt":"2024-05-08T11:31:36","guid":{"rendered":"https:\/\/villarrealcf.es\/estadio-de-la-ceramica\/restaurante-el-vasco\/"},"modified":"2025-08-27T13:47:08","modified_gmt":"2025-08-27T11:47:08","slug":"restaurante-el-vasco","status":"publish","type":"page","link":"https:\/\/villarrealcf.es\/val\/estadio-de-la-ceramica\/restaurante-el-vasco\/","title":{"rendered":"Restaurant El Vasco"},"content":{"protected":false,"blocks":[{"type":"widget","widget":"eael-cta-box.default","text":"Restaurant El VascoAra a l'Estadio de la Cer\u00e1mica Visita la web"},{"type":"widget","widget":"eael-info-box.default","text":"Obert al p\u00fablic, acc\u00e9s per Porta 29.Horaris: dilluns a dijous, de 13.00h a 16.00h; divendres de 13.00 a 16.00h i de 21.00 a 23.00h; i dissabtes i diumenges tancat excepte reserva anticipada.Tel\u00e8fon: 964 52 75 41Reserves per tel\u00e8fon"},{"type":"text","widget":"text-editor","text":"El Restaurant El Vasco \u00e9s un dels espais gastron\u00f2mics m\u00e9s importants i tradicionals de Vila-real. Especialitzat en menjar tradicional basc, el restaurant va obrir les seues portes en 1989, de la m\u00e0 d\u2019\u00c1ngel Manzanos i Ana Mar\u00eda Ib\u00e1\u00f1ez. Ara regentat per Asier Manzanos, este negoci familiar s\u2019ha traslladat a l\u2019Estadio de la Cer\u00e1mica, encara que mant\u00e9 intacta la seua ess\u00e8ncia, amb el mateix ambient familiar i una cuina exquisida.Este nou espai est\u00e0 habilitat per a acollir menjars d\u2019empresa o reunions familiars o d\u2019amics, per\u00f2 tamb\u00e9 esdeveniments i celebracions privades. Compta amb un ampli sal\u00f3, per\u00f2 tamb\u00e9 amb reservats independents.","paragraphs":["El Restaurant El Vasco \u00e9s un dels espais gastron\u00f2mics m\u00e9s importants i tradicionals de Vila-real. Especialitzat en menjar tradicional basc, el restaurant va obrir les seues portes en 1989, de la m\u00e0 d\u2019\u00c1ngel Manzanos i Ana Mar\u00eda Ib\u00e1\u00f1ez. Ara regentat per Asier Manzanos, este negoci familiar s\u2019ha traslladat a l\u2019Estadio de la Cer\u00e1mica, encara que mant\u00e9 intacta la seua ess\u00e8ncia, amb el mateix ambient familiar i una cuina exquisida.","Este nou espai est\u00e0 habilitat per a acollir menjars d\u2019empresa o reunions familiars o d\u2019amics, per\u00f2 tamb\u00e9 esdeveniments i celebracions privades. Compta amb un ampli sal\u00f3, per\u00f2 tamb\u00e9 amb reservats independents."]},{"type":"carousel","widget":"image-carousel","items":[{"url":"https:\/\/villarrealcf.es\/wp-content\/uploads\/2024\/05\/20240419-NuevoRteElvasco-010-1920x1080.jpg","alt":"20240419-NuevoRteElvasco-010","width":0,"height":0},{"url":"https:\/\/villarrealcf.es\/wp-content\/uploads\/2024\/05\/20240419-NuevoRteElvasco-008-1920x1080.jpg","alt":"20240419-NuevoRteElvasco-008","width":0,"height":0},{"url":"https:\/\/villarrealcf.es\/wp-content\/uploads\/2024\/05\/20240419-NuevoRteElvasco-009-1920x1080.jpg","alt":"20240419-NuevoRteElvasco-009","width":0,"height":0},{"url":"https:\/\/villarrealcf.es\/wp-content\/uploads\/2024\/05\/20240419-NuevoRteElvasco-003-1920x1080.jpg","alt":"20240419-NuevoRteElvasco-003","width":0,"height":0},{"url":"https:\/\/villarrealcf.es\/wp-content\/uploads\/2024\/05\/20240419-NuevoRteElvasco-011-1920x1080.jpg","alt":"20240419-NuevoRteElvasco-011","width":0,"height":0},{"url":"https:\/\/villarrealcf.es\/wp-content\/uploads\/2024\/05\/20240419-NuevoRteElvasco-002-1920x1080.jpg","alt":"20240419-NuevoRteElvasco-002","width":0,"height":0},{"url":"https:\/\/villarrealcf.es\/wp-content\/uploads\/2024\/05\/20240419-NuevoRteElvasco-006-1920x1080.jpg","alt":"20240419-NuevoRteElvasco-006","width":0,"height":0}]}],"structured":{"summary":{"text":"Restaurant El VascoAra a l'Estadio de la Cer\u00e1mica Visita la web Obert al p\u00fablic, acc\u00e9s per Porta 29.Horaris: dilluns a dijous, de 13.00h a 16.00h; divendres de 13.00 a 16.00h i de 21.00 a 23.00h; i dissabtes i diumenges tancat excepte reserva anticipada.Tel\u00e8fon: 964 52 75 41Reserves per tel\u00e8fon El Restaurant El Vasco \u00e9s un dels espais gastron\u00f2mics m\u00e9s importants i tradicionals de Vila-real. Especialitzat en menjar tradicional basc, el restaurant va obrir les seues portes en 1989, de la m\u00e0 d\u2019\u00c1ngel Manzanos i Ana Mar\u00eda Ib\u00e1\u00f1ez. Ara regentat per Asier Manzanos, este negoci familiar s\u2019ha traslladat a l\u2019Estadio de la Cer\u00e1mica, encara que mant\u00e9 intacta la seua ess\u00e8ncia, amb el mateix ambient familiar i una cuina exquisida.Este nou espai est\u00e0 habilitat per a acollir menjars d\u2019empresa o reunions familiars o d\u2019amics, per\u00f2 tamb\u00e9 esdeveniments i celebracions privades. Compta amb un ampli sal\u00f3, per\u00f2 tamb\u00e9 amb reservats independents.","headings":[],"buttons":[],"images":[{"type":"carousel","items":[{"url":"https:\/\/villarrealcf.es\/wp-content\/uploads\/2024\/05\/20240419-NuevoRteElvasco-010-1920x1080.jpg","alt":"20240419-NuevoRteElvasco-010","width":0,"height":0},{"url":"https:\/\/villarrealcf.es\/wp-content\/uploads\/2024\/05\/20240419-NuevoRteElvasco-008-1920x1080.jpg","alt":"20240419-NuevoRteElvasco-008","width":0,"height":0},{"url":"https:\/\/villarrealcf.es\/wp-content\/uploads\/2024\/05\/20240419-NuevoRteElvasco-009-1920x1080.jpg","alt":"20240419-NuevoRteElvasco-009","width":0,"height":0},{"url":"https:\/\/villarrealcf.es\/wp-content\/uploads\/2024\/05\/20240419-NuevoRteElvasco-003-1920x1080.jpg","alt":"20240419-NuevoRteElvasco-003","width":0,"height":0},{"url":"https:\/\/villarrealcf.es\/wp-content\/uploads\/2024\/05\/20240419-NuevoRteElvasco-011-1920x1080.jpg","alt":"20240419-NuevoRteElvasco-011","width":0,"height":0},{"url":"https:\/\/villarrealcf.es\/wp-content\/uploads\/2024\/05\/20240419-NuevoRteElvasco-002-1920x1080.jpg","alt":"20240419-NuevoRteElvasco-002","width":0,"height":0},{"url":"https:\/\/villarrealcf.es\/wp-content\/uploads\/2024\/05\/20240419-NuevoRteElvasco-006-1920x1080.jpg","alt":"20240419-NuevoRteElvasco-006","width":0,"height":0}]}],"counts":{"blocks":4,"headings":0,"texts":3,"buttons":0,"images":1},"containers":1},"sections":[{"id":"f3fb275","type":"container","classes":["has-el-gap","el-gap-default","elementor-section","elementor-top-section","elementor-element","elementor-element-f3fb275","elementor-section-boxed","elementor-section-height-default"],"title":"","text":"Restaurant El VascoAra a l'Estadio de la Cer\u00e1mica Visita la web Obert al p\u00fablic, acc\u00e9s per Porta 29.Horaris: dilluns a dijous, de 13.00h a 16.00h; divendres de 13.00 a 16.00h i de 21.00 a 23.00h; i dissabtes i diumenges tancat excepte reserva anticipada.Tel\u00e8fon: 964 52 75 41Reserves per tel\u00e8fon El Restaurant El Vasco \u00e9s un dels espais gastron\u00f2mics m\u00e9s importants i tradicionals de Vila-real. Especialitzat en menjar tradicional basc, el restaurant va obrir les seues portes en 1989, de la m\u00e0 d\u2019\u00c1ngel Manzanos i Ana Mar\u00eda Ib\u00e1\u00f1ez. Ara regentat per Asier Manzanos, este negoci familiar s\u2019ha traslladat a l\u2019Estadio de la Cer\u00e1mica, encara que mant\u00e9 intacta la seua ess\u00e8ncia, amb el mateix ambient familiar i una cuina exquisida.Este nou espai est\u00e0 habilitat per a acollir menjars d\u2019empresa o reunions familiars o d\u2019amics, per\u00f2 tamb\u00e9 esdeveniments i celebracions privades. Compta amb un ampli sal\u00f3, per\u00f2 tamb\u00e9 amb reservats independents.","headings":[],"texts":[{"type":"widget","widget":"eael-cta-box.default","text":"Restaurant El VascoAra a l'Estadio de la Cer\u00e1mica Visita la web"},{"type":"widget","widget":"eael-info-box.default","text":"Obert al p\u00fablic, acc\u00e9s per Porta 29.Horaris: dilluns a dijous, de 13.00h a 16.00h; divendres de 13.00 a 16.00h i de 21.00 a 23.00h; i dissabtes i diumenges tancat excepte reserva anticipada.Tel\u00e8fon: 964 52 75 41Reserves per tel\u00e8fon"},{"type":"text","widget":"text-editor","text":"El Restaurant El Vasco \u00e9s un dels espais gastron\u00f2mics m\u00e9s importants i tradicionals de Vila-real. Especialitzat en menjar tradicional basc, el restaurant va obrir les seues portes en 1989, de la m\u00e0 d\u2019\u00c1ngel Manzanos i Ana Mar\u00eda Ib\u00e1\u00f1ez. Ara regentat per Asier Manzanos, este negoci familiar s\u2019ha traslladat a l\u2019Estadio de la Cer\u00e1mica, encara que mant\u00e9 intacta la seua ess\u00e8ncia, amb el mateix ambient familiar i una cuina exquisida.Este nou espai est\u00e0 habilitat per a acollir menjars d\u2019empresa o reunions familiars o d\u2019amics, per\u00f2 tamb\u00e9 esdeveniments i celebracions privades. Compta amb un ampli sal\u00f3, per\u00f2 tamb\u00e9 amb reservats independents.","paragraphs":["El Restaurant El Vasco \u00e9s un dels espais gastron\u00f2mics m\u00e9s importants i tradicionals de Vila-real. Especialitzat en menjar tradicional basc, el restaurant va obrir les seues portes en 1989, de la m\u00e0 d\u2019\u00c1ngel Manzanos i Ana Mar\u00eda Ib\u00e1\u00f1ez. Ara regentat per Asier Manzanos, este negoci familiar s\u2019ha traslladat a l\u2019Estadio de la Cer\u00e1mica, encara que mant\u00e9 intacta la seua ess\u00e8ncia, amb el mateix ambient familiar i una cuina exquisida.","Este nou espai est\u00e0 habilitat per a acollir menjars d\u2019empresa o reunions familiars o d\u2019amics, per\u00f2 tamb\u00e9 esdeveniments i celebracions privades. Compta amb un ampli sal\u00f3, per\u00f2 tamb\u00e9 amb reservats independents."]}],"buttons":[],"images":[{"type":"carousel","items":[{"url":"https:\/\/villarrealcf.es\/wp-content\/uploads\/2024\/05\/20240419-NuevoRteElvasco-010-1920x1080.jpg","alt":"20240419-NuevoRteElvasco-010","width":0,"height":0},{"url":"https:\/\/villarrealcf.es\/wp-content\/uploads\/2024\/05\/20240419-NuevoRteElvasco-008-1920x1080.jpg","alt":"20240419-NuevoRteElvasco-008","width":0,"height":0},{"url":"https:\/\/villarrealcf.es\/wp-content\/uploads\/2024\/05\/20240419-NuevoRteElvasco-009-1920x1080.jpg","alt":"20240419-NuevoRteElvasco-009","width":0,"height":0},{"url":"https:\/\/villarrealcf.es\/wp-content\/uploads\/2024\/05\/20240419-NuevoRteElvasco-003-1920x1080.jpg","alt":"20240419-NuevoRteElvasco-003","width":0,"height":0},{"url":"https:\/\/villarrealcf.es\/wp-content\/uploads\/2024\/05\/20240419-NuevoRteElvasco-011-1920x1080.jpg","alt":"20240419-NuevoRteElvasco-011","width":0,"height":0},{"url":"https:\/\/villarrealcf.es\/wp-content\/uploads\/2024\/05\/20240419-NuevoRteElvasco-002-1920x1080.jpg","alt":"20240419-NuevoRteElvasco-002","width":0,"height":0},{"url":"https:\/\/villarrealcf.es\/wp-content\/uploads\/2024\/05\/20240419-NuevoRteElvasco-006-1920x1080.jpg","alt":"20240419-NuevoRteElvasco-006","width":0,"height":0}]}],"widgets":["eael-cta-box.default","eael-info-box.default","text-editor","image-carousel"],"blocks":[{"type":"widget","widget":"eael-cta-box.default","text":"Restaurant El VascoAra a l'Estadio de la Cer\u00e1mica Visita la web"},{"type":"widget","widget":"eael-info-box.default","text":"Obert al p\u00fablic, acc\u00e9s per Porta 29.Horaris: dilluns a dijous, de 13.00h a 16.00h; divendres de 13.00 a 16.00h i de 21.00 a 23.00h; i dissabtes i diumenges tancat excepte reserva anticipada.Tel\u00e8fon: 964 52 75 41Reserves per tel\u00e8fon"},{"type":"text","widget":"text-editor","text":"El Restaurant El Vasco \u00e9s un dels espais gastron\u00f2mics m\u00e9s importants i tradicionals de Vila-real. Especialitzat en menjar tradicional basc, el restaurant va obrir les seues portes en 1989, de la m\u00e0 d\u2019\u00c1ngel Manzanos i Ana Mar\u00eda Ib\u00e1\u00f1ez. Ara regentat per Asier Manzanos, este negoci familiar s\u2019ha traslladat a l\u2019Estadio de la Cer\u00e1mica, encara que mant\u00e9 intacta la seua ess\u00e8ncia, amb el mateix ambient familiar i una cuina exquisida.Este nou espai est\u00e0 habilitat per a acollir menjars d\u2019empresa o reunions familiars o d\u2019amics, per\u00f2 tamb\u00e9 esdeveniments i celebracions privades. Compta amb un ampli sal\u00f3, per\u00f2 tamb\u00e9 amb reservats independents.","paragraphs":["El Restaurant El Vasco \u00e9s un dels espais gastron\u00f2mics m\u00e9s importants i tradicionals de Vila-real. Especialitzat en menjar tradicional basc, el restaurant va obrir les seues portes en 1989, de la m\u00e0 d\u2019\u00c1ngel Manzanos i Ana Mar\u00eda Ib\u00e1\u00f1ez. Ara regentat per Asier Manzanos, este negoci familiar s\u2019ha traslladat a l\u2019Estadio de la Cer\u00e1mica, encara que mant\u00e9 intacta la seua ess\u00e8ncia, amb el mateix ambient familiar i una cuina exquisida.","Este nou espai est\u00e0 habilitat per a acollir menjars d\u2019empresa o reunions familiars o d\u2019amics, per\u00f2 tamb\u00e9 esdeveniments i celebracions privades. Compta amb un ampli sal\u00f3, per\u00f2 tamb\u00e9 amb reservats independents."]},{"type":"carousel","widget":"image-carousel","items":[{"url":"https:\/\/villarrealcf.es\/wp-content\/uploads\/2024\/05\/20240419-NuevoRteElvasco-010-1920x1080.jpg","alt":"20240419-NuevoRteElvasco-010","width":0,"height":0},{"url":"https:\/\/villarrealcf.es\/wp-content\/uploads\/2024\/05\/20240419-NuevoRteElvasco-008-1920x1080.jpg","alt":"20240419-NuevoRteElvasco-008","width":0,"height":0},{"url":"https:\/\/villarrealcf.es\/wp-content\/uploads\/2024\/05\/20240419-NuevoRteElvasco-009-1920x1080.jpg","alt":"20240419-NuevoRteElvasco-009","width":0,"height":0},{"url":"https:\/\/villarrealcf.es\/wp-content\/uploads\/2024\/05\/20240419-NuevoRteElvasco-003-1920x1080.jpg","alt":"20240419-NuevoRteElvasco-003","width":0,"height":0},{"url":"https:\/\/villarrealcf.es\/wp-content\/uploads\/2024\/05\/20240419-NuevoRteElvasco-011-1920x1080.jpg","alt":"20240419-NuevoRteElvasco-011","width":0,"height":0},{"url":"https:\/\/villarrealcf.es\/wp-content\/uploads\/2024\/05\/20240419-NuevoRteElvasco-002-1920x1080.jpg","alt":"20240419-NuevoRteElvasco-002","width":0,"height":0},{"url":"https:\/\/villarrealcf.es\/wp-content\/uploads\/2024\/05\/20240419-NuevoRteElvasco-006-1920x1080.jpg","alt":"20240419-NuevoRteElvasco-006","width":0,"height":0}]}],"children":[]}],"hero":{"id":"f3fb275","type":"container","classes":["has-el-gap","el-gap-default","elementor-section","elementor-top-section","elementor-element","elementor-element-f3fb275","elementor-section-boxed","elementor-section-height-default"],"title":"","text":"Restaurant El VascoAra a l'Estadio de la Cer\u00e1mica Visita la web Obert al p\u00fablic, acc\u00e9s per Porta 29.Horaris: dilluns a dijous, de 13.00h a 16.00h; divendres de 13.00 a 16.00h i de 21.00 a 23.00h; i dissabtes i diumenges tancat excepte reserva anticipada.Tel\u00e8fon: 964 52 75 41Reserves per tel\u00e8fon El Restaurant El Vasco \u00e9s un dels espais gastron\u00f2mics m\u00e9s importants i tradicionals de Vila-real. Especialitzat en menjar tradicional basc, el restaurant va obrir les seues portes en 1989, de la m\u00e0 d\u2019\u00c1ngel Manzanos i Ana Mar\u00eda Ib\u00e1\u00f1ez. Ara regentat per Asier Manzanos, este negoci familiar s\u2019ha traslladat a l\u2019Estadio de la Cer\u00e1mica, encara que mant\u00e9 intacta la seua ess\u00e8ncia, amb el mateix ambient familiar i una cuina exquisida.Este nou espai est\u00e0 habilitat per a acollir menjars d\u2019empresa o reunions familiars o d\u2019amics, per\u00f2 tamb\u00e9 esdeveniments i celebracions privades. Compta amb un ampli sal\u00f3, per\u00f2 tamb\u00e9 amb reservats independents.","headings":[],"texts":[{"type":"widget","widget":"eael-cta-box.default","text":"Restaurant El VascoAra a l'Estadio de la Cer\u00e1mica Visita la web"},{"type":"widget","widget":"eael-info-box.default","text":"Obert al p\u00fablic, acc\u00e9s per Porta 29.Horaris: dilluns a dijous, de 13.00h a 16.00h; divendres de 13.00 a 16.00h i de 21.00 a 23.00h; i dissabtes i diumenges tancat excepte reserva anticipada.Tel\u00e8fon: 964 52 75 41Reserves per tel\u00e8fon"},{"type":"text","widget":"text-editor","text":"El Restaurant El Vasco \u00e9s un dels espais gastron\u00f2mics m\u00e9s importants i tradicionals de Vila-real. Especialitzat en menjar tradicional basc, el restaurant va obrir les seues portes en 1989, de la m\u00e0 d\u2019\u00c1ngel Manzanos i Ana Mar\u00eda Ib\u00e1\u00f1ez. Ara regentat per Asier Manzanos, este negoci familiar s\u2019ha traslladat a l\u2019Estadio de la Cer\u00e1mica, encara que mant\u00e9 intacta la seua ess\u00e8ncia, amb el mateix ambient familiar i una cuina exquisida.Este nou espai est\u00e0 habilitat per a acollir menjars d\u2019empresa o reunions familiars o d\u2019amics, per\u00f2 tamb\u00e9 esdeveniments i celebracions privades. Compta amb un ampli sal\u00f3, per\u00f2 tamb\u00e9 amb reservats independents.","paragraphs":["El Restaurant El Vasco \u00e9s un dels espais gastron\u00f2mics m\u00e9s importants i tradicionals de Vila-real. Especialitzat en menjar tradicional basc, el restaurant va obrir les seues portes en 1989, de la m\u00e0 d\u2019\u00c1ngel Manzanos i Ana Mar\u00eda Ib\u00e1\u00f1ez. Ara regentat per Asier Manzanos, este negoci familiar s\u2019ha traslladat a l\u2019Estadio de la Cer\u00e1mica, encara que mant\u00e9 intacta la seua ess\u00e8ncia, amb el mateix ambient familiar i una cuina exquisida.","Este nou espai est\u00e0 habilitat per a acollir menjars d\u2019empresa o reunions familiars o d\u2019amics, per\u00f2 tamb\u00e9 esdeveniments i celebracions privades. Compta amb un ampli sal\u00f3, per\u00f2 tamb\u00e9 amb reservats independents."]}],"buttons":[],"images":[{"type":"carousel","items":[{"url":"https:\/\/villarrealcf.es\/wp-content\/uploads\/2024\/05\/20240419-NuevoRteElvasco-010-1920x1080.jpg","alt":"20240419-NuevoRteElvasco-010","width":0,"height":0},{"url":"https:\/\/villarrealcf.es\/wp-content\/uploads\/2024\/05\/20240419-NuevoRteElvasco-008-1920x1080.jpg","alt":"20240419-NuevoRteElvasco-008","width":0,"height":0},{"url":"https:\/\/villarrealcf.es\/wp-content\/uploads\/2024\/05\/20240419-NuevoRteElvasco-009-1920x1080.jpg","alt":"20240419-NuevoRteElvasco-009","width":0,"height":0},{"url":"https:\/\/villarrealcf.es\/wp-content\/uploads\/2024\/05\/20240419-NuevoRteElvasco-003-1920x1080.jpg","alt":"20240419-NuevoRteElvasco-003","width":0,"height":0},{"url":"https:\/\/villarrealcf.es\/wp-content\/uploads\/2024\/05\/20240419-NuevoRteElvasco-011-1920x1080.jpg","alt":"20240419-NuevoRteElvasco-011","width":0,"height":0},{"url":"https:\/\/villarrealcf.es\/wp-content\/uploads\/2024\/05\/20240419-NuevoRteElvasco-002-1920x1080.jpg","alt":"20240419-NuevoRteElvasco-002","width":0,"height":0},{"url":"https:\/\/villarrealcf.es\/wp-content\/uploads\/2024\/05\/20240419-NuevoRteElvasco-006-1920x1080.jpg","alt":"20240419-NuevoRteElvasco-006","width":0,"height":0}]}],"widgets":["eael-cta-box.default","eael-info-box.default","text-editor","image-carousel"],"blocks":[{"type":"widget","widget":"eael-cta-box.default","text":"Restaurant El VascoAra a l'Estadio de la Cer\u00e1mica Visita la web"},{"type":"widget","widget":"eael-info-box.default","text":"Obert al p\u00fablic, acc\u00e9s per Porta 29.Horaris: dilluns a dijous, de 13.00h a 16.00h; divendres de 13.00 a 16.00h i de 21.00 a 23.00h; i dissabtes i diumenges tancat excepte reserva anticipada.Tel\u00e8fon: 964 52 75 41Reserves per tel\u00e8fon"},{"type":"text","widget":"text-editor","text":"El Restaurant El Vasco \u00e9s un dels espais gastron\u00f2mics m\u00e9s importants i tradicionals de Vila-real. Especialitzat en menjar tradicional basc, el restaurant va obrir les seues portes en 1989, de la m\u00e0 d\u2019\u00c1ngel Manzanos i Ana Mar\u00eda Ib\u00e1\u00f1ez. Ara regentat per Asier Manzanos, este negoci familiar s\u2019ha traslladat a l\u2019Estadio de la Cer\u00e1mica, encara que mant\u00e9 intacta la seua ess\u00e8ncia, amb el mateix ambient familiar i una cuina exquisida.Este nou espai est\u00e0 habilitat per a acollir menjars d\u2019empresa o reunions familiars o d\u2019amics, per\u00f2 tamb\u00e9 esdeveniments i celebracions privades. Compta amb un ampli sal\u00f3, per\u00f2 tamb\u00e9 amb reservats independents.","paragraphs":["El Restaurant El Vasco \u00e9s un dels espais gastron\u00f2mics m\u00e9s importants i tradicionals de Vila-real. Especialitzat en menjar tradicional basc, el restaurant va obrir les seues portes en 1989, de la m\u00e0 d\u2019\u00c1ngel Manzanos i Ana Mar\u00eda Ib\u00e1\u00f1ez. Ara regentat per Asier Manzanos, este negoci familiar s\u2019ha traslladat a l\u2019Estadio de la Cer\u00e1mica, encara que mant\u00e9 intacta la seua ess\u00e8ncia, amb el mateix ambient familiar i una cuina exquisida.","Este nou espai est\u00e0 habilitat per a acollir menjars d\u2019empresa o reunions familiars o d\u2019amics, per\u00f2 tamb\u00e9 esdeveniments i celebracions privades. Compta amb un ampli sal\u00f3, per\u00f2 tamb\u00e9 amb reservats independents."]},{"type":"carousel","widget":"image-carousel","items":[{"url":"https:\/\/villarrealcf.es\/wp-content\/uploads\/2024\/05\/20240419-NuevoRteElvasco-010-1920x1080.jpg","alt":"20240419-NuevoRteElvasco-010","width":0,"height":0},{"url":"https:\/\/villarrealcf.es\/wp-content\/uploads\/2024\/05\/20240419-NuevoRteElvasco-008-1920x1080.jpg","alt":"20240419-NuevoRteElvasco-008","width":0,"height":0},{"url":"https:\/\/villarrealcf.es\/wp-content\/uploads\/2024\/05\/20240419-NuevoRteElvasco-009-1920x1080.jpg","alt":"20240419-NuevoRteElvasco-009","width":0,"height":0},{"url":"https:\/\/villarrealcf.es\/wp-content\/uploads\/2024\/05\/20240419-NuevoRteElvasco-003-1920x1080.jpg","alt":"20240419-NuevoRteElvasco-003","width":0,"height":0},{"url":"https:\/\/villarrealcf.es\/wp-content\/uploads\/2024\/05\/20240419-NuevoRteElvasco-011-1920x1080.jpg","alt":"20240419-NuevoRteElvasco-011","width":0,"height":0},{"url":"https:\/\/villarrealcf.es\/wp-content\/uploads\/2024\/05\/20240419-NuevoRteElvasco-002-1920x1080.jpg","alt":"20240419-NuevoRteElvasco-002","width":0,"height":0},{"url":"https:\/\/villarrealcf.es\/wp-content\/uploads\/2024\/05\/20240419-NuevoRteElvasco-006-1920x1080.jpg","alt":"20240419-NuevoRteElvasco-006","width":0,"height":0}]}],"children":[]}},"sections":[{"id":"f3fb275","title":"Visita la web","text":"Restaurant El VascoAra a l'Estadio de la Cer\u00e1mica Visita la web Obert al p\u00fablic, acc\u00e9s per Porta 29.Horaris: dilluns a dijous, de 13.00h a 16.00h; divendres de 13.00 a 16.00h i de 21.00 a 23.00h; i dissabtes i diumenges tancat excepte reserva anticipada.Tel\u00e8fon: 964 52 75 41Reserves per tel\u00e8fon El Restaurant El Vasco \u00e9s un dels espais gastron\u00f2mics m\u00e9s importants i tradicionals de Vila-real. Especialitzat en menjar tradicional basc, el restaurant va obrir les seues portes en 1989, de la m\u00e0 d\u2019\u00c1ngel Manzanos i Ana Mar\u00eda Ib\u00e1\u00f1ez. Ara regentat per Asier Manzanos, este negoci familiar s\u2019ha traslladat a l\u2019Estadio de la Cer\u00e1mica, encara que mant\u00e9 intacta la seua ess\u00e8ncia, amb el mateix ambient familiar i una cuina exquisida.Este nou espai est\u00e0 habilitat per a acollir menjars d\u2019empresa o reunions familiars o d\u2019amics, per\u00f2 tamb\u00e9 esdeveniments i celebracions privades. Compta amb un ampli sal\u00f3, per\u00f2 tamb\u00e9 amb reservats independents.","url":"http:\/\/www.restauranteelvasco.es\/","background_image":"","images":[{"url":"https:\/\/villarrealcf.es\/wp-content\/uploads\/2024\/05\/20240419-NuevoRteElvasco-010-1920x1080.jpg","alt":"20240419-NuevoRteElvasco-010","width":0,"height":0},{"url":"https:\/\/villarrealcf.es\/wp-content\/uploads\/2024\/05\/20240419-NuevoRteElvasco-008-1920x1080.jpg","alt":"20240419-NuevoRteElvasco-008","width":0,"height":0},{"url":"https:\/\/villarrealcf.es\/wp-content\/uploads\/2024\/05\/20240419-NuevoRteElvasco-009-1920x1080.jpg","alt":"20240419-NuevoRteElvasco-009","width":0,"height":0},{"url":"https:\/\/villarrealcf.es\/wp-content\/uploads\/2024\/05\/20240419-NuevoRteElvasco-003-1920x1080.jpg","alt":"20240419-NuevoRteElvasco-003","width":0,"height":0},{"url":"https:\/\/villarrealcf.es\/wp-content\/uploads\/2024\/05\/20240419-NuevoRteElvasco-011-1920x1080.jpg","alt":"20240419-NuevoRteElvasco-011","width":0,"height":0},{"url":"https:\/\/villarrealcf.es\/wp-content\/uploads\/2024\/05\/20240419-NuevoRteElvasco-002-1920x1080.jpg","alt":"20240419-NuevoRteElvasco-002","width":0,"height":0},{"url":"https:\/\/villarrealcf.es\/wp-content\/uploads\/2024\/05\/20240419-NuevoRteElvasco-006-1920x1080.jpg","alt":"20240419-NuevoRteElvasco-006","width":0,"height":0}],"videos":[],"links":[{"url":"http:\/\/www.restauranteelvasco.es\/","text":"Visita la web","target":"_blank"}]}]},"excerpt":{"rendered":"Restaurant El VascoAra a l&#8217;Estadio de la Cer\u00e1mica Visita la web Obert al p\u00fablic, acc\u00e9s per Porta 29.Horaris:\u00a0dilluns a dijous, de 13.00h a 16.00h; divendres de 13.00 a 16.00h i de 21.00 a 23.00h; i dissabtes i diumenges tancat excepte reserva anticipada.Tel\u00e8fon: 964 52 75 41Reserves per tel\u00e8fon El Restaurant El Vasco \u00e9s un dels","protected":false},"author":1,"featured_media":0,"parent":581104,"menu_order":0,"comment_status":"closed","ping_status":"closed","template":"page-templates\/no-wrapper.php","meta":{"_acf_changed":false,"footnotes":""},"acf":null,"lang":"val","translations":{"es":306854,"en":306856,"val":306857},"essential_grid":{"has_grid":false},"formatted_date":"May 8, 2024","modified_date":"August 27, 2025","permalink":"https:\/\/villarrealcf.es\/val\/estadio-de-la-ceramica\/restaurante-el-vasco\/","reading_time":1,"featured_media_data":null,"author_data":{"id":"1","name":"root_envidea","first_name":"Villarreal CF","last_name":"","description":"","avatar_url":"https:\/\/secure.gravatar.com\/avatar\/48f95f42a3ccc324f3a3458e4b9e6fb070b083e99d388e170c1afb061fa99b63?s=96&d=mm&r=g","acf":null},"taxonomies_data":{"translation_priority":[{"id":735,"name":"Optional","slug":"optional-val","acf":null}]},"seo_full":{"native":{"title":"Restaurant El Vasco - Web Oficial del Villarreal CF","description":"Restaurant El VascoAra a l'Estadio de la Cer\u00e1mica Visita la web Obert al p\u00fablic, acc\u00e9s per Porta 29.Horaris:\u00a0dilluns a dijous,&hellip;","canonical":"https:\/\/villarrealcf.es\/val\/estadio-de-la-ceramica\/restaurante-el-vasco\/"}},"_links":{"self":[{"href":"https:\/\/villarrealcf.es\/val\/wp-json\/wp\/v2\/pages\/306857","targetHints":{"allow":["GET"]}}],"collection":[{"href":"https:\/\/villarrealcf.es\/val\/wp-json\/wp\/v2\/pages"}],"about":[{"href":"https:\/\/villarrealcf.es\/val\/wp-json\/wp\/v2\/types\/page"}],"author":[{"embeddable":true,"href":"https:\/\/villarrealcf.es\/val\/wp-json\/wp\/v2\/users\/1"}],"replies":[{"embeddable":true,"href":"https:\/\/villarrealcf.es\/val\/wp-json\/wp\/v2\/comments?post=306857"}],"version-history":[{"count":3,"href":"https:\/\/villarrealcf.es\/val\/wp-json\/wp\/v2\/pages\/306857\/revisions"}],"predecessor-version":[{"id":602350,"href":"https:\/\/villarrealcf.es\/val\/wp-json\/wp\/v2\/pages\/306857\/revisions\/602350"}],"up":[{"embeddable":true,"href":"https:\/\/villarrealcf.es\/val\/wp-json\/wp\/v2\/pages\/581104"}],"wp:attachment":[{"href":"https:\/\/villarrealcf.es\/val\/wp-json\/wp\/v2\/media?parent=306857"}],"curies":[{"name":"wp","href":"https:\/\/api.w.org\/{rel}","templated":true}]}}