{"id":302919,"date":"2024-04-08T13:06:02","date_gmt":"2024-04-08T11:06:02","guid":{"rendered":"https:\/\/villarrealcf.es\/cantera-grogueta\/benjamin-a-roda\/"},"modified":"2026-01-07T12:02:18","modified_gmt":"2026-01-07T11:02:18","slug":"benjamin-a-roda","status":"publish","type":"page","link":"https:\/\/villarrealcf.es\/val\/cantera-grogueta\/benjamin-a-roda\/","title":{"rendered":"Benjam\u00edn A Roda"},"content":{"protected":false,"blocks":[{"type":"image","widget":"image","url":"https:\/\/villarrealcf.es\/wp-content\/uploads\/2025\/12\/Benjamin-A-Roda.webp","alt":"","width":2835,"height":1890,"srcset":"https:\/\/villarrealcf.es\/wp-content\/uploads\/2025\/12\/Benjamin-A-Roda.webp 2835w, https:\/\/villarrealcf.es\/wp-content\/uploads\/2025\/12\/Benjamin-A-Roda-1620x1080.webp 1620w, https:\/\/villarrealcf.es\/wp-content\/uploads\/2025\/12\/Benjamin-A-Roda.webp 1920w, https:\/\/villarrealcf.es\/wp-content\/uploads\/2025\/12\/Benjamin-A-Roda-1536x1024.webp 1536w, https:\/\/villarrealcf.es\/wp-content\/uploads\/2025\/12\/Benjamin-A-Roda-2048x1365.webp 2048w, https:\/\/villarrealcf.es\/wp-content\/uploads\/2025\/12\/Benjamin-A-Roda.webp 1920w, https:\/\/villarrealcf.es\/wp-content\/uploads\/2025\/12\/Benjamin-A-Roda.webp 1920w, https:\/\/villarrealcf.es\/wp-content\/uploads\/2025\/12\/Benjamin-A-Roda-32x21.webp 32w, https:\/\/villarrealcf.es\/wp-content\/uploads\/2025\/12\/Benjamin-A-Roda-150x100.webp 150w, https:\/\/villarrealcf.es\/wp-content\/uploads\/2025\/12\/Benjamin-A-Roda.webp 1920w, https:\/\/villarrealcf.es\/wp-content\/uploads\/2025\/12\/Benjamin-A-Roda-1200x800.webp 1200w","sizes":"auto, (max-width: 2835px) 100vw, 2835px"},{"type":"text","widget":"text-editor","text":"Fila superior: Javier Guerrero (*), Iv\u00e1n Dom\u00ednguez (*), Xavi Collado, Dar\u00edo Fern\u00e1ndez, Santiago Corredor, Mart\u00edn Tabares, \u00c1lvaro Gago, Fernando Roig (presidente), \u00c1ngel Valle (*) y Adri\u00e1n T\u00e9llez (*).Fila Inferior: Marco Franch, \u00c1lvaro Granados, \u00c1ngel Torres, David Bel, Joel Fabregat e Ibrahim Khadim.","paragraphs":["Fila superior: Javier Guerrero (*), Iv\u00e1n Dom\u00ednguez (*), Xavi Collado, Dar\u00edo Fern\u00e1ndez, Santiago Corredor, Mart\u00edn Tabares, \u00c1lvaro Gago, Fernando Roig (presidente), \u00c1ngel Valle (*) y Adri\u00e1n T\u00e9llez (*).","Fila Inferior: Marco Franch, \u00c1lvaro Granados, \u00c1ngel Torres, David Bel, Joel Fabregat e Ibrahim Khadim."]}],"structured":{"summary":{"text":"Fila superior: Javier Guerrero (*), Iv\u00e1n Dom\u00ednguez (*), Xavi Collado, Dar\u00edo Fern\u00e1ndez, Santiago Corredor, Mart\u00edn Tabares, \u00c1lvaro Gago, Fernando Roig (presidente), \u00c1ngel Valle (*) y Adri\u00e1n T\u00e9llez (*).Fila Inferior: Marco Franch, \u00c1lvaro Granados, \u00c1ngel Torres, David Bel, Joel Fabregat e Ibrahim Khadim.","headings":[],"buttons":[],"images":[{"type":"image","widget":"image","url":"https:\/\/villarrealcf.es\/wp-content\/uploads\/2025\/12\/Benjamin-A-Roda.webp","alt":"","width":2835,"height":1890,"srcset":"https:\/\/villarrealcf.es\/wp-content\/uploads\/2025\/12\/Benjamin-A-Roda.webp 2835w, https:\/\/villarrealcf.es\/wp-content\/uploads\/2025\/12\/Benjamin-A-Roda-1620x1080.webp 1620w, https:\/\/villarrealcf.es\/wp-content\/uploads\/2025\/12\/Benjamin-A-Roda.webp 1920w, https:\/\/villarrealcf.es\/wp-content\/uploads\/2025\/12\/Benjamin-A-Roda-1536x1024.webp 1536w, https:\/\/villarrealcf.es\/wp-content\/uploads\/2025\/12\/Benjamin-A-Roda-2048x1365.webp 2048w, https:\/\/villarrealcf.es\/wp-content\/uploads\/2025\/12\/Benjamin-A-Roda.webp 1920w, https:\/\/villarrealcf.es\/wp-content\/uploads\/2025\/12\/Benjamin-A-Roda.webp 1920w, https:\/\/villarrealcf.es\/wp-content\/uploads\/2025\/12\/Benjamin-A-Roda-32x21.webp 32w, https:\/\/villarrealcf.es\/wp-content\/uploads\/2025\/12\/Benjamin-A-Roda-150x100.webp 150w, https:\/\/villarrealcf.es\/wp-content\/uploads\/2025\/12\/Benjamin-A-Roda.webp 1920w, https:\/\/villarrealcf.es\/wp-content\/uploads\/2025\/12\/Benjamin-A-Roda-1200x800.webp 1200w","sizes":"auto, (max-width: 2835px) 100vw, 2835px"}],"counts":{"blocks":2,"headings":0,"texts":1,"buttons":0,"images":1},"containers":1},"sections":[{"id":"406a075","type":"container","classes":["elementor-section","elementor-top-section","elementor-element","elementor-element-406a075","elementor-section-stretched","elementor-section-boxed","elementor-section-height-default"],"title":"","text":"Fila superior: Javier Guerrero (*), Iv\u00e1n Dom\u00ednguez (*), Xavi Collado, Dar\u00edo Fern\u00e1ndez, Santiago Corredor, Mart\u00edn Tabares, \u00c1lvaro Gago, Fernando Roig (presidente), \u00c1ngel Valle (*) y Adri\u00e1n T\u00e9llez (*).Fila Inferior: Marco Franch, \u00c1lvaro Granados, \u00c1ngel Torres, David Bel, Joel Fabregat e Ibrahim Khadim.","headings":[],"texts":[{"type":"text","widget":"text-editor","text":"Fila superior: Javier Guerrero (*), Iv\u00e1n Dom\u00ednguez (*), Xavi Collado, Dar\u00edo Fern\u00e1ndez, Santiago Corredor, Mart\u00edn Tabares, \u00c1lvaro Gago, Fernando Roig (presidente), \u00c1ngel Valle (*) y Adri\u00e1n T\u00e9llez (*).Fila Inferior: Marco Franch, \u00c1lvaro Granados, \u00c1ngel Torres, David Bel, Joel Fabregat e Ibrahim Khadim.","paragraphs":["Fila superior: Javier Guerrero (*), Iv\u00e1n Dom\u00ednguez (*), Xavi Collado, Dar\u00edo Fern\u00e1ndez, Santiago Corredor, Mart\u00edn Tabares, \u00c1lvaro Gago, Fernando Roig (presidente), \u00c1ngel Valle (*) y Adri\u00e1n T\u00e9llez (*).","Fila Inferior: Marco Franch, \u00c1lvaro Granados, \u00c1ngel Torres, David Bel, Joel Fabregat e Ibrahim Khadim."]}],"buttons":[],"images":[{"type":"image","widget":"image","url":"https:\/\/villarrealcf.es\/wp-content\/uploads\/2025\/12\/Benjamin-A-Roda.webp","alt":"","width":2835,"height":1890,"srcset":"https:\/\/villarrealcf.es\/wp-content\/uploads\/2025\/12\/Benjamin-A-Roda.webp 2835w, https:\/\/villarrealcf.es\/wp-content\/uploads\/2025\/12\/Benjamin-A-Roda-1620x1080.webp 1620w, https:\/\/villarrealcf.es\/wp-content\/uploads\/2025\/12\/Benjamin-A-Roda.webp 1920w, https:\/\/villarrealcf.es\/wp-content\/uploads\/2025\/12\/Benjamin-A-Roda-1536x1024.webp 1536w, https:\/\/villarrealcf.es\/wp-content\/uploads\/2025\/12\/Benjamin-A-Roda-2048x1365.webp 2048w, https:\/\/villarrealcf.es\/wp-content\/uploads\/2025\/12\/Benjamin-A-Roda.webp 1920w, https:\/\/villarrealcf.es\/wp-content\/uploads\/2025\/12\/Benjamin-A-Roda.webp 1920w, https:\/\/villarrealcf.es\/wp-content\/uploads\/2025\/12\/Benjamin-A-Roda-32x21.webp 32w, https:\/\/villarrealcf.es\/wp-content\/uploads\/2025\/12\/Benjamin-A-Roda-150x100.webp 150w, https:\/\/villarrealcf.es\/wp-content\/uploads\/2025\/12\/Benjamin-A-Roda.webp 1920w, https:\/\/villarrealcf.es\/wp-content\/uploads\/2025\/12\/Benjamin-A-Roda-1200x800.webp 1200w","sizes":"auto, (max-width: 2835px) 100vw, 2835px"}],"widgets":["image","text-editor"],"blocks":[{"type":"image","widget":"image","url":"https:\/\/villarrealcf.es\/wp-content\/uploads\/2025\/12\/Benjamin-A-Roda.webp","alt":"","width":2835,"height":1890,"srcset":"https:\/\/villarrealcf.es\/wp-content\/uploads\/2025\/12\/Benjamin-A-Roda.webp 2835w, https:\/\/villarrealcf.es\/wp-content\/uploads\/2025\/12\/Benjamin-A-Roda-1620x1080.webp 1620w, https:\/\/villarrealcf.es\/wp-content\/uploads\/2025\/12\/Benjamin-A-Roda.webp 1920w, https:\/\/villarrealcf.es\/wp-content\/uploads\/2025\/12\/Benjamin-A-Roda-1536x1024.webp 1536w, https:\/\/villarrealcf.es\/wp-content\/uploads\/2025\/12\/Benjamin-A-Roda-2048x1365.webp 2048w, https:\/\/villarrealcf.es\/wp-content\/uploads\/2025\/12\/Benjamin-A-Roda.webp 1920w, https:\/\/villarrealcf.es\/wp-content\/uploads\/2025\/12\/Benjamin-A-Roda.webp 1920w, https:\/\/villarrealcf.es\/wp-content\/uploads\/2025\/12\/Benjamin-A-Roda-32x21.webp 32w, https:\/\/villarrealcf.es\/wp-content\/uploads\/2025\/12\/Benjamin-A-Roda-150x100.webp 150w, https:\/\/villarrealcf.es\/wp-content\/uploads\/2025\/12\/Benjamin-A-Roda.webp 1920w, https:\/\/villarrealcf.es\/wp-content\/uploads\/2025\/12\/Benjamin-A-Roda-1200x800.webp 1200w","sizes":"auto, (max-width: 2835px) 100vw, 2835px"},{"type":"text","widget":"text-editor","text":"Fila superior: Javier Guerrero (*), Iv\u00e1n Dom\u00ednguez (*), Xavi Collado, Dar\u00edo Fern\u00e1ndez, Santiago Corredor, Mart\u00edn Tabares, \u00c1lvaro Gago, Fernando Roig (presidente), \u00c1ngel Valle (*) y Adri\u00e1n T\u00e9llez (*).Fila Inferior: Marco Franch, \u00c1lvaro Granados, \u00c1ngel Torres, David Bel, Joel Fabregat e Ibrahim Khadim.","paragraphs":["Fila superior: Javier Guerrero (*), Iv\u00e1n Dom\u00ednguez (*), Xavi Collado, Dar\u00edo Fern\u00e1ndez, Santiago Corredor, Mart\u00edn Tabares, \u00c1lvaro Gago, Fernando Roig (presidente), \u00c1ngel Valle (*) y Adri\u00e1n T\u00e9llez (*).","Fila Inferior: Marco Franch, \u00c1lvaro Granados, \u00c1ngel Torres, David Bel, Joel Fabregat e Ibrahim Khadim."]}],"children":[]}],"hero":{"id":"406a075","type":"container","classes":["elementor-section","elementor-top-section","elementor-element","elementor-element-406a075","elementor-section-stretched","elementor-section-boxed","elementor-section-height-default"],"title":"","text":"Fila superior: Javier Guerrero (*), Iv\u00e1n Dom\u00ednguez (*), Xavi Collado, Dar\u00edo Fern\u00e1ndez, Santiago Corredor, Mart\u00edn Tabares, \u00c1lvaro Gago, Fernando Roig (presidente), \u00c1ngel Valle (*) y Adri\u00e1n T\u00e9llez (*).Fila Inferior: Marco Franch, \u00c1lvaro Granados, \u00c1ngel Torres, David Bel, Joel Fabregat e Ibrahim Khadim.","headings":[],"texts":[{"type":"text","widget":"text-editor","text":"Fila superior: Javier Guerrero (*), Iv\u00e1n Dom\u00ednguez (*), Xavi Collado, Dar\u00edo Fern\u00e1ndez, Santiago Corredor, Mart\u00edn Tabares, \u00c1lvaro Gago, Fernando Roig (presidente), \u00c1ngel Valle (*) y Adri\u00e1n T\u00e9llez (*).Fila Inferior: Marco Franch, \u00c1lvaro Granados, \u00c1ngel Torres, David Bel, Joel Fabregat e Ibrahim Khadim.","paragraphs":["Fila superior: Javier Guerrero (*), Iv\u00e1n Dom\u00ednguez (*), Xavi Collado, Dar\u00edo Fern\u00e1ndez, Santiago Corredor, Mart\u00edn Tabares, \u00c1lvaro Gago, Fernando Roig (presidente), \u00c1ngel Valle (*) y Adri\u00e1n T\u00e9llez (*).","Fila Inferior: Marco Franch, \u00c1lvaro Granados, \u00c1ngel Torres, David Bel, Joel Fabregat e Ibrahim Khadim."]}],"buttons":[],"images":[{"type":"image","widget":"image","url":"https:\/\/villarrealcf.es\/wp-content\/uploads\/2025\/12\/Benjamin-A-Roda.webp","alt":"","width":2835,"height":1890,"srcset":"https:\/\/villarrealcf.es\/wp-content\/uploads\/2025\/12\/Benjamin-A-Roda.webp 2835w, https:\/\/villarrealcf.es\/wp-content\/uploads\/2025\/12\/Benjamin-A-Roda-1620x1080.webp 1620w, https:\/\/villarrealcf.es\/wp-content\/uploads\/2025\/12\/Benjamin-A-Roda.webp 1920w, https:\/\/villarrealcf.es\/wp-content\/uploads\/2025\/12\/Benjamin-A-Roda-1536x1024.webp 1536w, https:\/\/villarrealcf.es\/wp-content\/uploads\/2025\/12\/Benjamin-A-Roda-2048x1365.webp 2048w, https:\/\/villarrealcf.es\/wp-content\/uploads\/2025\/12\/Benjamin-A-Roda.webp 1920w, https:\/\/villarrealcf.es\/wp-content\/uploads\/2025\/12\/Benjamin-A-Roda.webp 1920w, https:\/\/villarrealcf.es\/wp-content\/uploads\/2025\/12\/Benjamin-A-Roda-32x21.webp 32w, https:\/\/villarrealcf.es\/wp-content\/uploads\/2025\/12\/Benjamin-A-Roda-150x100.webp 150w, https:\/\/villarrealcf.es\/wp-content\/uploads\/2025\/12\/Benjamin-A-Roda.webp 1920w, https:\/\/villarrealcf.es\/wp-content\/uploads\/2025\/12\/Benjamin-A-Roda-1200x800.webp 1200w","sizes":"auto, (max-width: 2835px) 100vw, 2835px"}],"widgets":["image","text-editor"],"blocks":[{"type":"image","widget":"image","url":"https:\/\/villarrealcf.es\/wp-content\/uploads\/2025\/12\/Benjamin-A-Roda.webp","alt":"","width":2835,"height":1890,"srcset":"https:\/\/villarrealcf.es\/wp-content\/uploads\/2025\/12\/Benjamin-A-Roda.webp 2835w, https:\/\/villarrealcf.es\/wp-content\/uploads\/2025\/12\/Benjamin-A-Roda-1620x1080.webp 1620w, https:\/\/villarrealcf.es\/wp-content\/uploads\/2025\/12\/Benjamin-A-Roda.webp 1920w, https:\/\/villarrealcf.es\/wp-content\/uploads\/2025\/12\/Benjamin-A-Roda-1536x1024.webp 1536w, https:\/\/villarrealcf.es\/wp-content\/uploads\/2025\/12\/Benjamin-A-Roda-2048x1365.webp 2048w, https:\/\/villarrealcf.es\/wp-content\/uploads\/2025\/12\/Benjamin-A-Roda.webp 1920w, https:\/\/villarrealcf.es\/wp-content\/uploads\/2025\/12\/Benjamin-A-Roda.webp 1920w, https:\/\/villarrealcf.es\/wp-content\/uploads\/2025\/12\/Benjamin-A-Roda-32x21.webp 32w, https:\/\/villarrealcf.es\/wp-content\/uploads\/2025\/12\/Benjamin-A-Roda-150x100.webp 150w, https:\/\/villarrealcf.es\/wp-content\/uploads\/2025\/12\/Benjamin-A-Roda.webp 1920w, https:\/\/villarrealcf.es\/wp-content\/uploads\/2025\/12\/Benjamin-A-Roda-1200x800.webp 1200w","sizes":"auto, (max-width: 2835px) 100vw, 2835px"},{"type":"text","widget":"text-editor","text":"Fila superior: Javier Guerrero (*), Iv\u00e1n Dom\u00ednguez (*), Xavi Collado, Dar\u00edo Fern\u00e1ndez, Santiago Corredor, Mart\u00edn Tabares, \u00c1lvaro Gago, Fernando Roig (presidente), \u00c1ngel Valle (*) y Adri\u00e1n T\u00e9llez (*).Fila Inferior: Marco Franch, \u00c1lvaro Granados, \u00c1ngel Torres, David Bel, Joel Fabregat e Ibrahim Khadim.","paragraphs":["Fila superior: Javier Guerrero (*), Iv\u00e1n Dom\u00ednguez (*), Xavi Collado, Dar\u00edo Fern\u00e1ndez, Santiago Corredor, Mart\u00edn Tabares, \u00c1lvaro Gago, Fernando Roig (presidente), \u00c1ngel Valle (*) y Adri\u00e1n T\u00e9llez (*).","Fila Inferior: Marco Franch, \u00c1lvaro Granados, \u00c1ngel Torres, David Bel, Joel Fabregat e Ibrahim Khadim."]}],"children":[]}},"sections":[{"id":"406a075","title":"Fila superior: Javier Guerrero (*), Iv\u00e1n Dom\u00ednguez (*), Xavi Collado, Dar\u00edo Fern\u00e1ndez, Santiago Corredor, Mart\u00edn Tabares, \u00c1lvaro Gago, Fernando Roig (presidente), \u00c1ngel Valle (*) y Adri\u00e1n T\u00e9llez (*).Fila Inferior: Marco Franch, \u00c1lvaro Granados, \u00c1ngel Torres, David Bel, Joel Fabregat e Ibrahim Khadim.","text":"Fila superior: Javier Guerrero (*), Iv\u00e1n Dom\u00ednguez (*), Xavi Collado, Dar\u00edo Fern\u00e1ndez, Santiago Corredor, Mart\u00edn Tabares, \u00c1lvaro Gago, Fernando Roig (presidente), \u00c1ngel Valle (*) y Adri\u00e1n T\u00e9llez (*).Fila Inferior: Marco Franch, \u00c1lvaro Granados, \u00c1ngel Torres, David Bel, Joel Fabregat e Ibrahim Khadim.","url":"","background_image":"","images":[{"url":"https:\/\/villarrealcf.es\/wp-content\/uploads\/2025\/12\/Benjamin-A-Roda.webp","alt":"","width":2835,"height":1890}],"videos":[],"links":[]}]},"excerpt":{"rendered":"Fila superior: Javier Guerrero (*), Iv\u00e1n Dom\u00ednguez (*), Xavi Collado, Dar\u00edo Fern\u00e1ndez, Santiago Corredor, Mart\u00edn Tabares, \u00c1lvaro Gago, Fernando Roig (presidente), \u00c1ngel Valle (*) y Adri\u00e1n T\u00e9llez (*).Fila Inferior: Marco Franch, \u00c1lvaro Granados, \u00c1ngel Torres, David Bel, Joel Fabregat e Ibrahim Khadim.","protected":false},"author":1,"featured_media":0,"parent":240506,"menu_order":0,"comment_status":"closed","ping_status":"closed","template":"page-templates\/no-wrapper.php","meta":{"_acf_changed":false,"footnotes":""},"acf":null,"lang":"val","essential_grid":{"has_grid":false},"formatted_date":"April 8, 2024","modified_date":"January 7, 2026","permalink":"https:\/\/villarrealcf.es\/val\/cantera-grogueta\/benjamin-a-roda\/","reading_time":1,"featured_media_data":null,"author_data":{"id":"1","name":"root_envidea","first_name":"Villarreal CF","last_name":"","description":"","avatar_url":"https:\/\/secure.gravatar.com\/avatar\/48f95f42a3ccc324f3a3458e4b9e6fb070b083e99d388e170c1afb061fa99b63?s=96&d=mm&r=g","acf":null},"taxonomies_data":{"translation_priority":[{"id":735,"name":"Optional","slug":"optional-val","acf":null}]},"seo_full":{"native":{"title":"Benjam\u00edn A Roda - Web Oficial del Villarreal CF","description":"Fila superior: Javier Guerrero (*), Iv\u00e1n Dom\u00ednguez (*), Xavi Collado, Dar\u00edo Fern\u00e1ndez, Santiago Corredor, Mart\u00edn Tabares, \u00c1lvaro Gago, Fernando Roig&hellip;","canonical":"https:\/\/villarrealcf.es\/val\/cantera-grogueta\/benjamin-a-roda\/"}},"_links":{"self":[{"href":"https:\/\/villarrealcf.es\/val\/wp-json\/wp\/v2\/pages\/302919","targetHints":{"allow":["GET"]}}],"collection":[{"href":"https:\/\/villarrealcf.es\/val\/wp-json\/wp\/v2\/pages"}],"about":[{"href":"https:\/\/villarrealcf.es\/val\/wp-json\/wp\/v2\/types\/page"}],"author":[{"embeddable":true,"href":"https:\/\/villarrealcf.es\/val\/wp-json\/wp\/v2\/users\/1"}],"replies":[{"embeddable":true,"href":"https:\/\/villarrealcf.es\/val\/wp-json\/wp\/v2\/comments?post=302919"}],"version-history":[{"count":4,"href":"https:\/\/villarrealcf.es\/val\/wp-json\/wp\/v2\/pages\/302919\/revisions"}],"predecessor-version":[{"id":616387,"href":"https:\/\/villarrealcf.es\/val\/wp-json\/wp\/v2\/pages\/302919\/revisions\/616387"}],"up":[{"embeddable":true,"href":"https:\/\/villarrealcf.es\/val\/wp-json\/wp\/v2\/pages\/240506"}],"wp:attachment":[{"href":"https:\/\/villarrealcf.es\/val\/wp-json\/wp\/v2\/media?parent=302919"}],"curies":[{"name":"wp","href":"https:\/\/api.w.org\/{rel}","templated":true}]}}