{"id":287170,"date":"2023-10-30T16:37:20","date_gmt":"2023-10-30T15:37:20","guid":{"rendered":"https:\/\/villarrealcf.es\/inscripcion-playzone-ea-sports\/"},"modified":"2023-10-30T16:37:20","modified_gmt":"2023-10-30T15:37:20","slug":"inscripcion-playzone-ea-sports","status":"publish","type":"page","link":"https:\/\/villarrealcf.es\/val\/inscripcion-playzone-ea-sports\/","title":{"rendered":"Inscripci\u00f3n PlayZone EA Sports"},"content":{"protected":false,"blocks":[{"type":"widget","widget":"wpforms.default","text":"Please enable JavaScript in your browser to complete this form.Please enable JavaScript in your browser to complete this form.Nombre y apellidos del responsable legal *Email *Tel\u00e9fono *Localidad *Nombre del participante *Fecha de nacimiento *Nombre del club *Apellido del participante *\u00bfJuega en alg\u00fan club de f\u00fatbol? *S\u00edNoCondiciones de autorizaci\u00f3n *Autorizo a mi hijo\/a para que participe en la PlayZone EA Sports de la FanZone del Estadio de la Cer\u00e1mica. Reconozco y entiendo que hay ciertos riesgos asociados con la participaci\u00f3n en actividades de videojuegos y, por la presente, asumo todos los riesgos, responsabilidades y posibles consecuencias derivadas de la participaci\u00f3n de mi hijo\/a en dicha actividad.Pol\u00edtica de privacidad *He le\u00eddo y acepto la pol\u00edtica de privacidadTratamiento de im\u00e1genes con fines publicitariosAcepto el tratamiento de im\u00e1genes Responsable: YELLOW EVENTS AND SPORTS, S.L. Finalidad: Atender su solicitud y enviarle comunicaciones promocionales; Utilizaci\u00f3n y publicaci\u00f3n de im\u00e1genes en redes sociales con fines comerciales;\/p> Legitimaci\u00f3n: Ejecuci\u00f3n de un contrato, consentimiento del interesado, inter\u00e9s leg\u00edtimo del Responsable Cesiones: los datos cedidos no ser\u00e1n en ning\u00fan caso cedidos a terceros salvo por obligaciones legales expresas. Destinatarios: Est\u00e1n previstas cesiones de datos a: Consultora de protecci\u00f3n de datos, Villarreal CF, S.A.D Derecho de los interesados: Tiene derecho a acceder, rectificar y suprimir los datos, as\u00ed como otros derechos, indicados en la informaci\u00f3n adicional, que puede ejercer dirigi\u00e9ndose a campusytorneos@villarrealcf.es Enviar"}],"structured":{"summary":{"text":"Please enable JavaScript in your browser to complete this form.Please enable JavaScript in your browser to complete this form.Nombre y apellidos del responsable legal *Email *Tel\u00e9fono *Localidad *Nombre del participante *Fecha de nacimiento *Nombre del club *Apellido del participante *\u00bfJuega en alg\u00fan club de f\u00fatbol? *S\u00edNoCondiciones de autorizaci\u00f3n *Autorizo a mi hijo\/a para que participe en la PlayZone EA Sports de la FanZone del Estadio de la Cer\u00e1mica. Reconozco y entiendo que hay ciertos riesgos asociados con la participaci\u00f3n en actividades de videojuegos y, por la presente, asumo todos los riesgos, responsabilidades y posibles consecuencias derivadas de la participaci\u00f3n de mi hijo\/a en dicha actividad.Pol\u00edtica de privacidad *He le\u00eddo y acepto la pol\u00edtica de privacidadTratamiento de im\u00e1genes con fines publicitariosAcepto el tratamiento de im\u00e1genes Responsable: YELLOW EVENTS AND SPORTS, S.L. Finalidad: Atender su solicitud y enviarle comunicaciones promocionales; Utilizaci\u00f3n y publicaci\u00f3n de im\u00e1genes en redes sociales con fines comerciales;\/p> Legitimaci\u00f3n: Ejecuci\u00f3n de un contrato, consentimiento del interesado, inter\u00e9s leg\u00edtimo del Responsable Cesiones: los datos cedidos no ser\u00e1n en ning\u00fan caso cedidos a terceros salvo por obligaciones legales expresas. Destinatarios: Est\u00e1n previstas cesiones de datos a: Consultora de protecci\u00f3n de datos, Villarreal CF, S.A.D Derecho de los interesados: Tiene derecho a acceder, rectificar y suprimir los datos, as\u00ed como otros derechos, indicados en la informaci\u00f3n adicional, que puede ejercer dirigi\u00e9ndose a campusytorneos@villarrealcf.es Enviar","headings":[],"buttons":[],"images":[],"counts":{"blocks":1,"headings":0,"texts":1,"buttons":0,"images":0},"containers":1},"sections":[{"id":"8e673d6","type":"container","classes":["has-el-gap","el-gap-default","elementor-section","elementor-top-section","elementor-element","elementor-element-8e673d6","elementor-section-boxed","elementor-section-height-default"],"title":"","text":"Please enable JavaScript in your browser to complete this form.Please enable JavaScript in your browser to complete this form.Nombre y apellidos del responsable legal *Email *Tel\u00e9fono *Localidad *Nombre del participante *Fecha de nacimiento *Nombre del club *Apellido del participante *\u00bfJuega en alg\u00fan club de f\u00fatbol? *S\u00edNoCondiciones de autorizaci\u00f3n *Autorizo a mi hijo\/a para que participe en la PlayZone EA Sports de la FanZone del Estadio de la Cer\u00e1mica. Reconozco y entiendo que hay ciertos riesgos asociados con la participaci\u00f3n en actividades de videojuegos y, por la presente, asumo todos los riesgos, responsabilidades y posibles consecuencias derivadas de la participaci\u00f3n de mi hijo\/a en dicha actividad.Pol\u00edtica de privacidad *He le\u00eddo y acepto la pol\u00edtica de privacidadTratamiento de im\u00e1genes con fines publicitariosAcepto el tratamiento de im\u00e1genes Responsable: YELLOW EVENTS AND SPORTS, S.L. Finalidad: Atender su solicitud y enviarle comunicaciones promocionales; Utilizaci\u00f3n y publicaci\u00f3n de im\u00e1genes en redes sociales con fines comerciales;\/p> Legitimaci\u00f3n: Ejecuci\u00f3n de un contrato, consentimiento del interesado, inter\u00e9s leg\u00edtimo del Responsable Cesiones: los datos cedidos no ser\u00e1n en ning\u00fan caso cedidos a terceros salvo por obligaciones legales expresas. Destinatarios: Est\u00e1n previstas cesiones de datos a: Consultora de protecci\u00f3n de datos, Villarreal CF, S.A.D Derecho de los interesados: Tiene derecho a acceder, rectificar y suprimir los datos, as\u00ed como otros derechos, indicados en la informaci\u00f3n adicional, que puede ejercer dirigi\u00e9ndose a campusytorneos@villarrealcf.es Enviar","headings":[],"texts":[{"type":"widget","widget":"wpforms.default","text":"Please enable JavaScript in your browser to complete this form.Please enable JavaScript in your browser to complete this form.Nombre y apellidos del responsable legal *Email *Tel\u00e9fono *Localidad *Nombre del participante *Fecha de nacimiento *Nombre del club *Apellido del participante *\u00bfJuega en alg\u00fan club de f\u00fatbol? *S\u00edNoCondiciones de autorizaci\u00f3n *Autorizo a mi hijo\/a para que participe en la PlayZone EA Sports de la FanZone del Estadio de la Cer\u00e1mica. Reconozco y entiendo que hay ciertos riesgos asociados con la participaci\u00f3n en actividades de videojuegos y, por la presente, asumo todos los riesgos, responsabilidades y posibles consecuencias derivadas de la participaci\u00f3n de mi hijo\/a en dicha actividad.Pol\u00edtica de privacidad *He le\u00eddo y acepto la pol\u00edtica de privacidadTratamiento de im\u00e1genes con fines publicitariosAcepto el tratamiento de im\u00e1genes Responsable: YELLOW EVENTS AND SPORTS, S.L. Finalidad: Atender su solicitud y enviarle comunicaciones promocionales; Utilizaci\u00f3n y publicaci\u00f3n de im\u00e1genes en redes sociales con fines comerciales;\/p> Legitimaci\u00f3n: Ejecuci\u00f3n de un contrato, consentimiento del interesado, inter\u00e9s leg\u00edtimo del Responsable Cesiones: los datos cedidos no ser\u00e1n en ning\u00fan caso cedidos a terceros salvo por obligaciones legales expresas. Destinatarios: Est\u00e1n previstas cesiones de datos a: Consultora de protecci\u00f3n de datos, Villarreal CF, S.A.D Derecho de los interesados: Tiene derecho a acceder, rectificar y suprimir los datos, as\u00ed como otros derechos, indicados en la informaci\u00f3n adicional, que puede ejercer dirigi\u00e9ndose a campusytorneos@villarrealcf.es Enviar"}],"buttons":[],"images":[],"widgets":["wpforms.default"],"blocks":[{"type":"widget","widget":"wpforms.default","text":"Please enable JavaScript in your browser to complete this form.Please enable JavaScript in your browser to complete this form.Nombre y apellidos del responsable legal *Email *Tel\u00e9fono *Localidad *Nombre del participante *Fecha de nacimiento *Nombre del club *Apellido del participante *\u00bfJuega en alg\u00fan club de f\u00fatbol? *S\u00edNoCondiciones de autorizaci\u00f3n *Autorizo a mi hijo\/a para que participe en la PlayZone EA Sports de la FanZone del Estadio de la Cer\u00e1mica. Reconozco y entiendo que hay ciertos riesgos asociados con la participaci\u00f3n en actividades de videojuegos y, por la presente, asumo todos los riesgos, responsabilidades y posibles consecuencias derivadas de la participaci\u00f3n de mi hijo\/a en dicha actividad.Pol\u00edtica de privacidad *He le\u00eddo y acepto la pol\u00edtica de privacidadTratamiento de im\u00e1genes con fines publicitariosAcepto el tratamiento de im\u00e1genes Responsable: YELLOW EVENTS AND SPORTS, S.L. Finalidad: Atender su solicitud y enviarle comunicaciones promocionales; Utilizaci\u00f3n y publicaci\u00f3n de im\u00e1genes en redes sociales con fines comerciales;\/p> Legitimaci\u00f3n: Ejecuci\u00f3n de un contrato, consentimiento del interesado, inter\u00e9s leg\u00edtimo del Responsable Cesiones: los datos cedidos no ser\u00e1n en ning\u00fan caso cedidos a terceros salvo por obligaciones legales expresas. Destinatarios: Est\u00e1n previstas cesiones de datos a: Consultora de protecci\u00f3n de datos, Villarreal CF, S.A.D Derecho de los interesados: Tiene derecho a acceder, rectificar y suprimir los datos, as\u00ed como otros derechos, indicados en la informaci\u00f3n adicional, que puede ejercer dirigi\u00e9ndose a campusytorneos@villarrealcf.es Enviar"}],"children":[]}],"hero":{"id":"8e673d6","type":"container","classes":["has-el-gap","el-gap-default","elementor-section","elementor-top-section","elementor-element","elementor-element-8e673d6","elementor-section-boxed","elementor-section-height-default"],"title":"","text":"Please enable JavaScript in your browser to complete this form.Please enable JavaScript in your browser to complete this form.Nombre y apellidos del responsable legal *Email *Tel\u00e9fono *Localidad *Nombre del participante *Fecha de nacimiento *Nombre del club *Apellido del participante *\u00bfJuega en alg\u00fan club de f\u00fatbol? *S\u00edNoCondiciones de autorizaci\u00f3n *Autorizo a mi hijo\/a para que participe en la PlayZone EA Sports de la FanZone del Estadio de la Cer\u00e1mica. Reconozco y entiendo que hay ciertos riesgos asociados con la participaci\u00f3n en actividades de videojuegos y, por la presente, asumo todos los riesgos, responsabilidades y posibles consecuencias derivadas de la participaci\u00f3n de mi hijo\/a en dicha actividad.Pol\u00edtica de privacidad *He le\u00eddo y acepto la pol\u00edtica de privacidadTratamiento de im\u00e1genes con fines publicitariosAcepto el tratamiento de im\u00e1genes Responsable: YELLOW EVENTS AND SPORTS, S.L. Finalidad: Atender su solicitud y enviarle comunicaciones promocionales; Utilizaci\u00f3n y publicaci\u00f3n de im\u00e1genes en redes sociales con fines comerciales;\/p> Legitimaci\u00f3n: Ejecuci\u00f3n de un contrato, consentimiento del interesado, inter\u00e9s leg\u00edtimo del Responsable Cesiones: los datos cedidos no ser\u00e1n en ning\u00fan caso cedidos a terceros salvo por obligaciones legales expresas. Destinatarios: Est\u00e1n previstas cesiones de datos a: Consultora de protecci\u00f3n de datos, Villarreal CF, S.A.D Derecho de los interesados: Tiene derecho a acceder, rectificar y suprimir los datos, as\u00ed como otros derechos, indicados en la informaci\u00f3n adicional, que puede ejercer dirigi\u00e9ndose a campusytorneos@villarrealcf.es Enviar","headings":[],"texts":[{"type":"widget","widget":"wpforms.default","text":"Please enable JavaScript in your browser to complete this form.Please enable JavaScript in your browser to complete this form.Nombre y apellidos del responsable legal *Email *Tel\u00e9fono *Localidad *Nombre del participante *Fecha de nacimiento *Nombre del club *Apellido del participante *\u00bfJuega en alg\u00fan club de f\u00fatbol? *S\u00edNoCondiciones de autorizaci\u00f3n *Autorizo a mi hijo\/a para que participe en la PlayZone EA Sports de la FanZone del Estadio de la Cer\u00e1mica. Reconozco y entiendo que hay ciertos riesgos asociados con la participaci\u00f3n en actividades de videojuegos y, por la presente, asumo todos los riesgos, responsabilidades y posibles consecuencias derivadas de la participaci\u00f3n de mi hijo\/a en dicha actividad.Pol\u00edtica de privacidad *He le\u00eddo y acepto la pol\u00edtica de privacidadTratamiento de im\u00e1genes con fines publicitariosAcepto el tratamiento de im\u00e1genes Responsable: YELLOW EVENTS AND SPORTS, S.L. Finalidad: Atender su solicitud y enviarle comunicaciones promocionales; Utilizaci\u00f3n y publicaci\u00f3n de im\u00e1genes en redes sociales con fines comerciales;\/p> Legitimaci\u00f3n: Ejecuci\u00f3n de un contrato, consentimiento del interesado, inter\u00e9s leg\u00edtimo del Responsable Cesiones: los datos cedidos no ser\u00e1n en ning\u00fan caso cedidos a terceros salvo por obligaciones legales expresas. Destinatarios: Est\u00e1n previstas cesiones de datos a: Consultora de protecci\u00f3n de datos, Villarreal CF, S.A.D Derecho de los interesados: Tiene derecho a acceder, rectificar y suprimir los datos, as\u00ed como otros derechos, indicados en la informaci\u00f3n adicional, que puede ejercer dirigi\u00e9ndose a campusytorneos@villarrealcf.es Enviar"}],"buttons":[],"images":[],"widgets":["wpforms.default"],"blocks":[{"type":"widget","widget":"wpforms.default","text":"Please enable JavaScript in your browser to complete this form.Please enable JavaScript in your browser to complete this form.Nombre y apellidos del responsable legal *Email *Tel\u00e9fono *Localidad *Nombre del participante *Fecha de nacimiento *Nombre del club *Apellido del participante *\u00bfJuega en alg\u00fan club de f\u00fatbol? *S\u00edNoCondiciones de autorizaci\u00f3n *Autorizo a mi hijo\/a para que participe en la PlayZone EA Sports de la FanZone del Estadio de la Cer\u00e1mica. Reconozco y entiendo que hay ciertos riesgos asociados con la participaci\u00f3n en actividades de videojuegos y, por la presente, asumo todos los riesgos, responsabilidades y posibles consecuencias derivadas de la participaci\u00f3n de mi hijo\/a en dicha actividad.Pol\u00edtica de privacidad *He le\u00eddo y acepto la pol\u00edtica de privacidadTratamiento de im\u00e1genes con fines publicitariosAcepto el tratamiento de im\u00e1genes Responsable: YELLOW EVENTS AND SPORTS, S.L. Finalidad: Atender su solicitud y enviarle comunicaciones promocionales; Utilizaci\u00f3n y publicaci\u00f3n de im\u00e1genes en redes sociales con fines comerciales;\/p> Legitimaci\u00f3n: Ejecuci\u00f3n de un contrato, consentimiento del interesado, inter\u00e9s leg\u00edtimo del Responsable Cesiones: los datos cedidos no ser\u00e1n en ning\u00fan caso cedidos a terceros salvo por obligaciones legales expresas. Destinatarios: Est\u00e1n previstas cesiones de datos a: Consultora de protecci\u00f3n de datos, Villarreal CF, S.A.D Derecho de los interesados: Tiene derecho a acceder, rectificar y suprimir los datos, as\u00ed como otros derechos, indicados en la informaci\u00f3n adicional, que puede ejercer dirigi\u00e9ndose a campusytorneos@villarrealcf.es Enviar"}],"children":[]}},"sections":[{"id":"8e673d6","title":"pol\u00edtica de privacidad","text":"Please enable JavaScript in your browser to complete this form.Please enable JavaScript in your browser to complete this form.Nombre y apellidos del responsable legal *Email *Tel\u00e9fono *Localidad *Nombre del participante *Fecha de nacimiento *Nombre del club *Apellido del participante *\u00bfJuega en alg\u00fan club de f\u00fatbol? *S\u00edNoCondiciones de autorizaci\u00f3n *Autorizo a mi hijo\/a para que participe en la PlayZone EA Sports de la FanZone del Estadio de la Cer\u00e1mica. Reconozco y entiendo que hay ciertos riesgos asociados con la participaci\u00f3n en actividades de videojuegos y, por la presente, asumo todos los riesgos, responsabilidades y posibles consecuencias derivadas de la participaci\u00f3n de mi hijo\/a en dicha actividad.Pol\u00edtica de privacidad *He le\u00eddo y acepto la pol\u00edtica de privacidadTratamiento de im\u00e1genes con fines publicitariosAcepto el tratamiento de im\u00e1genes Responsable: YELLOW EVENTS AND SPORTS, S.L. Finalidad: Atender su solicitud y enviarle comunicaciones promocionales; Utilizaci\u00f3n y publicaci\u00f3n de im\u00e1genes en redes sociales con fines comerciales;\/p> Legitimaci\u00f3n: Ejecuci\u00f3n de un contrato, consentimiento del interesado, inter\u00e9s leg\u00edtimo del Responsable Cesiones: los datos cedidos no ser\u00e1n en ning\u00fan caso cedidos a terceros salvo por obligaciones legales expresas. Destinatarios: Est\u00e1n previstas cesiones de datos a: Consultora de protecci\u00f3n de datos, Villarreal CF, S.A.D Derecho de los interesados: Tiene derecho a acceder, rectificar y suprimir los datos, as\u00ed como otros derechos, indicados en la informaci\u00f3n adicional, que puede ejercer dirigi\u00e9ndose a campusytorneos@villarrealcf.es Enviar","url":"\/politica-de-privacidad","background_image":"","images":[{"url":"https:\/\/villarrealcf.es\/wp-content\/plugins\/wpforms\/assets\/images\/submit-spin.svg","alt":"Loading","width":26,"height":26}],"videos":[],"links":[{"url":"\/politica-de-privacidad","text":"pol\u00edtica de privacidad","target":""}]}]},"excerpt":{"rendered":"Please enable JavaScript in your browser to complete this form.Dise\u00f1oNombre y apellidos del responsable legal *Email *Tel\u00e9fono *Localidad * Dise\u00f1oNombre del participante *Fecha de nacimiento *Nombre del club *Apellido del participante *\u00bfJuega en alg\u00fan club de f\u00fatbol? * S\u00ed No Condiciones de autorizaci\u00f3n * Autorizo a mi hijo\/a para que participe en la PlayZone EA","protected":false},"author":1,"featured_media":0,"parent":0,"menu_order":0,"comment_status":"closed","ping_status":"closed","template":"page-templates\/no-wrapper.php","meta":{"_acf_changed":false,"footnotes":""},"acf":null,"lang":"val","formatted_date":"October 30, 2023","modified_date":"October 30, 2023","permalink":"https:\/\/villarrealcf.es\/val\/inscripcion-playzone-ea-sports\/","reading_time":2,"featured_media_data":null,"author_data":{"id":"1","name":"root_envidea","first_name":"Villarreal CF","last_name":"","description":"","avatar_url":"https:\/\/secure.gravatar.com\/avatar\/48f95f42a3ccc324f3a3458e4b9e6fb070b083e99d388e170c1afb061fa99b63?s=96&d=mm&r=g","acf":null},"taxonomies_data":{"translation_priority":[{"id":735,"name":"Optional","slug":"optional-val","acf":null}]},"seo_full":{"native":{"title":"Inscripci\u00f3n PlayZone EA Sports - Web Oficial del Villarreal CF","description":"Please enable JavaScript in your browser to complete this form.Dise\u00f1oNombre y apellidos del responsable legal *Email *Tel\u00e9fono *Localidad * Dise\u00f1oNombre&hellip;","canonical":"https:\/\/villarrealcf.es\/val\/inscripcion-playzone-ea-sports\/"}},"_links":{"self":[{"href":"https:\/\/villarrealcf.es\/val\/wp-json\/wp\/v2\/pages\/287170","targetHints":{"allow":["GET"]}}],"collection":[{"href":"https:\/\/villarrealcf.es\/val\/wp-json\/wp\/v2\/pages"}],"about":[{"href":"https:\/\/villarrealcf.es\/val\/wp-json\/wp\/v2\/types\/page"}],"author":[{"embeddable":true,"href":"https:\/\/villarrealcf.es\/val\/wp-json\/wp\/v2\/users\/1"}],"replies":[{"embeddable":true,"href":"https:\/\/villarrealcf.es\/val\/wp-json\/wp\/v2\/comments?post=287170"}],"version-history":[{"count":0,"href":"https:\/\/villarrealcf.es\/val\/wp-json\/wp\/v2\/pages\/287170\/revisions"}],"wp:attachment":[{"href":"https:\/\/villarrealcf.es\/val\/wp-json\/wp\/v2\/media?parent=287170"}],"curies":[{"name":"wp","href":"https:\/\/api.w.org\/{rel}","templated":true}]}}