{"id":280294,"date":"2023-09-04T10:29:31","date_gmt":"2023-09-04T08:29:31","guid":{"rendered":"https:\/\/villarrealcf.es\/\/estadiodelaceramica\/club-1923\/"},"modified":"2024-11-13T17:20:03","modified_gmt":"2024-11-13T16:20:03","slug":"club-1923","status":"publish","type":"page","link":"https:\/\/villarrealcf.es\/val\/club-1923\/","title":{"rendered":"Club 1923"},"content":{"protected":false,"blocks":[{"type":"carousel","widget":"image-carousel","items":[{"url":"https:\/\/villarrealcf.es\/wp-content\/uploads\/elementor\/thumbs\/VillarrealCF-FCBarcelona-288-scaled-qbwv74nianvtt02eo9qlfhzlbb0ld3j5potvn5mfqo.webp","alt":"VillarrealCF-FCBarcelona-288","width":0,"height":0},{"url":"https:\/\/villarrealcf.es\/wp-content\/uploads\/elementor\/thumbs\/VillarrealCF-FCBarcelona-102-scaled-qbwv6cgclmt84p7d8xjscp3rhqvky6f7lt9b8us8xc.webp","alt":"CLUB 1923 AFICION","width":0,"height":0},{"url":"https:\/\/villarrealcf.es\/wp-content\/uploads\/elementor\/thumbs\/VillarrealCF-FCBarcelona-009-scaled-qbwv41qjw7nzr0jinxsm99z77u7a4tatyful0i6w4w.webp","alt":"CLUB 1923","width":0,"height":0},{"url":"https:\/\/villarrealcf.es\/wp-content\/uploads\/elementor\/thumbs\/VillarrealCF-FCBarcelona-010-scaled-qbwv4txpl8qlfbek39zfc2v11ecajqes2bf5et12y8.webp","alt":"CLUB 1923","width":0,"height":0},{"url":"https:\/\/villarrealcf.es\/wp-content\/uploads\/elementor\/thumbs\/VillarrealCF-FCBarcelona-101-scaled-qbwv5o0jnxvrqu6v7mzhjv9s1q81e1q6ugaornshf4.webp","alt":"CLUB 1923","width":0,"height":0}]},{"type":"widget","widget":"eael-info-box.default","text":"Espai amb reserva pr\u00e8via, acc\u00e9s per Porta 27.Reserva: events@villarrealcf.es"},{"type":"text","widget":"text-editor","text":"El Club 1923 \u00e9s un espai modern i avantguardista que corona el Fons Sud de l\u2019Estadio de la Cer\u00e1mica. Aquesta impressionant sala, que consta d\u2019una dimensi\u00f3 de 400m2, presumeix d\u2019una espectacular visi\u00f3 del rectangle de joc i tamb\u00e9 exerceix com un meravell\u00f3s mirador amb vista a la ciutat de Vila-real. Aquest nou espai est\u00e0 completament equipat amb un mobiliari innovador i confortable, pantalles d\u2019alta resoluci\u00f3 i equipament ac\u00fastic, a m\u00e9s de servei en barres i cuina, Amb tot aix\u00f2, ofereix moltes possibilitats per a gaudir dels partits del Villarreal, aix\u00ed com albergar esdeveniments corporatius o celebracions privades. Per a obtindre m\u00e9s informaci\u00f3 sobre reserves i espais pots contactar a trav\u00e9s del correu events@villarrealcf.es","paragraphs":["El Club 1923 \u00e9s un espai modern i avantguardista que corona el Fons Sud de l\u2019Estadio de la Cer\u00e1mica. Aquesta impressionant sala, que consta d\u2019una dimensi\u00f3 de 400m2, presumeix d\u2019una espectacular visi\u00f3 del rectangle de joc i tamb\u00e9 exerceix com un meravell\u00f3s mirador amb vista a la ciutat de Vila-real.","Aquest nou espai est\u00e0 completament equipat amb un mobiliari innovador i confortable, pantalles d\u2019alta resoluci\u00f3 i equipament ac\u00fastic, a m\u00e9s de servei en barres i cuina, Amb tot aix\u00f2, ofereix moltes possibilitats per a gaudir dels partits del Villarreal, aix\u00ed com albergar esdeveniments corporatius o celebracions privades.","Per a obtindre m\u00e9s informaci\u00f3 sobre reserves i espais pots contactar a trav\u00e9s del correu events@villarrealcf.es"]}],"structured":{"summary":{"text":"Espai amb reserva pr\u00e8via, acc\u00e9s per Porta 27.Reserva: events@villarrealcf.es El Club 1923 \u00e9s un espai modern i avantguardista que corona el Fons Sud de l\u2019Estadio de la Cer\u00e1mica. Aquesta impressionant sala, que consta d\u2019una dimensi\u00f3 de 400m2, presumeix d\u2019una espectacular visi\u00f3 del rectangle de joc i tamb\u00e9 exerceix com un meravell\u00f3s mirador amb vista a la ciutat de Vila-real. Aquest nou espai est\u00e0 completament equipat amb un mobiliari innovador i confortable, pantalles d\u2019alta resoluci\u00f3 i equipament ac\u00fastic, a m\u00e9s de servei en barres i cuina, Amb tot aix\u00f2, ofereix moltes possibilitats per a gaudir dels partits del Villarreal, aix\u00ed com albergar esdeveniments corporatius o celebracions privades. Per a obtindre m\u00e9s informaci\u00f3 sobre reserves i espais pots contactar a trav\u00e9s del correu events@villarrealcf.es","headings":[],"buttons":[],"images":[{"type":"carousel","items":[{"url":"https:\/\/villarrealcf.es\/wp-content\/uploads\/elementor\/thumbs\/VillarrealCF-FCBarcelona-288-scaled-qbwv74nianvtt02eo9qlfhzlbb0ld3j5potvn5mfqo.webp","alt":"VillarrealCF-FCBarcelona-288","width":0,"height":0},{"url":"https:\/\/villarrealcf.es\/wp-content\/uploads\/elementor\/thumbs\/VillarrealCF-FCBarcelona-102-scaled-qbwv6cgclmt84p7d8xjscp3rhqvky6f7lt9b8us8xc.webp","alt":"CLUB 1923 AFICION","width":0,"height":0},{"url":"https:\/\/villarrealcf.es\/wp-content\/uploads\/elementor\/thumbs\/VillarrealCF-FCBarcelona-009-scaled-qbwv41qjw7nzr0jinxsm99z77u7a4tatyful0i6w4w.webp","alt":"CLUB 1923","width":0,"height":0},{"url":"https:\/\/villarrealcf.es\/wp-content\/uploads\/elementor\/thumbs\/VillarrealCF-FCBarcelona-010-scaled-qbwv4txpl8qlfbek39zfc2v11ecajqes2bf5et12y8.webp","alt":"CLUB 1923","width":0,"height":0},{"url":"https:\/\/villarrealcf.es\/wp-content\/uploads\/elementor\/thumbs\/VillarrealCF-FCBarcelona-101-scaled-qbwv5o0jnxvrqu6v7mzhjv9s1q81e1q6ugaornshf4.webp","alt":"CLUB 1923","width":0,"height":0}]}],"counts":{"blocks":3,"headings":0,"texts":2,"buttons":0,"images":1},"containers":1},"sections":[{"id":"9fdc25f","type":"container","classes":["has-el-gap","el-gap-default","elementor-section","elementor-top-section","elementor-element","elementor-element-9fdc25f","elementor-section-boxed","elementor-section-height-default"],"title":"","text":"Espai amb reserva pr\u00e8via, acc\u00e9s per Porta 27.Reserva: events@villarrealcf.es El Club 1923 \u00e9s un espai modern i avantguardista que corona el Fons Sud de l\u2019Estadio de la Cer\u00e1mica. Aquesta impressionant sala, que consta d\u2019una dimensi\u00f3 de 400m2, presumeix d\u2019una espectacular visi\u00f3 del rectangle de joc i tamb\u00e9 exerceix com un meravell\u00f3s mirador amb vista a la ciutat de Vila-real. Aquest nou espai est\u00e0 completament equipat amb un mobiliari innovador i confortable, pantalles d\u2019alta resoluci\u00f3 i equipament ac\u00fastic, a m\u00e9s de servei en barres i cuina, Amb tot aix\u00f2, ofereix moltes possibilitats per a gaudir dels partits del Villarreal, aix\u00ed com albergar esdeveniments corporatius o celebracions privades. Per a obtindre m\u00e9s informaci\u00f3 sobre reserves i espais pots contactar a trav\u00e9s del correu events@villarrealcf.es","headings":[],"texts":[{"type":"widget","widget":"eael-info-box.default","text":"Espai amb reserva pr\u00e8via, acc\u00e9s per Porta 27.Reserva: events@villarrealcf.es"},{"type":"text","widget":"text-editor","text":"El Club 1923 \u00e9s un espai modern i avantguardista que corona el Fons Sud de l\u2019Estadio de la Cer\u00e1mica. Aquesta impressionant sala, que consta d\u2019una dimensi\u00f3 de 400m2, presumeix d\u2019una espectacular visi\u00f3 del rectangle de joc i tamb\u00e9 exerceix com un meravell\u00f3s mirador amb vista a la ciutat de Vila-real. Aquest nou espai est\u00e0 completament equipat amb un mobiliari innovador i confortable, pantalles d\u2019alta resoluci\u00f3 i equipament ac\u00fastic, a m\u00e9s de servei en barres i cuina, Amb tot aix\u00f2, ofereix moltes possibilitats per a gaudir dels partits del Villarreal, aix\u00ed com albergar esdeveniments corporatius o celebracions privades. Per a obtindre m\u00e9s informaci\u00f3 sobre reserves i espais pots contactar a trav\u00e9s del correu events@villarrealcf.es","paragraphs":["El Club 1923 \u00e9s un espai modern i avantguardista que corona el Fons Sud de l\u2019Estadio de la Cer\u00e1mica. Aquesta impressionant sala, que consta d\u2019una dimensi\u00f3 de 400m2, presumeix d\u2019una espectacular visi\u00f3 del rectangle de joc i tamb\u00e9 exerceix com un meravell\u00f3s mirador amb vista a la ciutat de Vila-real.","Aquest nou espai est\u00e0 completament equipat amb un mobiliari innovador i confortable, pantalles d\u2019alta resoluci\u00f3 i equipament ac\u00fastic, a m\u00e9s de servei en barres i cuina, Amb tot aix\u00f2, ofereix moltes possibilitats per a gaudir dels partits del Villarreal, aix\u00ed com albergar esdeveniments corporatius o celebracions privades.","Per a obtindre m\u00e9s informaci\u00f3 sobre reserves i espais pots contactar a trav\u00e9s del correu events@villarrealcf.es"]}],"buttons":[],"images":[{"type":"carousel","items":[{"url":"https:\/\/villarrealcf.es\/wp-content\/uploads\/elementor\/thumbs\/VillarrealCF-FCBarcelona-288-scaled-qbwv74nianvtt02eo9qlfhzlbb0ld3j5potvn5mfqo.webp","alt":"VillarrealCF-FCBarcelona-288","width":0,"height":0},{"url":"https:\/\/villarrealcf.es\/wp-content\/uploads\/elementor\/thumbs\/VillarrealCF-FCBarcelona-102-scaled-qbwv6cgclmt84p7d8xjscp3rhqvky6f7lt9b8us8xc.webp","alt":"CLUB 1923 AFICION","width":0,"height":0},{"url":"https:\/\/villarrealcf.es\/wp-content\/uploads\/elementor\/thumbs\/VillarrealCF-FCBarcelona-009-scaled-qbwv41qjw7nzr0jinxsm99z77u7a4tatyful0i6w4w.webp","alt":"CLUB 1923","width":0,"height":0},{"url":"https:\/\/villarrealcf.es\/wp-content\/uploads\/elementor\/thumbs\/VillarrealCF-FCBarcelona-010-scaled-qbwv4txpl8qlfbek39zfc2v11ecajqes2bf5et12y8.webp","alt":"CLUB 1923","width":0,"height":0},{"url":"https:\/\/villarrealcf.es\/wp-content\/uploads\/elementor\/thumbs\/VillarrealCF-FCBarcelona-101-scaled-qbwv5o0jnxvrqu6v7mzhjv9s1q81e1q6ugaornshf4.webp","alt":"CLUB 1923","width":0,"height":0}]}],"widgets":["image-carousel","eael-info-box.default","text-editor"],"blocks":[{"type":"carousel","widget":"image-carousel","items":[{"url":"https:\/\/villarrealcf.es\/wp-content\/uploads\/elementor\/thumbs\/VillarrealCF-FCBarcelona-288-scaled-qbwv74nianvtt02eo9qlfhzlbb0ld3j5potvn5mfqo.webp","alt":"VillarrealCF-FCBarcelona-288","width":0,"height":0},{"url":"https:\/\/villarrealcf.es\/wp-content\/uploads\/elementor\/thumbs\/VillarrealCF-FCBarcelona-102-scaled-qbwv6cgclmt84p7d8xjscp3rhqvky6f7lt9b8us8xc.webp","alt":"CLUB 1923 AFICION","width":0,"height":0},{"url":"https:\/\/villarrealcf.es\/wp-content\/uploads\/elementor\/thumbs\/VillarrealCF-FCBarcelona-009-scaled-qbwv41qjw7nzr0jinxsm99z77u7a4tatyful0i6w4w.webp","alt":"CLUB 1923","width":0,"height":0},{"url":"https:\/\/villarrealcf.es\/wp-content\/uploads\/elementor\/thumbs\/VillarrealCF-FCBarcelona-010-scaled-qbwv4txpl8qlfbek39zfc2v11ecajqes2bf5et12y8.webp","alt":"CLUB 1923","width":0,"height":0},{"url":"https:\/\/villarrealcf.es\/wp-content\/uploads\/elementor\/thumbs\/VillarrealCF-FCBarcelona-101-scaled-qbwv5o0jnxvrqu6v7mzhjv9s1q81e1q6ugaornshf4.webp","alt":"CLUB 1923","width":0,"height":0}]},{"type":"widget","widget":"eael-info-box.default","text":"Espai amb reserva pr\u00e8via, acc\u00e9s per Porta 27.Reserva: events@villarrealcf.es"},{"type":"text","widget":"text-editor","text":"El Club 1923 \u00e9s un espai modern i avantguardista que corona el Fons Sud de l\u2019Estadio de la Cer\u00e1mica. Aquesta impressionant sala, que consta d\u2019una dimensi\u00f3 de 400m2, presumeix d\u2019una espectacular visi\u00f3 del rectangle de joc i tamb\u00e9 exerceix com un meravell\u00f3s mirador amb vista a la ciutat de Vila-real. Aquest nou espai est\u00e0 completament equipat amb un mobiliari innovador i confortable, pantalles d\u2019alta resoluci\u00f3 i equipament ac\u00fastic, a m\u00e9s de servei en barres i cuina, Amb tot aix\u00f2, ofereix moltes possibilitats per a gaudir dels partits del Villarreal, aix\u00ed com albergar esdeveniments corporatius o celebracions privades. Per a obtindre m\u00e9s informaci\u00f3 sobre reserves i espais pots contactar a trav\u00e9s del correu events@villarrealcf.es","paragraphs":["El Club 1923 \u00e9s un espai modern i avantguardista que corona el Fons Sud de l\u2019Estadio de la Cer\u00e1mica. Aquesta impressionant sala, que consta d\u2019una dimensi\u00f3 de 400m2, presumeix d\u2019una espectacular visi\u00f3 del rectangle de joc i tamb\u00e9 exerceix com un meravell\u00f3s mirador amb vista a la ciutat de Vila-real.","Aquest nou espai est\u00e0 completament equipat amb un mobiliari innovador i confortable, pantalles d\u2019alta resoluci\u00f3 i equipament ac\u00fastic, a m\u00e9s de servei en barres i cuina, Amb tot aix\u00f2, ofereix moltes possibilitats per a gaudir dels partits del Villarreal, aix\u00ed com albergar esdeveniments corporatius o celebracions privades.","Per a obtindre m\u00e9s informaci\u00f3 sobre reserves i espais pots contactar a trav\u00e9s del correu events@villarrealcf.es"]}],"children":[]}],"hero":{"id":"9fdc25f","type":"container","classes":["has-el-gap","el-gap-default","elementor-section","elementor-top-section","elementor-element","elementor-element-9fdc25f","elementor-section-boxed","elementor-section-height-default"],"title":"","text":"Espai amb reserva pr\u00e8via, acc\u00e9s per Porta 27.Reserva: events@villarrealcf.es El Club 1923 \u00e9s un espai modern i avantguardista que corona el Fons Sud de l\u2019Estadio de la Cer\u00e1mica. Aquesta impressionant sala, que consta d\u2019una dimensi\u00f3 de 400m2, presumeix d\u2019una espectacular visi\u00f3 del rectangle de joc i tamb\u00e9 exerceix com un meravell\u00f3s mirador amb vista a la ciutat de Vila-real. Aquest nou espai est\u00e0 completament equipat amb un mobiliari innovador i confortable, pantalles d\u2019alta resoluci\u00f3 i equipament ac\u00fastic, a m\u00e9s de servei en barres i cuina, Amb tot aix\u00f2, ofereix moltes possibilitats per a gaudir dels partits del Villarreal, aix\u00ed com albergar esdeveniments corporatius o celebracions privades. Per a obtindre m\u00e9s informaci\u00f3 sobre reserves i espais pots contactar a trav\u00e9s del correu events@villarrealcf.es","headings":[],"texts":[{"type":"widget","widget":"eael-info-box.default","text":"Espai amb reserva pr\u00e8via, acc\u00e9s per Porta 27.Reserva: events@villarrealcf.es"},{"type":"text","widget":"text-editor","text":"El Club 1923 \u00e9s un espai modern i avantguardista que corona el Fons Sud de l\u2019Estadio de la Cer\u00e1mica. Aquesta impressionant sala, que consta d\u2019una dimensi\u00f3 de 400m2, presumeix d\u2019una espectacular visi\u00f3 del rectangle de joc i tamb\u00e9 exerceix com un meravell\u00f3s mirador amb vista a la ciutat de Vila-real. Aquest nou espai est\u00e0 completament equipat amb un mobiliari innovador i confortable, pantalles d\u2019alta resoluci\u00f3 i equipament ac\u00fastic, a m\u00e9s de servei en barres i cuina, Amb tot aix\u00f2, ofereix moltes possibilitats per a gaudir dels partits del Villarreal, aix\u00ed com albergar esdeveniments corporatius o celebracions privades. Per a obtindre m\u00e9s informaci\u00f3 sobre reserves i espais pots contactar a trav\u00e9s del correu events@villarrealcf.es","paragraphs":["El Club 1923 \u00e9s un espai modern i avantguardista que corona el Fons Sud de l\u2019Estadio de la Cer\u00e1mica. Aquesta impressionant sala, que consta d\u2019una dimensi\u00f3 de 400m2, presumeix d\u2019una espectacular visi\u00f3 del rectangle de joc i tamb\u00e9 exerceix com un meravell\u00f3s mirador amb vista a la ciutat de Vila-real.","Aquest nou espai est\u00e0 completament equipat amb un mobiliari innovador i confortable, pantalles d\u2019alta resoluci\u00f3 i equipament ac\u00fastic, a m\u00e9s de servei en barres i cuina, Amb tot aix\u00f2, ofereix moltes possibilitats per a gaudir dels partits del Villarreal, aix\u00ed com albergar esdeveniments corporatius o celebracions privades.","Per a obtindre m\u00e9s informaci\u00f3 sobre reserves i espais pots contactar a trav\u00e9s del correu events@villarrealcf.es"]}],"buttons":[],"images":[{"type":"carousel","items":[{"url":"https:\/\/villarrealcf.es\/wp-content\/uploads\/elementor\/thumbs\/VillarrealCF-FCBarcelona-288-scaled-qbwv74nianvtt02eo9qlfhzlbb0ld3j5potvn5mfqo.webp","alt":"VillarrealCF-FCBarcelona-288","width":0,"height":0},{"url":"https:\/\/villarrealcf.es\/wp-content\/uploads\/elementor\/thumbs\/VillarrealCF-FCBarcelona-102-scaled-qbwv6cgclmt84p7d8xjscp3rhqvky6f7lt9b8us8xc.webp","alt":"CLUB 1923 AFICION","width":0,"height":0},{"url":"https:\/\/villarrealcf.es\/wp-content\/uploads\/elementor\/thumbs\/VillarrealCF-FCBarcelona-009-scaled-qbwv41qjw7nzr0jinxsm99z77u7a4tatyful0i6w4w.webp","alt":"CLUB 1923","width":0,"height":0},{"url":"https:\/\/villarrealcf.es\/wp-content\/uploads\/elementor\/thumbs\/VillarrealCF-FCBarcelona-010-scaled-qbwv4txpl8qlfbek39zfc2v11ecajqes2bf5et12y8.webp","alt":"CLUB 1923","width":0,"height":0},{"url":"https:\/\/villarrealcf.es\/wp-content\/uploads\/elementor\/thumbs\/VillarrealCF-FCBarcelona-101-scaled-qbwv5o0jnxvrqu6v7mzhjv9s1q81e1q6ugaornshf4.webp","alt":"CLUB 1923","width":0,"height":0}]}],"widgets":["image-carousel","eael-info-box.default","text-editor"],"blocks":[{"type":"carousel","widget":"image-carousel","items":[{"url":"https:\/\/villarrealcf.es\/wp-content\/uploads\/elementor\/thumbs\/VillarrealCF-FCBarcelona-288-scaled-qbwv74nianvtt02eo9qlfhzlbb0ld3j5potvn5mfqo.webp","alt":"VillarrealCF-FCBarcelona-288","width":0,"height":0},{"url":"https:\/\/villarrealcf.es\/wp-content\/uploads\/elementor\/thumbs\/VillarrealCF-FCBarcelona-102-scaled-qbwv6cgclmt84p7d8xjscp3rhqvky6f7lt9b8us8xc.webp","alt":"CLUB 1923 AFICION","width":0,"height":0},{"url":"https:\/\/villarrealcf.es\/wp-content\/uploads\/elementor\/thumbs\/VillarrealCF-FCBarcelona-009-scaled-qbwv41qjw7nzr0jinxsm99z77u7a4tatyful0i6w4w.webp","alt":"CLUB 1923","width":0,"height":0},{"url":"https:\/\/villarrealcf.es\/wp-content\/uploads\/elementor\/thumbs\/VillarrealCF-FCBarcelona-010-scaled-qbwv4txpl8qlfbek39zfc2v11ecajqes2bf5et12y8.webp","alt":"CLUB 1923","width":0,"height":0},{"url":"https:\/\/villarrealcf.es\/wp-content\/uploads\/elementor\/thumbs\/VillarrealCF-FCBarcelona-101-scaled-qbwv5o0jnxvrqu6v7mzhjv9s1q81e1q6ugaornshf4.webp","alt":"CLUB 1923","width":0,"height":0}]},{"type":"widget","widget":"eael-info-box.default","text":"Espai amb reserva pr\u00e8via, acc\u00e9s per Porta 27.Reserva: events@villarrealcf.es"},{"type":"text","widget":"text-editor","text":"El Club 1923 \u00e9s un espai modern i avantguardista que corona el Fons Sud de l\u2019Estadio de la Cer\u00e1mica. Aquesta impressionant sala, que consta d\u2019una dimensi\u00f3 de 400m2, presumeix d\u2019una espectacular visi\u00f3 del rectangle de joc i tamb\u00e9 exerceix com un meravell\u00f3s mirador amb vista a la ciutat de Vila-real. Aquest nou espai est\u00e0 completament equipat amb un mobiliari innovador i confortable, pantalles d\u2019alta resoluci\u00f3 i equipament ac\u00fastic, a m\u00e9s de servei en barres i cuina, Amb tot aix\u00f2, ofereix moltes possibilitats per a gaudir dels partits del Villarreal, aix\u00ed com albergar esdeveniments corporatius o celebracions privades. Per a obtindre m\u00e9s informaci\u00f3 sobre reserves i espais pots contactar a trav\u00e9s del correu events@villarrealcf.es","paragraphs":["El Club 1923 \u00e9s un espai modern i avantguardista que corona el Fons Sud de l\u2019Estadio de la Cer\u00e1mica. Aquesta impressionant sala, que consta d\u2019una dimensi\u00f3 de 400m2, presumeix d\u2019una espectacular visi\u00f3 del rectangle de joc i tamb\u00e9 exerceix com un meravell\u00f3s mirador amb vista a la ciutat de Vila-real.","Aquest nou espai est\u00e0 completament equipat amb un mobiliari innovador i confortable, pantalles d\u2019alta resoluci\u00f3 i equipament ac\u00fastic, a m\u00e9s de servei en barres i cuina, Amb tot aix\u00f2, ofereix moltes possibilitats per a gaudir dels partits del Villarreal, aix\u00ed com albergar esdeveniments corporatius o celebracions privades.","Per a obtindre m\u00e9s informaci\u00f3 sobre reserves i espais pots contactar a trav\u00e9s del correu events@villarrealcf.es"]}],"children":[]}},"sections":[{"id":"9fdc25f","title":"events@villarrealcf.es","text":"Espai amb reserva pr\u00e8via, acc\u00e9s per Porta 27.Reserva: events@villarrealcf.es El Club 1923 \u00e9s un espai modern i avantguardista que corona el Fons Sud de l\u2019Estadio de la Cer\u00e1mica. Aquesta impressionant sala, que consta d\u2019una dimensi\u00f3 de 400m2, presumeix d\u2019una espectacular visi\u00f3 del rectangle de joc i tamb\u00e9 exerceix com un meravell\u00f3s mirador amb vista a la ciutat de Vila-real. Aquest nou espai est\u00e0 completament equipat amb un mobiliari innovador i confortable, pantalles d\u2019alta resoluci\u00f3 i equipament ac\u00fastic, a m\u00e9s de servei en barres i cuina, Amb tot aix\u00f2, ofereix moltes possibilitats per a gaudir dels partits del Villarreal, aix\u00ed com albergar esdeveniments corporatius o celebracions privades. Per a obtindre m\u00e9s informaci\u00f3 sobre reserves i espais pots contactar a trav\u00e9s del correu events@villarrealcf.es","url":"mailto:events@villarrealcf.es","background_image":"","images":[{"url":"https:\/\/villarrealcf.es\/wp-content\/uploads\/elementor\/thumbs\/VillarrealCF-FCBarcelona-288-scaled-qbwv74nianvtt02eo9qlfhzlbb0ld3j5potvn5mfqo.webp","alt":"VillarrealCF-FCBarcelona-288","width":0,"height":0},{"url":"https:\/\/villarrealcf.es\/wp-content\/uploads\/elementor\/thumbs\/VillarrealCF-FCBarcelona-102-scaled-qbwv6cgclmt84p7d8xjscp3rhqvky6f7lt9b8us8xc.webp","alt":"CLUB 1923 AFICION","width":0,"height":0},{"url":"https:\/\/villarrealcf.es\/wp-content\/uploads\/elementor\/thumbs\/VillarrealCF-FCBarcelona-009-scaled-qbwv41qjw7nzr0jinxsm99z77u7a4tatyful0i6w4w.webp","alt":"CLUB 1923","width":0,"height":0},{"url":"https:\/\/villarrealcf.es\/wp-content\/uploads\/elementor\/thumbs\/VillarrealCF-FCBarcelona-010-scaled-qbwv4txpl8qlfbek39zfc2v11ecajqes2bf5et12y8.webp","alt":"CLUB 1923","width":0,"height":0},{"url":"https:\/\/villarrealcf.es\/wp-content\/uploads\/elementor\/thumbs\/VillarrealCF-FCBarcelona-101-scaled-qbwv5o0jnxvrqu6v7mzhjv9s1q81e1q6ugaornshf4.webp","alt":"CLUB 1923","width":0,"height":0}],"videos":[],"links":[{"url":"mailto:events@villarrealcf.es","text":"events@villarrealcf.es","target":""}]}]},"excerpt":{"rendered":"Espai amb reserva pr\u00e8via, acc\u00e9s per Porta 27.Reserva:\u00a0events@villarrealcf.es El Club 1923 \u00e9s un espai modern i avantguardista que corona el Fons Sud de l&#8217;Estadio de la Cer\u00e1mica. Aquesta impressionant sala, que consta d&#8217;una dimensi\u00f3 de 400m2, presumeix d&#8217;una espectacular visi\u00f3 del rectangle de joc i tamb\u00e9 exerceix com un meravell\u00f3s mirador amb vista a la","protected":false},"author":1,"featured_media":0,"parent":0,"menu_order":0,"comment_status":"closed","ping_status":"closed","template":"page-templates\/no-wrapper.php","meta":{"_acf_changed":false,"footnotes":""},"acf":null,"lang":"val","formatted_date":"September 4, 2023","modified_date":"November 13, 2024","permalink":"https:\/\/villarrealcf.es\/val\/club-1923\/","reading_time":1,"featured_media_data":null,"author_data":{"id":"1","name":"root_envidea","first_name":"Villarreal CF","last_name":"","description":"","avatar_url":"https:\/\/secure.gravatar.com\/avatar\/48f95f42a3ccc324f3a3458e4b9e6fb070b083e99d388e170c1afb061fa99b63?s=96&d=mm&r=g","acf":null},"taxonomies_data":{"translation_priority":[{"id":735,"name":"Optional","slug":"optional-val","acf":null}]},"seo_full":{"native":{"title":"Club 1923 - Web Oficial del Villarreal CF","description":"Espai amb reserva pr\u00e8via, acc\u00e9s per Porta 27.Reserva:\u00a0events@villarrealcf.es El Club 1923 \u00e9s un espai modern i avantguardista que corona el&hellip;","canonical":"https:\/\/villarrealcf.es\/val\/club-1923\/"}},"_links":{"self":[{"href":"https:\/\/villarrealcf.es\/val\/wp-json\/wp\/v2\/pages\/280294","targetHints":{"allow":["GET"]}}],"collection":[{"href":"https:\/\/villarrealcf.es\/val\/wp-json\/wp\/v2\/pages"}],"about":[{"href":"https:\/\/villarrealcf.es\/val\/wp-json\/wp\/v2\/types\/page"}],"author":[{"embeddable":true,"href":"https:\/\/villarrealcf.es\/val\/wp-json\/wp\/v2\/users\/1"}],"replies":[{"embeddable":true,"href":"https:\/\/villarrealcf.es\/val\/wp-json\/wp\/v2\/comments?post=280294"}],"version-history":[{"count":0,"href":"https:\/\/villarrealcf.es\/val\/wp-json\/wp\/v2\/pages\/280294\/revisions"}],"wp:attachment":[{"href":"https:\/\/villarrealcf.es\/val\/wp-json\/wp\/v2\/media?parent=280294"}],"curies":[{"name":"wp","href":"https:\/\/api.w.org\/{rel}","templated":true}]}}