{"id":245242,"date":"2023-01-18T15:55:32","date_gmt":"2023-01-18T14:55:32","guid":{"rendered":"https:\/\/villarrealcf.es\/\/juvenil-c\/"},"modified":"2026-01-07T13:40:09","modified_gmt":"2026-01-07T12:40:09","slug":"juvenil-c","status":"publish","type":"page","link":"https:\/\/villarrealcf.es\/val\/cantera-grogueta\/juvenil-c\/","title":{"rendered":"Juvenil C"},"content":{"protected":false,"blocks":[{"type":"image","widget":"image","url":"https:\/\/villarrealcf.es\/wp-content\/uploads\/2025\/12\/Juvenil-C.webp","alt":"","width":2835,"height":1890,"srcset":"https:\/\/villarrealcf.es\/wp-content\/uploads\/2025\/12\/Juvenil-C.webp 2835w, https:\/\/villarrealcf.es\/wp-content\/uploads\/2025\/12\/Juvenil-C-1620x1080.webp 1620w, https:\/\/villarrealcf.es\/wp-content\/uploads\/2025\/12\/Juvenil-C.webp 1920w, https:\/\/villarrealcf.es\/wp-content\/uploads\/2025\/12\/Juvenil-C-1536x1024.webp 1536w, https:\/\/villarrealcf.es\/wp-content\/uploads\/2025\/12\/Juvenil-C-2048x1365.webp 2048w, https:\/\/villarrealcf.es\/wp-content\/uploads\/2025\/12\/Juvenil-C.webp 1920w, https:\/\/villarrealcf.es\/wp-content\/uploads\/2025\/12\/Juvenil-C.webp 1920w, https:\/\/villarrealcf.es\/wp-content\/uploads\/2025\/12\/Juvenil-C-32x21.webp 32w, https:\/\/villarrealcf.es\/wp-content\/uploads\/2025\/12\/Juvenil-C-150x100.webp 150w, https:\/\/villarrealcf.es\/wp-content\/uploads\/2025\/12\/Juvenil-C.webp 1920w, https:\/\/villarrealcf.es\/wp-content\/uploads\/2025\/12\/Juvenil-C-1200x800.webp 1200w","sizes":"auto, (max-width: 2835px) 100vw, 2835px"},{"type":"text","widget":"text-editor","text":"Fila superior: Jordi Mata, Manolo Rubert, Marc Climent, Jordi Gonz\u00e1lez, Alberto Museros, Mathias Adri\u00e1n Birlodeanu, Adam El Halabi, Rafael Ferdinand Bisso y Samuel Ram\u00edrez.Fila central: Joan Pedr\u00f3s, Gyeonghoon Kang (*), Fernando Gabriel (*), Fernando Roig (presidente), Ignacio Bollini (*), Miguel Calatayud (*), H\u00e9ctor Monfort (*) y Decio Correia.Fila Inferior: Jorge Alberto Pineda, Aimar Traver, Mart\u00edn Valerio, Pedro Arrizabalaga, Fernando Cabedo, Rom\u00e1n Teresa, Mauro Tom\u00e1s, \u00c1ngel Liberos, Tikhon Stanislavovich, Ben Yosef Schneider y Diego Palacios.","paragraphs":["Fila superior: Jordi Mata, Manolo Rubert, Marc Climent, Jordi Gonz\u00e1lez, Alberto Museros, Mathias Adri\u00e1n Birlodeanu, Adam El Halabi, Rafael Ferdinand Bisso y Samuel Ram\u00edrez.","Fila central: Joan Pedr\u00f3s, Gyeonghoon Kang (*), Fernando Gabriel (*), Fernando Roig (presidente), Ignacio Bollini (*), Miguel Calatayud (*), H\u00e9ctor Monfort (*) y Decio Correia.","Fila Inferior: Jorge Alberto Pineda, Aimar Traver, Mart\u00edn Valerio, Pedro Arrizabalaga, Fernando Cabedo, Rom\u00e1n Teresa, Mauro Tom\u00e1s, \u00c1ngel Liberos, Tikhon Stanislavovich, Ben Yosef Schneider y Diego Palacios."]}],"structured":{"summary":{"text":"Fila superior: Jordi Mata, Manolo Rubert, Marc Climent, Jordi Gonz\u00e1lez, Alberto Museros, Mathias Adri\u00e1n Birlodeanu, Adam El Halabi, Rafael Ferdinand Bisso y Samuel Ram\u00edrez.Fila central: Joan Pedr\u00f3s, Gyeonghoon Kang (*), Fernando Gabriel (*), Fernando Roig (presidente), Ignacio Bollini (*), Miguel Calatayud (*), H\u00e9ctor Monfort (*) y Decio Correia.Fila Inferior: Jorge Alberto Pineda, Aimar Traver, Mart\u00edn Valerio, Pedro Arrizabalaga, Fernando Cabedo, Rom\u00e1n Teresa, Mauro Tom\u00e1s, \u00c1ngel Liberos, Tikhon Stanislavovich, Ben Yosef Schneider y Diego Palacios.","headings":[],"buttons":[],"images":[{"type":"image","widget":"image","url":"https:\/\/villarrealcf.es\/wp-content\/uploads\/2025\/12\/Juvenil-C.webp","alt":"","width":2835,"height":1890,"srcset":"https:\/\/villarrealcf.es\/wp-content\/uploads\/2025\/12\/Juvenil-C.webp 2835w, https:\/\/villarrealcf.es\/wp-content\/uploads\/2025\/12\/Juvenil-C-1620x1080.webp 1620w, https:\/\/villarrealcf.es\/wp-content\/uploads\/2025\/12\/Juvenil-C.webp 1920w, https:\/\/villarrealcf.es\/wp-content\/uploads\/2025\/12\/Juvenil-C-1536x1024.webp 1536w, https:\/\/villarrealcf.es\/wp-content\/uploads\/2025\/12\/Juvenil-C-2048x1365.webp 2048w, https:\/\/villarrealcf.es\/wp-content\/uploads\/2025\/12\/Juvenil-C.webp 1920w, https:\/\/villarrealcf.es\/wp-content\/uploads\/2025\/12\/Juvenil-C.webp 1920w, https:\/\/villarrealcf.es\/wp-content\/uploads\/2025\/12\/Juvenil-C-32x21.webp 32w, https:\/\/villarrealcf.es\/wp-content\/uploads\/2025\/12\/Juvenil-C-150x100.webp 150w, https:\/\/villarrealcf.es\/wp-content\/uploads\/2025\/12\/Juvenil-C.webp 1920w, https:\/\/villarrealcf.es\/wp-content\/uploads\/2025\/12\/Juvenil-C-1200x800.webp 1200w","sizes":"auto, (max-width: 2835px) 100vw, 2835px"}],"counts":{"blocks":2,"headings":0,"texts":1,"buttons":0,"images":1},"containers":1},"sections":[{"id":"6244286","type":"container","classes":["elementor-section","elementor-top-section","elementor-element","elementor-element-6244286","elementor-section-stretched","elementor-section-boxed","elementor-section-height-default"],"title":"","text":"Fila superior: Jordi Mata, Manolo Rubert, Marc Climent, Jordi Gonz\u00e1lez, Alberto Museros, Mathias Adri\u00e1n Birlodeanu, Adam El Halabi, Rafael Ferdinand Bisso y Samuel Ram\u00edrez.Fila central: Joan Pedr\u00f3s, Gyeonghoon Kang (*), Fernando Gabriel (*), Fernando Roig (presidente), Ignacio Bollini (*), Miguel Calatayud (*), H\u00e9ctor Monfort (*) y Decio Correia.Fila Inferior: Jorge Alberto Pineda, Aimar Traver, Mart\u00edn Valerio, Pedro Arrizabalaga, Fernando Cabedo, Rom\u00e1n Teresa, Mauro Tom\u00e1s, \u00c1ngel Liberos, Tikhon Stanislavovich, Ben Yosef Schneider y Diego Palacios.","headings":[],"texts":[{"type":"text","widget":"text-editor","text":"Fila superior: Jordi Mata, Manolo Rubert, Marc Climent, Jordi Gonz\u00e1lez, Alberto Museros, Mathias Adri\u00e1n Birlodeanu, Adam El Halabi, Rafael Ferdinand Bisso y Samuel Ram\u00edrez.Fila central: Joan Pedr\u00f3s, Gyeonghoon Kang (*), Fernando Gabriel (*), Fernando Roig (presidente), Ignacio Bollini (*), Miguel Calatayud (*), H\u00e9ctor Monfort (*) y Decio Correia.Fila Inferior: Jorge Alberto Pineda, Aimar Traver, Mart\u00edn Valerio, Pedro Arrizabalaga, Fernando Cabedo, Rom\u00e1n Teresa, Mauro Tom\u00e1s, \u00c1ngel Liberos, Tikhon Stanislavovich, Ben Yosef Schneider y Diego Palacios.","paragraphs":["Fila superior: Jordi Mata, Manolo Rubert, Marc Climent, Jordi Gonz\u00e1lez, Alberto Museros, Mathias Adri\u00e1n Birlodeanu, Adam El Halabi, Rafael Ferdinand Bisso y Samuel Ram\u00edrez.","Fila central: Joan Pedr\u00f3s, Gyeonghoon Kang (*), Fernando Gabriel (*), Fernando Roig (presidente), Ignacio Bollini (*), Miguel Calatayud (*), H\u00e9ctor Monfort (*) y Decio Correia.","Fila Inferior: Jorge Alberto Pineda, Aimar Traver, Mart\u00edn Valerio, Pedro Arrizabalaga, Fernando Cabedo, Rom\u00e1n Teresa, Mauro Tom\u00e1s, \u00c1ngel Liberos, Tikhon Stanislavovich, Ben Yosef Schneider y Diego Palacios."]}],"buttons":[],"images":[{"type":"image","widget":"image","url":"https:\/\/villarrealcf.es\/wp-content\/uploads\/2025\/12\/Juvenil-C.webp","alt":"","width":2835,"height":1890,"srcset":"https:\/\/villarrealcf.es\/wp-content\/uploads\/2025\/12\/Juvenil-C.webp 2835w, https:\/\/villarrealcf.es\/wp-content\/uploads\/2025\/12\/Juvenil-C-1620x1080.webp 1620w, https:\/\/villarrealcf.es\/wp-content\/uploads\/2025\/12\/Juvenil-C.webp 1920w, https:\/\/villarrealcf.es\/wp-content\/uploads\/2025\/12\/Juvenil-C-1536x1024.webp 1536w, https:\/\/villarrealcf.es\/wp-content\/uploads\/2025\/12\/Juvenil-C-2048x1365.webp 2048w, https:\/\/villarrealcf.es\/wp-content\/uploads\/2025\/12\/Juvenil-C.webp 1920w, https:\/\/villarrealcf.es\/wp-content\/uploads\/2025\/12\/Juvenil-C.webp 1920w, https:\/\/villarrealcf.es\/wp-content\/uploads\/2025\/12\/Juvenil-C-32x21.webp 32w, https:\/\/villarrealcf.es\/wp-content\/uploads\/2025\/12\/Juvenil-C-150x100.webp 150w, https:\/\/villarrealcf.es\/wp-content\/uploads\/2025\/12\/Juvenil-C.webp 1920w, https:\/\/villarrealcf.es\/wp-content\/uploads\/2025\/12\/Juvenil-C-1200x800.webp 1200w","sizes":"auto, (max-width: 2835px) 100vw, 2835px"}],"widgets":["image","text-editor"],"blocks":[{"type":"image","widget":"image","url":"https:\/\/villarrealcf.es\/wp-content\/uploads\/2025\/12\/Juvenil-C.webp","alt":"","width":2835,"height":1890,"srcset":"https:\/\/villarrealcf.es\/wp-content\/uploads\/2025\/12\/Juvenil-C.webp 2835w, https:\/\/villarrealcf.es\/wp-content\/uploads\/2025\/12\/Juvenil-C-1620x1080.webp 1620w, https:\/\/villarrealcf.es\/wp-content\/uploads\/2025\/12\/Juvenil-C.webp 1920w, https:\/\/villarrealcf.es\/wp-content\/uploads\/2025\/12\/Juvenil-C-1536x1024.webp 1536w, https:\/\/villarrealcf.es\/wp-content\/uploads\/2025\/12\/Juvenil-C-2048x1365.webp 2048w, https:\/\/villarrealcf.es\/wp-content\/uploads\/2025\/12\/Juvenil-C.webp 1920w, https:\/\/villarrealcf.es\/wp-content\/uploads\/2025\/12\/Juvenil-C.webp 1920w, https:\/\/villarrealcf.es\/wp-content\/uploads\/2025\/12\/Juvenil-C-32x21.webp 32w, https:\/\/villarrealcf.es\/wp-content\/uploads\/2025\/12\/Juvenil-C-150x100.webp 150w, https:\/\/villarrealcf.es\/wp-content\/uploads\/2025\/12\/Juvenil-C.webp 1920w, https:\/\/villarrealcf.es\/wp-content\/uploads\/2025\/12\/Juvenil-C-1200x800.webp 1200w","sizes":"auto, (max-width: 2835px) 100vw, 2835px"},{"type":"text","widget":"text-editor","text":"Fila superior: Jordi Mata, Manolo Rubert, Marc Climent, Jordi Gonz\u00e1lez, Alberto Museros, Mathias Adri\u00e1n Birlodeanu, Adam El Halabi, Rafael Ferdinand Bisso y Samuel Ram\u00edrez.Fila central: Joan Pedr\u00f3s, Gyeonghoon Kang (*), Fernando Gabriel (*), Fernando Roig (presidente), Ignacio Bollini (*), Miguel Calatayud (*), H\u00e9ctor Monfort (*) y Decio Correia.Fila Inferior: Jorge Alberto Pineda, Aimar Traver, Mart\u00edn Valerio, Pedro Arrizabalaga, Fernando Cabedo, Rom\u00e1n Teresa, Mauro Tom\u00e1s, \u00c1ngel Liberos, Tikhon Stanislavovich, Ben Yosef Schneider y Diego Palacios.","paragraphs":["Fila superior: Jordi Mata, Manolo Rubert, Marc Climent, Jordi Gonz\u00e1lez, Alberto Museros, Mathias Adri\u00e1n Birlodeanu, Adam El Halabi, Rafael Ferdinand Bisso y Samuel Ram\u00edrez.","Fila central: Joan Pedr\u00f3s, Gyeonghoon Kang (*), Fernando Gabriel (*), Fernando Roig (presidente), Ignacio Bollini (*), Miguel Calatayud (*), H\u00e9ctor Monfort (*) y Decio Correia.","Fila Inferior: Jorge Alberto Pineda, Aimar Traver, Mart\u00edn Valerio, Pedro Arrizabalaga, Fernando Cabedo, Rom\u00e1n Teresa, Mauro Tom\u00e1s, \u00c1ngel Liberos, Tikhon Stanislavovich, Ben Yosef Schneider y Diego Palacios."]}],"children":[]}],"hero":{"id":"6244286","type":"container","classes":["elementor-section","elementor-top-section","elementor-element","elementor-element-6244286","elementor-section-stretched","elementor-section-boxed","elementor-section-height-default"],"title":"","text":"Fila superior: Jordi Mata, Manolo Rubert, Marc Climent, Jordi Gonz\u00e1lez, Alberto Museros, Mathias Adri\u00e1n Birlodeanu, Adam El Halabi, Rafael Ferdinand Bisso y Samuel Ram\u00edrez.Fila central: Joan Pedr\u00f3s, Gyeonghoon Kang (*), Fernando Gabriel (*), Fernando Roig (presidente), Ignacio Bollini (*), Miguel Calatayud (*), H\u00e9ctor Monfort (*) y Decio Correia.Fila Inferior: Jorge Alberto Pineda, Aimar Traver, Mart\u00edn Valerio, Pedro Arrizabalaga, Fernando Cabedo, Rom\u00e1n Teresa, Mauro Tom\u00e1s, \u00c1ngel Liberos, Tikhon Stanislavovich, Ben Yosef Schneider y Diego Palacios.","headings":[],"texts":[{"type":"text","widget":"text-editor","text":"Fila superior: Jordi Mata, Manolo Rubert, Marc Climent, Jordi Gonz\u00e1lez, Alberto Museros, Mathias Adri\u00e1n Birlodeanu, Adam El Halabi, Rafael Ferdinand Bisso y Samuel Ram\u00edrez.Fila central: Joan Pedr\u00f3s, Gyeonghoon Kang (*), Fernando Gabriel (*), Fernando Roig (presidente), Ignacio Bollini (*), Miguel Calatayud (*), H\u00e9ctor Monfort (*) y Decio Correia.Fila Inferior: Jorge Alberto Pineda, Aimar Traver, Mart\u00edn Valerio, Pedro Arrizabalaga, Fernando Cabedo, Rom\u00e1n Teresa, Mauro Tom\u00e1s, \u00c1ngel Liberos, Tikhon Stanislavovich, Ben Yosef Schneider y Diego Palacios.","paragraphs":["Fila superior: Jordi Mata, Manolo Rubert, Marc Climent, Jordi Gonz\u00e1lez, Alberto Museros, Mathias Adri\u00e1n Birlodeanu, Adam El Halabi, Rafael Ferdinand Bisso y Samuel Ram\u00edrez.","Fila central: Joan Pedr\u00f3s, Gyeonghoon Kang (*), Fernando Gabriel (*), Fernando Roig (presidente), Ignacio Bollini (*), Miguel Calatayud (*), H\u00e9ctor Monfort (*) y Decio Correia.","Fila Inferior: Jorge Alberto Pineda, Aimar Traver, Mart\u00edn Valerio, Pedro Arrizabalaga, Fernando Cabedo, Rom\u00e1n Teresa, Mauro Tom\u00e1s, \u00c1ngel Liberos, Tikhon Stanislavovich, Ben Yosef Schneider y Diego Palacios."]}],"buttons":[],"images":[{"type":"image","widget":"image","url":"https:\/\/villarrealcf.es\/wp-content\/uploads\/2025\/12\/Juvenil-C.webp","alt":"","width":2835,"height":1890,"srcset":"https:\/\/villarrealcf.es\/wp-content\/uploads\/2025\/12\/Juvenil-C.webp 2835w, https:\/\/villarrealcf.es\/wp-content\/uploads\/2025\/12\/Juvenil-C-1620x1080.webp 1620w, https:\/\/villarrealcf.es\/wp-content\/uploads\/2025\/12\/Juvenil-C.webp 1920w, https:\/\/villarrealcf.es\/wp-content\/uploads\/2025\/12\/Juvenil-C-1536x1024.webp 1536w, https:\/\/villarrealcf.es\/wp-content\/uploads\/2025\/12\/Juvenil-C-2048x1365.webp 2048w, https:\/\/villarrealcf.es\/wp-content\/uploads\/2025\/12\/Juvenil-C.webp 1920w, https:\/\/villarrealcf.es\/wp-content\/uploads\/2025\/12\/Juvenil-C.webp 1920w, https:\/\/villarrealcf.es\/wp-content\/uploads\/2025\/12\/Juvenil-C-32x21.webp 32w, https:\/\/villarrealcf.es\/wp-content\/uploads\/2025\/12\/Juvenil-C-150x100.webp 150w, https:\/\/villarrealcf.es\/wp-content\/uploads\/2025\/12\/Juvenil-C.webp 1920w, https:\/\/villarrealcf.es\/wp-content\/uploads\/2025\/12\/Juvenil-C-1200x800.webp 1200w","sizes":"auto, (max-width: 2835px) 100vw, 2835px"}],"widgets":["image","text-editor"],"blocks":[{"type":"image","widget":"image","url":"https:\/\/villarrealcf.es\/wp-content\/uploads\/2025\/12\/Juvenil-C.webp","alt":"","width":2835,"height":1890,"srcset":"https:\/\/villarrealcf.es\/wp-content\/uploads\/2025\/12\/Juvenil-C.webp 2835w, https:\/\/villarrealcf.es\/wp-content\/uploads\/2025\/12\/Juvenil-C-1620x1080.webp 1620w, https:\/\/villarrealcf.es\/wp-content\/uploads\/2025\/12\/Juvenil-C.webp 1920w, https:\/\/villarrealcf.es\/wp-content\/uploads\/2025\/12\/Juvenil-C-1536x1024.webp 1536w, https:\/\/villarrealcf.es\/wp-content\/uploads\/2025\/12\/Juvenil-C-2048x1365.webp 2048w, https:\/\/villarrealcf.es\/wp-content\/uploads\/2025\/12\/Juvenil-C.webp 1920w, https:\/\/villarrealcf.es\/wp-content\/uploads\/2025\/12\/Juvenil-C.webp 1920w, https:\/\/villarrealcf.es\/wp-content\/uploads\/2025\/12\/Juvenil-C-32x21.webp 32w, https:\/\/villarrealcf.es\/wp-content\/uploads\/2025\/12\/Juvenil-C-150x100.webp 150w, https:\/\/villarrealcf.es\/wp-content\/uploads\/2025\/12\/Juvenil-C.webp 1920w, https:\/\/villarrealcf.es\/wp-content\/uploads\/2025\/12\/Juvenil-C-1200x800.webp 1200w","sizes":"auto, (max-width: 2835px) 100vw, 2835px"},{"type":"text","widget":"text-editor","text":"Fila superior: Jordi Mata, Manolo Rubert, Marc Climent, Jordi Gonz\u00e1lez, Alberto Museros, Mathias Adri\u00e1n Birlodeanu, Adam El Halabi, Rafael Ferdinand Bisso y Samuel Ram\u00edrez.Fila central: Joan Pedr\u00f3s, Gyeonghoon Kang (*), Fernando Gabriel (*), Fernando Roig (presidente), Ignacio Bollini (*), Miguel Calatayud (*), H\u00e9ctor Monfort (*) y Decio Correia.Fila Inferior: Jorge Alberto Pineda, Aimar Traver, Mart\u00edn Valerio, Pedro Arrizabalaga, Fernando Cabedo, Rom\u00e1n Teresa, Mauro Tom\u00e1s, \u00c1ngel Liberos, Tikhon Stanislavovich, Ben Yosef Schneider y Diego Palacios.","paragraphs":["Fila superior: Jordi Mata, Manolo Rubert, Marc Climent, Jordi Gonz\u00e1lez, Alberto Museros, Mathias Adri\u00e1n Birlodeanu, Adam El Halabi, Rafael Ferdinand Bisso y Samuel Ram\u00edrez.","Fila central: Joan Pedr\u00f3s, Gyeonghoon Kang (*), Fernando Gabriel (*), Fernando Roig (presidente), Ignacio Bollini (*), Miguel Calatayud (*), H\u00e9ctor Monfort (*) y Decio Correia.","Fila Inferior: Jorge Alberto Pineda, Aimar Traver, Mart\u00edn Valerio, Pedro Arrizabalaga, Fernando Cabedo, Rom\u00e1n Teresa, Mauro Tom\u00e1s, \u00c1ngel Liberos, Tikhon Stanislavovich, Ben Yosef Schneider y Diego Palacios."]}],"children":[]}},"sections":[{"id":"6244286","title":"Fila superior: Jordi Mata, Manolo Rubert, Marc Climent, Jordi Gonz\u00e1lez, Alberto Museros, Mathias Adri\u00e1n Birlodeanu, Adam El Halabi, Rafael Ferdinand Bisso y Samuel Ram\u00edrez.Fila central: Joan Pedr\u00f3s, Gyeonghoon Kang (*), Fernando Gabriel (*), Fernando Roig (presidente), Ignacio Bollini (*), Miguel Calatayud (*), H\u00e9ctor Monfort (*) y Decio Correia.Fila Inferior: Jorge Alberto Pineda, Aimar Traver, Mart\u00edn Valerio, Pedro Arrizabalaga, Fernando Cabedo, Rom\u00e1n Teresa, Mauro Tom\u00e1s, \u00c1ngel Liberos, Tikhon Stanislavovich, Ben Yosef Schneider y Diego Palacios.","text":"Fila superior: Jordi Mata, Manolo Rubert, Marc Climent, Jordi Gonz\u00e1lez, Alberto Museros, Mathias Adri\u00e1n Birlodeanu, Adam El Halabi, Rafael Ferdinand Bisso y Samuel Ram\u00edrez.Fila central: Joan Pedr\u00f3s, Gyeonghoon Kang (*), Fernando Gabriel (*), Fernando Roig (presidente), Ignacio Bollini (*), Miguel Calatayud (*), H\u00e9ctor Monfort (*) y Decio Correia.Fila Inferior: Jorge Alberto Pineda, Aimar Traver, Mart\u00edn Valerio, Pedro Arrizabalaga, Fernando Cabedo, Rom\u00e1n Teresa, Mauro Tom\u00e1s, \u00c1ngel Liberos, Tikhon Stanislavovich, Ben Yosef Schneider y Diego Palacios.","url":"","background_image":"","images":[{"url":"https:\/\/villarrealcf.es\/wp-content\/uploads\/2025\/12\/Juvenil-C.webp","alt":"","width":2835,"height":1890}],"videos":[],"links":[]}]},"excerpt":{"rendered":"Fila superior: Jordi Mata, Manolo Rubert, Marc Climent, Jordi Gonz\u00e1lez, Alberto Museros, Mathias Adri\u00e1n Birlodeanu, Adam El Halabi, Rafael Ferdinand Bisso y Samuel Ram\u00edrez.Fila central: Joan Pedr\u00f3s, Gyeonghoon Kang (*), Fernando Gabriel (*), Fernando Roig (presidente), Ignacio Bollini (*), Miguel Calatayud (*), H\u00e9ctor Monfort (*) y Decio Correia.Fila Inferior: Jorge Alberto Pineda, Aimar Traver, Mart\u00edn","protected":false},"author":1,"featured_media":0,"parent":240506,"menu_order":0,"comment_status":"closed","ping_status":"closed","template":"page-templates\/no-wrapper.php","meta":{"_acf_changed":false,"footnotes":""},"acf":null,"lang":"val","essential_grid":{"has_grid":false},"formatted_date":"January 18, 2023","modified_date":"January 7, 2026","permalink":"https:\/\/villarrealcf.es\/val\/cantera-grogueta\/juvenil-c\/","reading_time":1,"featured_media_data":null,"author_data":{"id":"1","name":"root_envidea","first_name":"Villarreal CF","last_name":"","description":"","avatar_url":"https:\/\/secure.gravatar.com\/avatar\/48f95f42a3ccc324f3a3458e4b9e6fb070b083e99d388e170c1afb061fa99b63?s=96&d=mm&r=g","acf":null},"taxonomies_data":{"translation_priority":[{"id":735,"name":"Optional","slug":"optional-val","acf":null}]},"seo_full":{"native":{"title":"Juvenil C - Web Oficial del Villarreal CF","description":"Fila superior: Jordi Mata, Manolo Rubert, Marc Climent, Jordi Gonz\u00e1lez, Alberto Museros, Mathias Adri\u00e1n Birlodeanu, Adam El Halabi, Rafael Ferdinand&hellip;","canonical":"https:\/\/villarrealcf.es\/val\/cantera-grogueta\/juvenil-c\/"}},"_links":{"self":[{"href":"https:\/\/villarrealcf.es\/val\/wp-json\/wp\/v2\/pages\/245242","targetHints":{"allow":["GET"]}}],"collection":[{"href":"https:\/\/villarrealcf.es\/val\/wp-json\/wp\/v2\/pages"}],"about":[{"href":"https:\/\/villarrealcf.es\/val\/wp-json\/wp\/v2\/types\/page"}],"author":[{"embeddable":true,"href":"https:\/\/villarrealcf.es\/val\/wp-json\/wp\/v2\/users\/1"}],"replies":[{"embeddable":true,"href":"https:\/\/villarrealcf.es\/val\/wp-json\/wp\/v2\/comments?post=245242"}],"version-history":[{"count":4,"href":"https:\/\/villarrealcf.es\/val\/wp-json\/wp\/v2\/pages\/245242\/revisions"}],"predecessor-version":[{"id":616695,"href":"https:\/\/villarrealcf.es\/val\/wp-json\/wp\/v2\/pages\/245242\/revisions\/616695"}],"up":[{"embeddable":true,"href":"https:\/\/villarrealcf.es\/val\/wp-json\/wp\/v2\/pages\/240506"}],"wp:attachment":[{"href":"https:\/\/villarrealcf.es\/val\/wp-json\/wp\/v2\/media?parent=245242"}],"curies":[{"name":"wp","href":"https:\/\/api.w.org\/{rel}","templated":true}]}}