{"id":78476,"date":"2022-06-21T09:06:30","date_gmt":"2022-06-21T07:06:30","guid":{"rendered":"https:\/\/villarrealcf.es\/\/calendario-villarreal-b\/"},"modified":"2025-07-09T19:44:42","modified_gmt":"2025-07-09T17:44:42","slug":"calendario-villarreal-b","status":"publish","type":"page","link":"https:\/\/villarrealcf.es\/en\/calendario-villarreal-b\/","title":{"rendered":"Villarreal B Schedule"},"content":{"protected":false,"blocks":[{"type":"widget","widget":"shortcode.default","text":"2026 Apr. 2026 May. April 2026 Saturday 25 April 16:15h Ciudad Deportiva Jos\u00e9 Manuel Llaneza Villarreal B vs. UD Ibiza May2026 Sunday 03 May 12:00h Ciudad Deportiva Jos\u00e9 Manuel Llaneza Villarreal B vs. H\u00e9rcules Sunday 10 May 16:30h Can Drag\u00f3 CE Europa vs. Villarreal B Sunday 17 May To be confirmed Ciudad Deportiva Jos\u00e9 Manuel Llaneza Villarreal B vs. Sevilla At. Sunday 24 May To be confirmed Estadio El Palmar At. Sanluque\u00f1o vs. Villarreal B"}],"structured":{"summary":{"text":"2026 Apr. 2026 May. April 2026 Saturday 25 April 16:15h Ciudad Deportiva Jos\u00e9 Manuel Llaneza Villarreal B vs. UD Ibiza May2026 Sunday 03 May 12:00h Ciudad Deportiva Jos\u00e9 Manuel Llaneza Villarreal B vs. H\u00e9rcules Sunday 10 May 16:30h Can Drag\u00f3 CE Europa vs. Villarreal B Sunday 17 May To be confirmed Ciudad Deportiva Jos\u00e9 Manuel Llaneza Villarreal B vs. Sevilla At. Sunday 24 May To be confirmed Estadio El Palmar At. Sanluque\u00f1o vs. Villarreal B","headings":[],"buttons":[],"images":[],"counts":{"blocks":1,"headings":0,"texts":1,"buttons":0,"images":0},"containers":1},"sections":[{"id":"d5b2edb","type":"container","classes":["has-el-gap","el-gap-default","elementor-section","elementor-top-section","elementor-element","elementor-element-d5b2edb","elementor-section-boxed","elementor-section-height-default"],"title":"","text":"2026 Apr. 2026 May. April 2026 Saturday 25 April 16:15h Ciudad Deportiva Jos\u00e9 Manuel Llaneza Villarreal B vs. UD Ibiza May2026 Sunday 03 May 12:00h Ciudad Deportiva Jos\u00e9 Manuel Llaneza Villarreal B vs. H\u00e9rcules Sunday 10 May 16:30h Can Drag\u00f3 CE Europa vs. Villarreal B Sunday 17 May To be confirmed Ciudad Deportiva Jos\u00e9 Manuel Llaneza Villarreal B vs. Sevilla At. Sunday 24 May To be confirmed Estadio El Palmar At. Sanluque\u00f1o vs. Villarreal B","headings":[],"texts":[{"type":"widget","widget":"shortcode.default","text":"2026 Apr. 2026 May. April 2026 Saturday 25 April 16:15h Ciudad Deportiva Jos\u00e9 Manuel Llaneza Villarreal B vs. UD Ibiza May2026 Sunday 03 May 12:00h Ciudad Deportiva Jos\u00e9 Manuel Llaneza Villarreal B vs. H\u00e9rcules Sunday 10 May 16:30h Can Drag\u00f3 CE Europa vs. Villarreal B Sunday 17 May To be confirmed Ciudad Deportiva Jos\u00e9 Manuel Llaneza Villarreal B vs. Sevilla At. Sunday 24 May To be confirmed Estadio El Palmar At. Sanluque\u00f1o vs. Villarreal B"}],"buttons":[],"images":[],"widgets":["shortcode.default"],"blocks":[{"type":"widget","widget":"shortcode.default","text":"2026 Apr. 2026 May. April 2026 Saturday 25 April 16:15h Ciudad Deportiva Jos\u00e9 Manuel Llaneza Villarreal B vs. UD Ibiza May2026 Sunday 03 May 12:00h Ciudad Deportiva Jos\u00e9 Manuel Llaneza Villarreal B vs. H\u00e9rcules Sunday 10 May 16:30h Can Drag\u00f3 CE Europa vs. Villarreal B Sunday 17 May To be confirmed Ciudad Deportiva Jos\u00e9 Manuel Llaneza Villarreal B vs. Sevilla At. Sunday 24 May To be confirmed Estadio El Palmar At. Sanluque\u00f1o vs. Villarreal B"}],"children":[]}],"hero":{"id":"d5b2edb","type":"container","classes":["has-el-gap","el-gap-default","elementor-section","elementor-top-section","elementor-element","elementor-element-d5b2edb","elementor-section-boxed","elementor-section-height-default"],"title":"","text":"2026 Apr. 2026 May. April 2026 Saturday 25 April 16:15h Ciudad Deportiva Jos\u00e9 Manuel Llaneza Villarreal B vs. UD Ibiza May2026 Sunday 03 May 12:00h Ciudad Deportiva Jos\u00e9 Manuel Llaneza Villarreal B vs. H\u00e9rcules Sunday 10 May 16:30h Can Drag\u00f3 CE Europa vs. Villarreal B Sunday 17 May To be confirmed Ciudad Deportiva Jos\u00e9 Manuel Llaneza Villarreal B vs. Sevilla At. Sunday 24 May To be confirmed Estadio El Palmar At. Sanluque\u00f1o vs. Villarreal B","headings":[],"texts":[{"type":"widget","widget":"shortcode.default","text":"2026 Apr. 2026 May. April 2026 Saturday 25 April 16:15h Ciudad Deportiva Jos\u00e9 Manuel Llaneza Villarreal B vs. UD Ibiza May2026 Sunday 03 May 12:00h Ciudad Deportiva Jos\u00e9 Manuel Llaneza Villarreal B vs. H\u00e9rcules Sunday 10 May 16:30h Can Drag\u00f3 CE Europa vs. Villarreal B Sunday 17 May To be confirmed Ciudad Deportiva Jos\u00e9 Manuel Llaneza Villarreal B vs. Sevilla At. Sunday 24 May To be confirmed Estadio El Palmar At. Sanluque\u00f1o vs. Villarreal B"}],"buttons":[],"images":[],"widgets":["shortcode.default"],"blocks":[{"type":"widget","widget":"shortcode.default","text":"2026 Apr. 2026 May. April 2026 Saturday 25 April 16:15h Ciudad Deportiva Jos\u00e9 Manuel Llaneza Villarreal B vs. UD Ibiza May2026 Sunday 03 May 12:00h Ciudad Deportiva Jos\u00e9 Manuel Llaneza Villarreal B vs. H\u00e9rcules Sunday 10 May 16:30h Can Drag\u00f3 CE Europa vs. Villarreal B Sunday 17 May To be confirmed Ciudad Deportiva Jos\u00e9 Manuel Llaneza Villarreal B vs. Sevilla At. Sunday 24 May To be confirmed Estadio El Palmar At. Sanluque\u00f1o vs. Villarreal B"}],"children":[]}},"sections":[{"id":"d5b2edb","title":"2026 Apr.","text":"2026 Apr. 2026 May. April 2026 Saturday 25 April 16:15h Ciudad Deportiva Jos\u00e9 Manuel Llaneza Villarreal B vs. UD Ibiza May2026 Sunday 03 May 12:00h Ciudad Deportiva Jos\u00e9 Manuel Llaneza Villarreal B vs. H\u00e9rcules Sunday 10 May 16:30h Can Drag\u00f3 CE Europa vs. Villarreal B Sunday 17 May To be confirmed Ciudad Deportiva Jos\u00e9 Manuel Llaneza Villarreal B vs. Sevilla At. Sunday 24 May To be confirmed Estadio El Palmar At. Sanluque\u00f1o vs. Villarreal B","url":"#2026-April","background_image":"","images":[{"url":"\/wp-content\/uploads\/2024\/08\/Logo_Primera_RFEF_2021.webp","alt":"Primera Federaci\u00f3n","width":0,"height":0},{"url":"https:\/\/t.resfu.com\/img_data\/equipos\/2717.png?size=60x&lossy=1","alt":"Villarreal B","width":0,"height":0},{"url":"https:\/\/t.resfu.com\/img_data\/equipos\/1352.png?size=60x&lossy=1","alt":"UD Ibiza","width":0,"height":0},{"url":"https:\/\/t.resfu.com\/img_data\/equipos\/1311.png?size=60x&lossy=1","alt":"H\u00e9rcules","width":0,"height":0},{"url":"https:\/\/t.resfu.com\/img_data\/equipos\/8760.png?size=60x&lossy=1","alt":"CE Europa","width":0,"height":0},{"url":"https:\/\/t.resfu.com\/img_data\/equipos\/2311.png?size=60x&lossy=1","alt":"Sevilla At.","width":0,"height":0},{"url":"https:\/\/t.resfu.com\/img_data\/equipos\/333.png?size=60x&lossy=1","alt":"At. Sanluque\u00f1o","width":0,"height":0}],"videos":[],"links":[{"url":"#2026-April","text":"2026 Apr.","target":""},{"url":"#2026-May","text":"2026 May.","target":""}]},{"id":"shortcode-calendario_equipo-69eca04e11342","type":"shortcode","shortcode":"calendario_equipo","attributes":{"equipo":"Villarreal B"},"title":"Calendario Equipo","rendered":"\n\n<div class=\"calendario-navegacion\">\n    <div class=\"seccion-navegacion\">\n         \n            <a tabindex=\"0\" href=\"#2026-April\" class=\"seccion-navegacion-text \">\n                <div class=\"subtitulo\">\n                    2026                <\/div>\n                <div class=\"titulo\">\n                    Apr.                <\/div>\n            <\/a>\n         \n            <a tabindex=\"0\" href=\"#2026-May\" class=\"seccion-navegacion-text \">\n                <div class=\"subtitulo\">\n                    2026                <\/div>\n                <div class=\"titulo\">\n                    May.                <\/div>\n            <\/a>\n            <\/div>\n<\/div>\n\n<div class=\"main-calendario\">\n<h2 class=\"mes\" id=\"2026-April\">\n    April    <span>2026<\/span>\n<\/h2>\n\n\n<div class=\"calendario-partido\">\n    <div class=\"enlace-partido\">\n        <div class=\"container-fecha\">\n            <div class=\"fecha\">\n                Saturday 25 April            <\/div>\n            <div class=\"hora\">\n                16:15h            <\/div>\n        <\/div>\n        <div class=\"competicion\">\n            <span class=\"badge\">\n                                    <img class=\"competicion-image\" alt=\"Primera Federaci\u00f3n\" src=\"\/wp-content\/uploads\/2024\/08\/Logo_Primera_RFEF_2021.webp\" style=\"width: 50px;\">\n                            <\/span>\n        <\/div>\n        <div class=\"estadio\">\n            <div class=\"jornada\" style=\"font-weight: 900\">\n                            <\/div>\n            <div class=\"nombre-estadio\">Ciudad Deportiva Jos\u00e9 Manuel Llaneza<\/div>\n        <\/div>\n        <div class=\"calendario-info\" data-add-position-comp=\"21\" data-add-position-comp-season=\"501\">\n\n            <div class=\"container-equipo-local\">\n                <div class=\"nombre-equipo-local\">\n                    Villarreal B                <\/div>\n                <div class=\"escudo-equipo-local\">\n                    <span class=\"badge\">\n                        <img class=\"badge-image\" alt=\"Villarreal B\" src=\"https:\/\/t.resfu.com\/img_data\/equipos\/2717.png?size=60x&lossy=1\">\n                    <\/span>\n                <\/div>\n            <\/div>\n\n            <div class=\"versus\">vs.<\/div>\n\n            <div class=\"container-equipo-visitante\">\n                <div class=\"nombre-equipo-visitante\">\n                    UD Ibiza                <\/div>\n                <div class=\"escudo-equipo-visitante\">\n                    <span class=\"badge\">\n                        <img class=\"badge-image\" alt=\"UD Ibiza\" src=\"https:\/\/t.resfu.com\/img_data\/equipos\/1352.png?size=60x&lossy=1\">\n                    <\/span>\n                <\/div>\n            <\/div>\n        <\/div>\n    <\/div>\n    \n    \n    <div class=\"calendario-cta\">\n        <div class=\"container-entradas\">\n                    <\/div>\n    <\/div>\n<\/div>\n\n    <div class=\"barra-separadora\"><\/div>\n    <h2 class=\"mes\" id=\"2026-May\">\n        May<span>2026<\/span>\n    <\/h2>\n\n\n<div class=\"calendario-partido\">\n    <div class=\"enlace-partido\">\n        <div class=\"container-fecha\">\n            <div class=\"fecha\">\n                Sunday 03 May            <\/div>\n            <div class=\"hora\">\n                12:00h            <\/div>\n        <\/div>\n        <div class=\"competicion\">\n            <span class=\"badge\">\n                                    <img class=\"competicion-image\" alt=\"Primera Federaci\u00f3n\" src=\"\/wp-content\/uploads\/2024\/08\/Logo_Primera_RFEF_2021.webp\" style=\"width: 50px;\">\n                            <\/span>\n        <\/div>\n        <div class=\"estadio\">\n            <div class=\"jornada\" style=\"font-weight: 900\">\n                            <\/div>\n            <div class=\"nombre-estadio\">Ciudad Deportiva Jos\u00e9 Manuel Llaneza<\/div>\n        <\/div>\n        <div class=\"calendario-info\" data-add-position-comp=\"21\" data-add-position-comp-season=\"501\">\n\n            <div class=\"container-equipo-local\">\n                <div class=\"nombre-equipo-local\">\n                    Villarreal B                <\/div>\n                <div class=\"escudo-equipo-local\">\n                    <span class=\"badge\">\n                        <img class=\"badge-image\" alt=\"Villarreal B\" src=\"https:\/\/t.resfu.com\/img_data\/equipos\/2717.png?size=60x&lossy=1\">\n                    <\/span>\n                <\/div>\n            <\/div>\n\n            <div class=\"versus\">vs.<\/div>\n\n            <div class=\"container-equipo-visitante\">\n                <div class=\"nombre-equipo-visitante\">\n                    H\u00e9rcules                <\/div>\n                <div class=\"escudo-equipo-visitante\">\n                    <span class=\"badge\">\n                        <img class=\"badge-image\" alt=\"H\u00e9rcules\" src=\"https:\/\/t.resfu.com\/img_data\/equipos\/1311.png?size=60x&lossy=1\">\n                    <\/span>\n                <\/div>\n            <\/div>\n        <\/div>\n    <\/div>\n    \n    \n    <div class=\"calendario-cta\">\n        <div class=\"container-entradas\">\n                    <\/div>\n    <\/div>\n<\/div>\n\n\n\n<div class=\"calendario-partido\">\n    <div class=\"enlace-partido\">\n        <div class=\"container-fecha\">\n            <div class=\"fecha\">\n                Sunday 10 May            <\/div>\n            <div class=\"hora\">\n                16:30h            <\/div>\n        <\/div>\n        <div class=\"competicion\">\n            <span class=\"badge\">\n                                    <img class=\"competicion-image\" alt=\"Primera Federaci\u00f3n\" src=\"\/wp-content\/uploads\/2024\/08\/Logo_Primera_RFEF_2021.webp\" style=\"width: 50px;\">\n                            <\/span>\n        <\/div>\n        <div class=\"estadio\">\n            <div class=\"jornada\" style=\"font-weight: 900\">\n                            <\/div>\n            <div class=\"nombre-estadio\">Can Drag\u00f3<\/div>\n        <\/div>\n        <div class=\"calendario-info\" data-add-position-comp=\"21\" data-add-position-comp-season=\"501\">\n\n            <div class=\"container-equipo-local\">\n                <div class=\"nombre-equipo-local\">\n                    CE Europa                <\/div>\n                <div class=\"escudo-equipo-local\">\n                    <span class=\"badge\">\n                        <img class=\"badge-image\" alt=\"CE Europa\" src=\"https:\/\/t.resfu.com\/img_data\/equipos\/8760.png?size=60x&lossy=1\">\n                    <\/span>\n                <\/div>\n            <\/div>\n\n            <div class=\"versus\">vs.<\/div>\n\n            <div class=\"container-equipo-visitante\">\n                <div class=\"nombre-equipo-visitante\">\n                    Villarreal B                <\/div>\n                <div class=\"escudo-equipo-visitante\">\n                    <span class=\"badge\">\n                        <img class=\"badge-image\" alt=\"Villarreal B\" src=\"https:\/\/t.resfu.com\/img_data\/equipos\/2717.png?size=60x&lossy=1\">\n                    <\/span>\n                <\/div>\n            <\/div>\n        <\/div>\n    <\/div>\n    \n    \n    <div class=\"calendario-cta\">\n        <div class=\"container-entradas\">\n                    <\/div>\n    <\/div>\n<\/div>\n\n\n\n<div class=\"calendario-partido\">\n    <div class=\"enlace-partido\">\n        <div class=\"container-fecha\">\n            <div class=\"fecha\">\n                Sunday 17 May            <\/div>\n            <div class=\"hora\">\n                To be confirmed            <\/div>\n        <\/div>\n        <div class=\"competicion\">\n            <span class=\"badge\">\n                                    <img class=\"competicion-image\" alt=\"Primera Federaci\u00f3n\" src=\"\/wp-content\/uploads\/2024\/08\/Logo_Primera_RFEF_2021.webp\" style=\"width: 50px;\">\n                            <\/span>\n        <\/div>\n        <div class=\"estadio\">\n            <div class=\"jornada\" style=\"font-weight: 900\">\n                            <\/div>\n            <div class=\"nombre-estadio\">Ciudad Deportiva Jos\u00e9 Manuel Llaneza<\/div>\n        <\/div>\n        <div class=\"calendario-info\" data-add-position-comp=\"21\" data-add-position-comp-season=\"501\">\n\n            <div class=\"container-equipo-local\">\n                <div class=\"nombre-equipo-local\">\n                    Villarreal B                <\/div>\n                <div class=\"escudo-equipo-local\">\n                    <span class=\"badge\">\n                        <img class=\"badge-image\" alt=\"Villarreal B\" src=\"https:\/\/t.resfu.com\/img_data\/equipos\/2717.png?size=60x&lossy=1\">\n                    <\/span>\n                <\/div>\n            <\/div>\n\n            <div class=\"versus\">vs.<\/div>\n\n            <div class=\"container-equipo-visitante\">\n                <div class=\"nombre-equipo-visitante\">\n                    Sevilla At.                <\/div>\n                <div class=\"escudo-equipo-visitante\">\n                    <span class=\"badge\">\n                        <img class=\"badge-image\" alt=\"Sevilla At.\" src=\"https:\/\/t.resfu.com\/img_data\/equipos\/2311.png?size=60x&lossy=1\">\n                    <\/span>\n                <\/div>\n            <\/div>\n        <\/div>\n    <\/div>\n    \n    \n    <div class=\"calendario-cta\">\n        <div class=\"container-entradas\">\n                    <\/div>\n    <\/div>\n<\/div>\n\n\n\n<div class=\"calendario-partido\">\n    <div class=\"enlace-partido\">\n        <div class=\"container-fecha\">\n            <div class=\"fecha\">\n                Sunday 24 May            <\/div>\n            <div class=\"hora\">\n                To be confirmed            <\/div>\n        <\/div>\n        <div class=\"competicion\">\n            <span class=\"badge\">\n                                    <img class=\"competicion-image\" alt=\"Primera Federaci\u00f3n\" src=\"\/wp-content\/uploads\/2024\/08\/Logo_Primera_RFEF_2021.webp\" style=\"width: 50px;\">\n                            <\/span>\n        <\/div>\n        <div class=\"estadio\">\n            <div class=\"jornada\" style=\"font-weight: 900\">\n                            <\/div>\n            <div class=\"nombre-estadio\">Estadio El Palmar<\/div>\n        <\/div>\n        <div class=\"calendario-info\" data-add-position-comp=\"21\" data-add-position-comp-season=\"501\">\n\n            <div class=\"container-equipo-local\">\n                <div class=\"nombre-equipo-local\">\n                    At. Sanluque\u00f1o                <\/div>\n                <div class=\"escudo-equipo-local\">\n                    <span class=\"badge\">\n                        <img class=\"badge-image\" alt=\"At. Sanluque\u00f1o\" src=\"https:\/\/t.resfu.com\/img_data\/equipos\/333.png?size=60x&lossy=1\">\n                    <\/span>\n                <\/div>\n            <\/div>\n\n            <div class=\"versus\">vs.<\/div>\n\n            <div class=\"container-equipo-visitante\">\n                <div class=\"nombre-equipo-visitante\">\n                    Villarreal B                <\/div>\n                <div class=\"escudo-equipo-visitante\">\n                    <span class=\"badge\">\n                        <img class=\"badge-image\" alt=\"Villarreal B\" src=\"https:\/\/t.resfu.com\/img_data\/equipos\/2717.png?size=60x&lossy=1\">\n                    <\/span>\n                <\/div>\n            <\/div>\n        <\/div>\n    <\/div>\n    \n    \n    <div class=\"calendario-cta\">\n        <div class=\"container-entradas\">\n                    <\/div>\n    <\/div>\n<\/div>\n\n\n<\/div>","data":{"tabs":[],"matches":[],"images":[{"src":"\/wp-content\/uploads\/2024\/08\/Logo_Primera_RFEF_2021.webp","alt":"Primera Federaci\u00c3\u00b3n","width":0,"height":0},{"src":"https:\/\/t.resfu.com\/img_data\/equipos\/2717.png?size=60x&lossy=1","alt":"Villarreal B","width":0,"height":0},{"src":"https:\/\/t.resfu.com\/img_data\/equipos\/1352.png?size=60x&lossy=1","alt":"UD Ibiza","width":0,"height":0},{"src":"\/wp-content\/uploads\/2024\/08\/Logo_Primera_RFEF_2021.webp","alt":"Primera Federaci\u00c3\u00b3n","width":0,"height":0},{"src":"https:\/\/t.resfu.com\/img_data\/equipos\/2717.png?size=60x&lossy=1","alt":"Villarreal B","width":0,"height":0},{"src":"https:\/\/t.resfu.com\/img_data\/equipos\/1311.png?size=60x&lossy=1","alt":"H\u00c3\u00a9rcules","width":0,"height":0},{"src":"\/wp-content\/uploads\/2024\/08\/Logo_Primera_RFEF_2021.webp","alt":"Primera Federaci\u00c3\u00b3n","width":0,"height":0},{"src":"https:\/\/t.resfu.com\/img_data\/equipos\/8760.png?size=60x&lossy=1","alt":"CE Europa","width":0,"height":0},{"src":"https:\/\/t.resfu.com\/img_data\/equipos\/2717.png?size=60x&lossy=1","alt":"Villarreal B","width":0,"height":0},{"src":"\/wp-content\/uploads\/2024\/08\/Logo_Primera_RFEF_2021.webp","alt":"Primera Federaci\u00c3\u00b3n","width":0,"height":0},{"src":"https:\/\/t.resfu.com\/img_data\/equipos\/2717.png?size=60x&lossy=1","alt":"Villarreal B","width":0,"height":0},{"src":"https:\/\/t.resfu.com\/img_data\/equipos\/2311.png?size=60x&lossy=1","alt":"Sevilla At.","width":0,"height":0},{"src":"\/wp-content\/uploads\/2024\/08\/Logo_Primera_RFEF_2021.webp","alt":"Primera Federaci\u00c3\u00b3n","width":0,"height":0},{"src":"https:\/\/t.resfu.com\/img_data\/equipos\/333.png?size=60x&lossy=1","alt":"At. Sanluque\u00c3\u00b1o","width":0,"height":0},{"src":"https:\/\/t.resfu.com\/img_data\/equipos\/2717.png?size=60x&lossy=1","alt":"Villarreal B","width":0,"height":0}],"links":[{"href":"#2026-April","text":"2026                \n                \n                    Apr.","target":""},{"href":"#2026-May","text":"2026                \n                \n                    May.","target":""}]},"text":"","url":"","background_image":"","images":[],"videos":[],"links":[],"blocks":[]}]},"excerpt":{"rendered":"","protected":false},"author":1,"featured_media":0,"parent":0,"menu_order":0,"comment_status":"closed","ping_status":"closed","template":"page-templates\/no-wrapper.php","meta":{"_acf_changed":false,"footnotes":""},"acf":null,"lang":"en","translations":{"es":56361,"en":78476,"val":78478},"essential_grid":{"has_grid":false},"formatted_date":"June 21, 2022","modified_date":"July 9, 2025","permalink":"https:\/\/villarrealcf.es\/en\/calendario-villarreal-b\/","reading_time":1,"featured_media_data":null,"author_data":{"id":"1","name":"root_envidea","first_name":"Villarreal CF","last_name":"","description":"","avatar_url":"https:\/\/secure.gravatar.com\/avatar\/48f95f42a3ccc324f3a3458e4b9e6fb070b083e99d388e170c1afb061fa99b63?s=96&d=mm&r=g","acf":null},"taxonomies_data":{"translation_priority":[{"id":734,"name":"Optional","slug":"optional-en","acf":null},{"id":743,"name":"Optional","slug":"optional-en-2","acf":null}]},"seo_full":{"native":{"title":"Villarreal B Schedule - Web Oficial del Villarreal CF","description":"[calendario_equipo equipo=\"Villarreal B\"]","canonical":"https:\/\/villarrealcf.es\/en\/calendario-villarreal-b\/"}},"_links":{"self":[{"href":"https:\/\/villarrealcf.es\/en\/wp-json\/wp\/v2\/pages\/78476","targetHints":{"allow":["GET"]}}],"collection":[{"href":"https:\/\/villarrealcf.es\/en\/wp-json\/wp\/v2\/pages"}],"about":[{"href":"https:\/\/villarrealcf.es\/en\/wp-json\/wp\/v2\/types\/page"}],"author":[{"embeddable":true,"href":"https:\/\/villarrealcf.es\/en\/wp-json\/wp\/v2\/users\/1"}],"replies":[{"embeddable":true,"href":"https:\/\/villarrealcf.es\/en\/wp-json\/wp\/v2\/comments?post=78476"}],"version-history":[{"count":0,"href":"https:\/\/villarrealcf.es\/en\/wp-json\/wp\/v2\/pages\/78476\/revisions"}],"wp:attachment":[{"href":"https:\/\/villarrealcf.es\/en\/wp-json\/wp\/v2\/media?parent=78476"}],"curies":[{"name":"wp","href":"https:\/\/api.w.org\/{rel}","templated":true}]}}