{"id":306856,"date":"2024-05-08T13:31:36","date_gmt":"2024-05-08T11:31:36","guid":{"rendered":"https:\/\/villarrealcf.es\/estadio-de-la-ceramica\/restaurante-el-vasco\/"},"modified":"2025-08-27T13:50:06","modified_gmt":"2025-08-27T11:50:06","slug":"restaurante-el-vasco","status":"publish","type":"page","link":"https:\/\/villarrealcf.es\/en\/estadio-de-la-ceramica\/restaurante-el-vasco\/","title":{"rendered":"Restaurante El Vasco"},"content":{"protected":false,"blocks":[{"type":"widget","widget":"eael-cta-box.default","text":"El Vasco restaurantNow at the Estadio de la Cer\u00e1mica Visit the web"},{"type":"widget","widget":"eael-info-box.default","text":"Open to the public, access via Gate 29.Opening times: Monday to Thursday, 1pm to 4pm; Friday, 1pm to 4pm and 9pm to 11pm; closed on Saturdays and Sundays unless reservation previously made.Telephone: (+34) 964 52 75 41Reservations only via telephone"},{"type":"text","widget":"text-editor","text":"El Vasco restaurant is one of the most important and traditional gastronomic venues in Vila-real. Specialising in traditional Basque food, the restaurant was opened in 1989 by \u00c1ngel Manzanos and Ana Mar\u00eda Ib\u00e1\u00f1ez. Now run exclusively by Asier Manzanos, this family business has moved to the Estadio de la Cer\u00e1mica, although it has kept its essence intact, with the same family atmosphere and exquisite cuisine.This new venue is suitable for business lunches or family and friends meetings, but also for private events and celebrations. It has a large dining room, but also separate private rooms.","paragraphs":["El Vasco restaurant is one of the most important and traditional gastronomic venues in Vila-real. Specialising in traditional Basque food, the restaurant was opened in 1989 by \u00c1ngel Manzanos and Ana Mar\u00eda Ib\u00e1\u00f1ez. Now run exclusively by Asier Manzanos, this family business has moved to the Estadio de la Cer\u00e1mica, although it has kept its essence intact, with the same family atmosphere and exquisite cuisine.","This new venue is suitable for business lunches or family and friends meetings, but also for private events and celebrations. It has a large dining room, but also separate private rooms."]},{"type":"carousel","widget":"image-carousel","items":[{"url":"https:\/\/villarrealcf.es\/wp-content\/uploads\/2024\/05\/20240419-NuevoRteElvasco-010-1920x1080.jpg","alt":"20240419-NuevoRteElvasco-010","width":0,"height":0},{"url":"https:\/\/villarrealcf.es\/wp-content\/uploads\/2024\/05\/20240419-NuevoRteElvasco-008-1920x1080.jpg","alt":"20240419-NuevoRteElvasco-008","width":0,"height":0},{"url":"https:\/\/villarrealcf.es\/wp-content\/uploads\/2024\/05\/20240419-NuevoRteElvasco-009-1920x1080.jpg","alt":"20240419-NuevoRteElvasco-009","width":0,"height":0},{"url":"https:\/\/villarrealcf.es\/wp-content\/uploads\/2024\/05\/20240419-NuevoRteElvasco-003-1920x1080.jpg","alt":"20240419-NuevoRteElvasco-003","width":0,"height":0},{"url":"https:\/\/villarrealcf.es\/wp-content\/uploads\/2024\/05\/20240419-NuevoRteElvasco-011-1920x1080.jpg","alt":"20240419-NuevoRteElvasco-011","width":0,"height":0},{"url":"https:\/\/villarrealcf.es\/wp-content\/uploads\/2024\/05\/20240419-NuevoRteElvasco-002-1920x1080.jpg","alt":"20240419-NuevoRteElvasco-002","width":0,"height":0},{"url":"https:\/\/villarrealcf.es\/wp-content\/uploads\/2024\/05\/20240419-NuevoRteElvasco-006-1920x1080.jpg","alt":"20240419-NuevoRteElvasco-006","width":0,"height":0}]}],"structured":{"summary":{"text":"El Vasco restaurantNow at the Estadio de la Cer\u00e1mica Visit the web Open to the public, access via Gate 29.Opening times: Monday to Thursday, 1pm to 4pm; Friday, 1pm to 4pm and 9pm to 11pm; closed on Saturdays and Sundays unless reservation previously made.Telephone: (+34) 964 52 75 41Reservations only via telephone El Vasco restaurant is one of the most important and traditional gastronomic venues in Vila-real. Specialising in traditional Basque food, the restaurant was opened in 1989 by \u00c1ngel Manzanos and Ana Mar\u00eda Ib\u00e1\u00f1ez. Now run exclusively by Asier Manzanos, this family business has moved to the Estadio de la Cer\u00e1mica, although it has kept its essence intact, with the same family atmosphere and exquisite cuisine.This new venue is suitable for business lunches or family and friends meetings, but also for private events and celebrations. It has a large dining room, but also separate private rooms.","headings":[],"buttons":[],"images":[{"type":"carousel","items":[{"url":"https:\/\/villarrealcf.es\/wp-content\/uploads\/2024\/05\/20240419-NuevoRteElvasco-010-1920x1080.jpg","alt":"20240419-NuevoRteElvasco-010","width":0,"height":0},{"url":"https:\/\/villarrealcf.es\/wp-content\/uploads\/2024\/05\/20240419-NuevoRteElvasco-008-1920x1080.jpg","alt":"20240419-NuevoRteElvasco-008","width":0,"height":0},{"url":"https:\/\/villarrealcf.es\/wp-content\/uploads\/2024\/05\/20240419-NuevoRteElvasco-009-1920x1080.jpg","alt":"20240419-NuevoRteElvasco-009","width":0,"height":0},{"url":"https:\/\/villarrealcf.es\/wp-content\/uploads\/2024\/05\/20240419-NuevoRteElvasco-003-1920x1080.jpg","alt":"20240419-NuevoRteElvasco-003","width":0,"height":0},{"url":"https:\/\/villarrealcf.es\/wp-content\/uploads\/2024\/05\/20240419-NuevoRteElvasco-011-1920x1080.jpg","alt":"20240419-NuevoRteElvasco-011","width":0,"height":0},{"url":"https:\/\/villarrealcf.es\/wp-content\/uploads\/2024\/05\/20240419-NuevoRteElvasco-002-1920x1080.jpg","alt":"20240419-NuevoRteElvasco-002","width":0,"height":0},{"url":"https:\/\/villarrealcf.es\/wp-content\/uploads\/2024\/05\/20240419-NuevoRteElvasco-006-1920x1080.jpg","alt":"20240419-NuevoRteElvasco-006","width":0,"height":0}]}],"counts":{"blocks":4,"headings":0,"texts":3,"buttons":0,"images":1},"containers":1},"sections":[{"id":"f3fb275","type":"container","classes":["has-el-gap","el-gap-default","elementor-section","elementor-top-section","elementor-element","elementor-element-f3fb275","elementor-section-boxed","elementor-section-height-default"],"title":"","text":"El Vasco restaurantNow at the Estadio de la Cer\u00e1mica Visit the web Open to the public, access via Gate 29.Opening times: Monday to Thursday, 1pm to 4pm; Friday, 1pm to 4pm and 9pm to 11pm; closed on Saturdays and Sundays unless reservation previously made.Telephone: (+34) 964 52 75 41Reservations only via telephone El Vasco restaurant is one of the most important and traditional gastronomic venues in Vila-real. Specialising in traditional Basque food, the restaurant was opened in 1989 by \u00c1ngel Manzanos and Ana Mar\u00eda Ib\u00e1\u00f1ez. Now run exclusively by Asier Manzanos, this family business has moved to the Estadio de la Cer\u00e1mica, although it has kept its essence intact, with the same family atmosphere and exquisite cuisine.This new venue is suitable for business lunches or family and friends meetings, but also for private events and celebrations. It has a large dining room, but also separate private rooms.","headings":[],"texts":[{"type":"widget","widget":"eael-cta-box.default","text":"El Vasco restaurantNow at the Estadio de la Cer\u00e1mica Visit the web"},{"type":"widget","widget":"eael-info-box.default","text":"Open to the public, access via Gate 29.Opening times: Monday to Thursday, 1pm to 4pm; Friday, 1pm to 4pm and 9pm to 11pm; closed on Saturdays and Sundays unless reservation previously made.Telephone: (+34) 964 52 75 41Reservations only via telephone"},{"type":"text","widget":"text-editor","text":"El Vasco restaurant is one of the most important and traditional gastronomic venues in Vila-real. Specialising in traditional Basque food, the restaurant was opened in 1989 by \u00c1ngel Manzanos and Ana Mar\u00eda Ib\u00e1\u00f1ez. Now run exclusively by Asier Manzanos, this family business has moved to the Estadio de la Cer\u00e1mica, although it has kept its essence intact, with the same family atmosphere and exquisite cuisine.This new venue is suitable for business lunches or family and friends meetings, but also for private events and celebrations. It has a large dining room, but also separate private rooms.","paragraphs":["El Vasco restaurant is one of the most important and traditional gastronomic venues in Vila-real. Specialising in traditional Basque food, the restaurant was opened in 1989 by \u00c1ngel Manzanos and Ana Mar\u00eda Ib\u00e1\u00f1ez. Now run exclusively by Asier Manzanos, this family business has moved to the Estadio de la Cer\u00e1mica, although it has kept its essence intact, with the same family atmosphere and exquisite cuisine.","This new venue is suitable for business lunches or family and friends meetings, but also for private events and celebrations. It has a large dining room, but also separate private rooms."]}],"buttons":[],"images":[{"type":"carousel","items":[{"url":"https:\/\/villarrealcf.es\/wp-content\/uploads\/2024\/05\/20240419-NuevoRteElvasco-010-1920x1080.jpg","alt":"20240419-NuevoRteElvasco-010","width":0,"height":0},{"url":"https:\/\/villarrealcf.es\/wp-content\/uploads\/2024\/05\/20240419-NuevoRteElvasco-008-1920x1080.jpg","alt":"20240419-NuevoRteElvasco-008","width":0,"height":0},{"url":"https:\/\/villarrealcf.es\/wp-content\/uploads\/2024\/05\/20240419-NuevoRteElvasco-009-1920x1080.jpg","alt":"20240419-NuevoRteElvasco-009","width":0,"height":0},{"url":"https:\/\/villarrealcf.es\/wp-content\/uploads\/2024\/05\/20240419-NuevoRteElvasco-003-1920x1080.jpg","alt":"20240419-NuevoRteElvasco-003","width":0,"height":0},{"url":"https:\/\/villarrealcf.es\/wp-content\/uploads\/2024\/05\/20240419-NuevoRteElvasco-011-1920x1080.jpg","alt":"20240419-NuevoRteElvasco-011","width":0,"height":0},{"url":"https:\/\/villarrealcf.es\/wp-content\/uploads\/2024\/05\/20240419-NuevoRteElvasco-002-1920x1080.jpg","alt":"20240419-NuevoRteElvasco-002","width":0,"height":0},{"url":"https:\/\/villarrealcf.es\/wp-content\/uploads\/2024\/05\/20240419-NuevoRteElvasco-006-1920x1080.jpg","alt":"20240419-NuevoRteElvasco-006","width":0,"height":0}]}],"widgets":["eael-cta-box.default","eael-info-box.default","text-editor","image-carousel"],"blocks":[{"type":"widget","widget":"eael-cta-box.default","text":"El Vasco restaurantNow at the Estadio de la Cer\u00e1mica Visit the web"},{"type":"widget","widget":"eael-info-box.default","text":"Open to the public, access via Gate 29.Opening times: Monday to Thursday, 1pm to 4pm; Friday, 1pm to 4pm and 9pm to 11pm; closed on Saturdays and Sundays unless reservation previously made.Telephone: (+34) 964 52 75 41Reservations only via telephone"},{"type":"text","widget":"text-editor","text":"El Vasco restaurant is one of the most important and traditional gastronomic venues in Vila-real. Specialising in traditional Basque food, the restaurant was opened in 1989 by \u00c1ngel Manzanos and Ana Mar\u00eda Ib\u00e1\u00f1ez. Now run exclusively by Asier Manzanos, this family business has moved to the Estadio de la Cer\u00e1mica, although it has kept its essence intact, with the same family atmosphere and exquisite cuisine.This new venue is suitable for business lunches or family and friends meetings, but also for private events and celebrations. It has a large dining room, but also separate private rooms.","paragraphs":["El Vasco restaurant is one of the most important and traditional gastronomic venues in Vila-real. Specialising in traditional Basque food, the restaurant was opened in 1989 by \u00c1ngel Manzanos and Ana Mar\u00eda Ib\u00e1\u00f1ez. Now run exclusively by Asier Manzanos, this family business has moved to the Estadio de la Cer\u00e1mica, although it has kept its essence intact, with the same family atmosphere and exquisite cuisine.","This new venue is suitable for business lunches or family and friends meetings, but also for private events and celebrations. It has a large dining room, but also separate private rooms."]},{"type":"carousel","widget":"image-carousel","items":[{"url":"https:\/\/villarrealcf.es\/wp-content\/uploads\/2024\/05\/20240419-NuevoRteElvasco-010-1920x1080.jpg","alt":"20240419-NuevoRteElvasco-010","width":0,"height":0},{"url":"https:\/\/villarrealcf.es\/wp-content\/uploads\/2024\/05\/20240419-NuevoRteElvasco-008-1920x1080.jpg","alt":"20240419-NuevoRteElvasco-008","width":0,"height":0},{"url":"https:\/\/villarrealcf.es\/wp-content\/uploads\/2024\/05\/20240419-NuevoRteElvasco-009-1920x1080.jpg","alt":"20240419-NuevoRteElvasco-009","width":0,"height":0},{"url":"https:\/\/villarrealcf.es\/wp-content\/uploads\/2024\/05\/20240419-NuevoRteElvasco-003-1920x1080.jpg","alt":"20240419-NuevoRteElvasco-003","width":0,"height":0},{"url":"https:\/\/villarrealcf.es\/wp-content\/uploads\/2024\/05\/20240419-NuevoRteElvasco-011-1920x1080.jpg","alt":"20240419-NuevoRteElvasco-011","width":0,"height":0},{"url":"https:\/\/villarrealcf.es\/wp-content\/uploads\/2024\/05\/20240419-NuevoRteElvasco-002-1920x1080.jpg","alt":"20240419-NuevoRteElvasco-002","width":0,"height":0},{"url":"https:\/\/villarrealcf.es\/wp-content\/uploads\/2024\/05\/20240419-NuevoRteElvasco-006-1920x1080.jpg","alt":"20240419-NuevoRteElvasco-006","width":0,"height":0}]}],"children":[]}],"hero":{"id":"f3fb275","type":"container","classes":["has-el-gap","el-gap-default","elementor-section","elementor-top-section","elementor-element","elementor-element-f3fb275","elementor-section-boxed","elementor-section-height-default"],"title":"","text":"El Vasco restaurantNow at the Estadio de la Cer\u00e1mica Visit the web Open to the public, access via Gate 29.Opening times: Monday to Thursday, 1pm to 4pm; Friday, 1pm to 4pm and 9pm to 11pm; closed on Saturdays and Sundays unless reservation previously made.Telephone: (+34) 964 52 75 41Reservations only via telephone El Vasco restaurant is one of the most important and traditional gastronomic venues in Vila-real. Specialising in traditional Basque food, the restaurant was opened in 1989 by \u00c1ngel Manzanos and Ana Mar\u00eda Ib\u00e1\u00f1ez. Now run exclusively by Asier Manzanos, this family business has moved to the Estadio de la Cer\u00e1mica, although it has kept its essence intact, with the same family atmosphere and exquisite cuisine.This new venue is suitable for business lunches or family and friends meetings, but also for private events and celebrations. It has a large dining room, but also separate private rooms.","headings":[],"texts":[{"type":"widget","widget":"eael-cta-box.default","text":"El Vasco restaurantNow at the Estadio de la Cer\u00e1mica Visit the web"},{"type":"widget","widget":"eael-info-box.default","text":"Open to the public, access via Gate 29.Opening times: Monday to Thursday, 1pm to 4pm; Friday, 1pm to 4pm and 9pm to 11pm; closed on Saturdays and Sundays unless reservation previously made.Telephone: (+34) 964 52 75 41Reservations only via telephone"},{"type":"text","widget":"text-editor","text":"El Vasco restaurant is one of the most important and traditional gastronomic venues in Vila-real. Specialising in traditional Basque food, the restaurant was opened in 1989 by \u00c1ngel Manzanos and Ana Mar\u00eda Ib\u00e1\u00f1ez. Now run exclusively by Asier Manzanos, this family business has moved to the Estadio de la Cer\u00e1mica, although it has kept its essence intact, with the same family atmosphere and exquisite cuisine.This new venue is suitable for business lunches or family and friends meetings, but also for private events and celebrations. It has a large dining room, but also separate private rooms.","paragraphs":["El Vasco restaurant is one of the most important and traditional gastronomic venues in Vila-real. Specialising in traditional Basque food, the restaurant was opened in 1989 by \u00c1ngel Manzanos and Ana Mar\u00eda Ib\u00e1\u00f1ez. Now run exclusively by Asier Manzanos, this family business has moved to the Estadio de la Cer\u00e1mica, although it has kept its essence intact, with the same family atmosphere and exquisite cuisine.","This new venue is suitable for business lunches or family and friends meetings, but also for private events and celebrations. It has a large dining room, but also separate private rooms."]}],"buttons":[],"images":[{"type":"carousel","items":[{"url":"https:\/\/villarrealcf.es\/wp-content\/uploads\/2024\/05\/20240419-NuevoRteElvasco-010-1920x1080.jpg","alt":"20240419-NuevoRteElvasco-010","width":0,"height":0},{"url":"https:\/\/villarrealcf.es\/wp-content\/uploads\/2024\/05\/20240419-NuevoRteElvasco-008-1920x1080.jpg","alt":"20240419-NuevoRteElvasco-008","width":0,"height":0},{"url":"https:\/\/villarrealcf.es\/wp-content\/uploads\/2024\/05\/20240419-NuevoRteElvasco-009-1920x1080.jpg","alt":"20240419-NuevoRteElvasco-009","width":0,"height":0},{"url":"https:\/\/villarrealcf.es\/wp-content\/uploads\/2024\/05\/20240419-NuevoRteElvasco-003-1920x1080.jpg","alt":"20240419-NuevoRteElvasco-003","width":0,"height":0},{"url":"https:\/\/villarrealcf.es\/wp-content\/uploads\/2024\/05\/20240419-NuevoRteElvasco-011-1920x1080.jpg","alt":"20240419-NuevoRteElvasco-011","width":0,"height":0},{"url":"https:\/\/villarrealcf.es\/wp-content\/uploads\/2024\/05\/20240419-NuevoRteElvasco-002-1920x1080.jpg","alt":"20240419-NuevoRteElvasco-002","width":0,"height":0},{"url":"https:\/\/villarrealcf.es\/wp-content\/uploads\/2024\/05\/20240419-NuevoRteElvasco-006-1920x1080.jpg","alt":"20240419-NuevoRteElvasco-006","width":0,"height":0}]}],"widgets":["eael-cta-box.default","eael-info-box.default","text-editor","image-carousel"],"blocks":[{"type":"widget","widget":"eael-cta-box.default","text":"El Vasco restaurantNow at the Estadio de la Cer\u00e1mica Visit the web"},{"type":"widget","widget":"eael-info-box.default","text":"Open to the public, access via Gate 29.Opening times: Monday to Thursday, 1pm to 4pm; Friday, 1pm to 4pm and 9pm to 11pm; closed on Saturdays and Sundays unless reservation previously made.Telephone: (+34) 964 52 75 41Reservations only via telephone"},{"type":"text","widget":"text-editor","text":"El Vasco restaurant is one of the most important and traditional gastronomic venues in Vila-real. Specialising in traditional Basque food, the restaurant was opened in 1989 by \u00c1ngel Manzanos and Ana Mar\u00eda Ib\u00e1\u00f1ez. Now run exclusively by Asier Manzanos, this family business has moved to the Estadio de la Cer\u00e1mica, although it has kept its essence intact, with the same family atmosphere and exquisite cuisine.This new venue is suitable for business lunches or family and friends meetings, but also for private events and celebrations. It has a large dining room, but also separate private rooms.","paragraphs":["El Vasco restaurant is one of the most important and traditional gastronomic venues in Vila-real. Specialising in traditional Basque food, the restaurant was opened in 1989 by \u00c1ngel Manzanos and Ana Mar\u00eda Ib\u00e1\u00f1ez. Now run exclusively by Asier Manzanos, this family business has moved to the Estadio de la Cer\u00e1mica, although it has kept its essence intact, with the same family atmosphere and exquisite cuisine.","This new venue is suitable for business lunches or family and friends meetings, but also for private events and celebrations. It has a large dining room, but also separate private rooms."]},{"type":"carousel","widget":"image-carousel","items":[{"url":"https:\/\/villarrealcf.es\/wp-content\/uploads\/2024\/05\/20240419-NuevoRteElvasco-010-1920x1080.jpg","alt":"20240419-NuevoRteElvasco-010","width":0,"height":0},{"url":"https:\/\/villarrealcf.es\/wp-content\/uploads\/2024\/05\/20240419-NuevoRteElvasco-008-1920x1080.jpg","alt":"20240419-NuevoRteElvasco-008","width":0,"height":0},{"url":"https:\/\/villarrealcf.es\/wp-content\/uploads\/2024\/05\/20240419-NuevoRteElvasco-009-1920x1080.jpg","alt":"20240419-NuevoRteElvasco-009","width":0,"height":0},{"url":"https:\/\/villarrealcf.es\/wp-content\/uploads\/2024\/05\/20240419-NuevoRteElvasco-003-1920x1080.jpg","alt":"20240419-NuevoRteElvasco-003","width":0,"height":0},{"url":"https:\/\/villarrealcf.es\/wp-content\/uploads\/2024\/05\/20240419-NuevoRteElvasco-011-1920x1080.jpg","alt":"20240419-NuevoRteElvasco-011","width":0,"height":0},{"url":"https:\/\/villarrealcf.es\/wp-content\/uploads\/2024\/05\/20240419-NuevoRteElvasco-002-1920x1080.jpg","alt":"20240419-NuevoRteElvasco-002","width":0,"height":0},{"url":"https:\/\/villarrealcf.es\/wp-content\/uploads\/2024\/05\/20240419-NuevoRteElvasco-006-1920x1080.jpg","alt":"20240419-NuevoRteElvasco-006","width":0,"height":0}]}],"children":[]}},"sections":[{"id":"f3fb275","title":"Visit the web","text":"El Vasco restaurantNow at the Estadio de la Cer\u00e1mica Visit the web Open to the public, access via Gate 29.Opening times: Monday to Thursday, 1pm to 4pm; Friday, 1pm to 4pm and 9pm to 11pm; closed on Saturdays and Sundays unless reservation previously made.Telephone: (+34) 964 52 75 41Reservations only via telephone El Vasco restaurant is one of the most important and traditional gastronomic venues in Vila-real. Specialising in traditional Basque food, the restaurant was opened in 1989 by \u00c1ngel Manzanos and Ana Mar\u00eda Ib\u00e1\u00f1ez. Now run exclusively by Asier Manzanos, this family business has moved to the Estadio de la Cer\u00e1mica, although it has kept its essence intact, with the same family atmosphere and exquisite cuisine.This new venue is suitable for business lunches or family and friends meetings, but also for private events and celebrations. It has a large dining room, but also separate private rooms.","url":"http:\/\/www.restauranteelvasco.es\/","background_image":"","images":[{"url":"https:\/\/villarrealcf.es\/wp-content\/uploads\/2024\/05\/20240419-NuevoRteElvasco-010-1920x1080.jpg","alt":"20240419-NuevoRteElvasco-010","width":0,"height":0},{"url":"https:\/\/villarrealcf.es\/wp-content\/uploads\/2024\/05\/20240419-NuevoRteElvasco-008-1920x1080.jpg","alt":"20240419-NuevoRteElvasco-008","width":0,"height":0},{"url":"https:\/\/villarrealcf.es\/wp-content\/uploads\/2024\/05\/20240419-NuevoRteElvasco-009-1920x1080.jpg","alt":"20240419-NuevoRteElvasco-009","width":0,"height":0},{"url":"https:\/\/villarrealcf.es\/wp-content\/uploads\/2024\/05\/20240419-NuevoRteElvasco-003-1920x1080.jpg","alt":"20240419-NuevoRteElvasco-003","width":0,"height":0},{"url":"https:\/\/villarrealcf.es\/wp-content\/uploads\/2024\/05\/20240419-NuevoRteElvasco-011-1920x1080.jpg","alt":"20240419-NuevoRteElvasco-011","width":0,"height":0},{"url":"https:\/\/villarrealcf.es\/wp-content\/uploads\/2024\/05\/20240419-NuevoRteElvasco-002-1920x1080.jpg","alt":"20240419-NuevoRteElvasco-002","width":0,"height":0},{"url":"https:\/\/villarrealcf.es\/wp-content\/uploads\/2024\/05\/20240419-NuevoRteElvasco-006-1920x1080.jpg","alt":"20240419-NuevoRteElvasco-006","width":0,"height":0}],"videos":[],"links":[{"url":"http:\/\/www.restauranteelvasco.es\/","text":"Visit the web","target":"_blank"}]}]},"excerpt":{"rendered":"El Vasco restaurantNow at the Estadio de la Cer\u00e1mica Visit the web Open to the public, access via Gate 29.Opening times: Monday to Thursday, 1pm to 4pm; Friday, 1pm to 4pm and 9pm to 11pm; closed on Saturdays and Sundays unless reservation previously made.Telephone: (+34) 964 52 75 41Reservations only\u00a0via\u00a0telephone El Vasco restaurant is one","protected":false},"author":1,"featured_media":0,"parent":581103,"menu_order":0,"comment_status":"closed","ping_status":"closed","template":"page-templates\/no-wrapper.php","meta":{"_acf_changed":false,"footnotes":""},"acf":null,"lang":"en","translations":{"es":306854,"en":306856,"val":306857},"essential_grid":{"has_grid":false},"formatted_date":"May 8, 2024","modified_date":"August 27, 2025","permalink":"https:\/\/villarrealcf.es\/en\/estadio-de-la-ceramica\/restaurante-el-vasco\/","reading_time":1,"featured_media_data":null,"author_data":{"id":"1","name":"root_envidea","first_name":"Villarreal CF","last_name":"","description":"","avatar_url":"https:\/\/secure.gravatar.com\/avatar\/48f95f42a3ccc324f3a3458e4b9e6fb070b083e99d388e170c1afb061fa99b63?s=96&d=mm&r=g","acf":null},"taxonomies_data":{"translation_priority":[{"id":734,"name":"Optional","slug":"optional-en","acf":null}]},"seo_full":{"native":{"title":"Restaurante El Vasco - Web Oficial del Villarreal CF","description":"El Vasco restaurantNow at the Estadio de la Cer\u00e1mica Visit the web Open to the public, access via Gate 29.Opening&hellip;","canonical":"https:\/\/villarrealcf.es\/en\/estadio-de-la-ceramica\/restaurante-el-vasco\/"}},"_links":{"self":[{"href":"https:\/\/villarrealcf.es\/en\/wp-json\/wp\/v2\/pages\/306856","targetHints":{"allow":["GET"]}}],"collection":[{"href":"https:\/\/villarrealcf.es\/en\/wp-json\/wp\/v2\/pages"}],"about":[{"href":"https:\/\/villarrealcf.es\/en\/wp-json\/wp\/v2\/types\/page"}],"author":[{"embeddable":true,"href":"https:\/\/villarrealcf.es\/en\/wp-json\/wp\/v2\/users\/1"}],"replies":[{"embeddable":true,"href":"https:\/\/villarrealcf.es\/en\/wp-json\/wp\/v2\/comments?post=306856"}],"version-history":[{"count":1,"href":"https:\/\/villarrealcf.es\/en\/wp-json\/wp\/v2\/pages\/306856\/revisions"}],"predecessor-version":[{"id":602352,"href":"https:\/\/villarrealcf.es\/en\/wp-json\/wp\/v2\/pages\/306856\/revisions\/602352"}],"up":[{"embeddable":true,"href":"https:\/\/villarrealcf.es\/en\/wp-json\/wp\/v2\/pages\/581103"}],"wp:attachment":[{"href":"https:\/\/villarrealcf.es\/en\/wp-json\/wp\/v2\/media?parent=306856"}],"curies":[{"name":"wp","href":"https:\/\/api.w.org\/{rel}","templated":true}]}}