{"id":303115,"date":"2024-04-09T10:10:18","date_gmt":"2024-04-09T08:10:18","guid":{"rendered":"https:\/\/villarrealcf.es\/cantera-grogueta\/femenino-d\/"},"modified":"2026-01-07T13:25:26","modified_gmt":"2026-01-07T12:25:26","slug":"femenino-d","status":"publish","type":"page","link":"https:\/\/villarrealcf.es\/en\/cantera-grogueta\/femenino-d\/","title":{"rendered":"Femenino D"},"content":{"protected":false,"blocks":[{"type":"image","widget":"image","url":"https:\/\/villarrealcf.es\/wp-content\/uploads\/2025\/12\/Femenino-D.webp","alt":"","width":2835,"height":1890,"srcset":"https:\/\/villarrealcf.es\/wp-content\/uploads\/2025\/12\/Femenino-D.webp 2835w, https:\/\/villarrealcf.es\/wp-content\/uploads\/2025\/12\/Femenino-D-1620x1080.webp 1620w, https:\/\/villarrealcf.es\/wp-content\/uploads\/2025\/12\/Femenino-D.webp 1920w, https:\/\/villarrealcf.es\/wp-content\/uploads\/2025\/12\/Femenino-D-1536x1024.webp 1536w, https:\/\/villarrealcf.es\/wp-content\/uploads\/2025\/12\/Femenino-D-2048x1365.webp 2048w, https:\/\/villarrealcf.es\/wp-content\/uploads\/2025\/12\/Femenino-D.webp 1920w, https:\/\/villarrealcf.es\/wp-content\/uploads\/2025\/12\/Femenino-D.webp 1920w, https:\/\/villarrealcf.es\/wp-content\/uploads\/2025\/12\/Femenino-D-32x21.webp 32w, https:\/\/villarrealcf.es\/wp-content\/uploads\/2025\/12\/Femenino-D-150x100.webp 150w, https:\/\/villarrealcf.es\/wp-content\/uploads\/2025\/12\/Femenino-D.webp 1920w, https:\/\/villarrealcf.es\/wp-content\/uploads\/2025\/12\/Femenino-D-1200x800.webp 1200w","sizes":"auto, (max-width: 2835px) 100vw, 2835px"},{"type":"text","widget":"text-editor","text":"Fila superior: Carla Vilar, \u00c1ngela L\u00f3pez, Sandra Gorrita, Sof\u00eda Andr\u00e9s, Irene Can\u00f3s, Nekane Sabuco, Claudia Soriano, Elin Maljaars, Sof\u00eda Ir\u00fan, Mireya Royo y Silvia Garc\u00eda.Fila central: Laura Rodr\u00edguez (*), Nerea P\u00e9rez (*), Fernando Roig (presidente) y Vera Vicent (*).Fila Inferior: J\u00falia Colom, Leyre Divieso, Lid\u00f3n Ortiz, Candela Fern\u00e1ndez, Ainara Mol\u00e9s, Daniela Rubio, Mar\u00eda Mazuecos, N\u00faria G\u00f3mez, Carmen Andr\u00e9s y Caterina Vericat.","paragraphs":["Fila superior: Carla Vilar, \u00c1ngela L\u00f3pez, Sandra Gorrita, Sof\u00eda Andr\u00e9s, Irene Can\u00f3s, Nekane Sabuco, Claudia Soriano, Elin Maljaars, Sof\u00eda Ir\u00fan, Mireya Royo y Silvia Garc\u00eda.","Fila central: Laura Rodr\u00edguez (*), Nerea P\u00e9rez (*), Fernando Roig (presidente) y Vera Vicent (*).","Fila Inferior: J\u00falia Colom, Leyre Divieso, Lid\u00f3n Ortiz, Candela Fern\u00e1ndez, Ainara Mol\u00e9s, Daniela Rubio, Mar\u00eda Mazuecos, N\u00faria G\u00f3mez, Carmen Andr\u00e9s y Caterina Vericat."]}],"structured":{"summary":{"text":"Fila superior: Carla Vilar, \u00c1ngela L\u00f3pez, Sandra Gorrita, Sof\u00eda Andr\u00e9s, Irene Can\u00f3s, Nekane Sabuco, Claudia Soriano, Elin Maljaars, Sof\u00eda Ir\u00fan, Mireya Royo y Silvia Garc\u00eda.Fila central: Laura Rodr\u00edguez (*), Nerea P\u00e9rez (*), Fernando Roig (presidente) y Vera Vicent (*).Fila Inferior: J\u00falia Colom, Leyre Divieso, Lid\u00f3n Ortiz, Candela Fern\u00e1ndez, Ainara Mol\u00e9s, Daniela Rubio, Mar\u00eda Mazuecos, N\u00faria G\u00f3mez, Carmen Andr\u00e9s y Caterina Vericat.","headings":[],"buttons":[],"images":[{"type":"image","widget":"image","url":"https:\/\/villarrealcf.es\/wp-content\/uploads\/2025\/12\/Femenino-D.webp","alt":"","width":2835,"height":1890,"srcset":"https:\/\/villarrealcf.es\/wp-content\/uploads\/2025\/12\/Femenino-D.webp 2835w, https:\/\/villarrealcf.es\/wp-content\/uploads\/2025\/12\/Femenino-D-1620x1080.webp 1620w, https:\/\/villarrealcf.es\/wp-content\/uploads\/2025\/12\/Femenino-D.webp 1920w, https:\/\/villarrealcf.es\/wp-content\/uploads\/2025\/12\/Femenino-D-1536x1024.webp 1536w, https:\/\/villarrealcf.es\/wp-content\/uploads\/2025\/12\/Femenino-D-2048x1365.webp 2048w, https:\/\/villarrealcf.es\/wp-content\/uploads\/2025\/12\/Femenino-D.webp 1920w, https:\/\/villarrealcf.es\/wp-content\/uploads\/2025\/12\/Femenino-D.webp 1920w, https:\/\/villarrealcf.es\/wp-content\/uploads\/2025\/12\/Femenino-D-32x21.webp 32w, https:\/\/villarrealcf.es\/wp-content\/uploads\/2025\/12\/Femenino-D-150x100.webp 150w, https:\/\/villarrealcf.es\/wp-content\/uploads\/2025\/12\/Femenino-D.webp 1920w, https:\/\/villarrealcf.es\/wp-content\/uploads\/2025\/12\/Femenino-D-1200x800.webp 1200w","sizes":"auto, (max-width: 2835px) 100vw, 2835px"}],"counts":{"blocks":2,"headings":0,"texts":1,"buttons":0,"images":1},"containers":1},"sections":[{"id":"7f2c9c0","type":"container","classes":["elementor-section","elementor-top-section","elementor-element","elementor-element-7f2c9c0","elementor-section-stretched","elementor-section-boxed","elementor-section-height-default"],"title":"","text":"Fila superior: Carla Vilar, \u00c1ngela L\u00f3pez, Sandra Gorrita, Sof\u00eda Andr\u00e9s, Irene Can\u00f3s, Nekane Sabuco, Claudia Soriano, Elin Maljaars, Sof\u00eda Ir\u00fan, Mireya Royo y Silvia Garc\u00eda.Fila central: Laura Rodr\u00edguez (*), Nerea P\u00e9rez (*), Fernando Roig (presidente) y Vera Vicent (*).Fila Inferior: J\u00falia Colom, Leyre Divieso, Lid\u00f3n Ortiz, Candela Fern\u00e1ndez, Ainara Mol\u00e9s, Daniela Rubio, Mar\u00eda Mazuecos, N\u00faria G\u00f3mez, Carmen Andr\u00e9s y Caterina Vericat.","headings":[],"texts":[{"type":"text","widget":"text-editor","text":"Fila superior: Carla Vilar, \u00c1ngela L\u00f3pez, Sandra Gorrita, Sof\u00eda Andr\u00e9s, Irene Can\u00f3s, Nekane Sabuco, Claudia Soriano, Elin Maljaars, Sof\u00eda Ir\u00fan, Mireya Royo y Silvia Garc\u00eda.Fila central: Laura Rodr\u00edguez (*), Nerea P\u00e9rez (*), Fernando Roig (presidente) y Vera Vicent (*).Fila Inferior: J\u00falia Colom, Leyre Divieso, Lid\u00f3n Ortiz, Candela Fern\u00e1ndez, Ainara Mol\u00e9s, Daniela Rubio, Mar\u00eda Mazuecos, N\u00faria G\u00f3mez, Carmen Andr\u00e9s y Caterina Vericat.","paragraphs":["Fila superior: Carla Vilar, \u00c1ngela L\u00f3pez, Sandra Gorrita, Sof\u00eda Andr\u00e9s, Irene Can\u00f3s, Nekane Sabuco, Claudia Soriano, Elin Maljaars, Sof\u00eda Ir\u00fan, Mireya Royo y Silvia Garc\u00eda.","Fila central: Laura Rodr\u00edguez (*), Nerea P\u00e9rez (*), Fernando Roig (presidente) y Vera Vicent (*).","Fila Inferior: J\u00falia Colom, Leyre Divieso, Lid\u00f3n Ortiz, Candela Fern\u00e1ndez, Ainara Mol\u00e9s, Daniela Rubio, Mar\u00eda Mazuecos, N\u00faria G\u00f3mez, Carmen Andr\u00e9s y Caterina Vericat."]}],"buttons":[],"images":[{"type":"image","widget":"image","url":"https:\/\/villarrealcf.es\/wp-content\/uploads\/2025\/12\/Femenino-D.webp","alt":"","width":2835,"height":1890,"srcset":"https:\/\/villarrealcf.es\/wp-content\/uploads\/2025\/12\/Femenino-D.webp 2835w, https:\/\/villarrealcf.es\/wp-content\/uploads\/2025\/12\/Femenino-D-1620x1080.webp 1620w, https:\/\/villarrealcf.es\/wp-content\/uploads\/2025\/12\/Femenino-D.webp 1920w, https:\/\/villarrealcf.es\/wp-content\/uploads\/2025\/12\/Femenino-D-1536x1024.webp 1536w, https:\/\/villarrealcf.es\/wp-content\/uploads\/2025\/12\/Femenino-D-2048x1365.webp 2048w, https:\/\/villarrealcf.es\/wp-content\/uploads\/2025\/12\/Femenino-D.webp 1920w, https:\/\/villarrealcf.es\/wp-content\/uploads\/2025\/12\/Femenino-D.webp 1920w, https:\/\/villarrealcf.es\/wp-content\/uploads\/2025\/12\/Femenino-D-32x21.webp 32w, https:\/\/villarrealcf.es\/wp-content\/uploads\/2025\/12\/Femenino-D-150x100.webp 150w, https:\/\/villarrealcf.es\/wp-content\/uploads\/2025\/12\/Femenino-D.webp 1920w, https:\/\/villarrealcf.es\/wp-content\/uploads\/2025\/12\/Femenino-D-1200x800.webp 1200w","sizes":"auto, (max-width: 2835px) 100vw, 2835px"}],"widgets":["image","text-editor"],"blocks":[{"type":"image","widget":"image","url":"https:\/\/villarrealcf.es\/wp-content\/uploads\/2025\/12\/Femenino-D.webp","alt":"","width":2835,"height":1890,"srcset":"https:\/\/villarrealcf.es\/wp-content\/uploads\/2025\/12\/Femenino-D.webp 2835w, https:\/\/villarrealcf.es\/wp-content\/uploads\/2025\/12\/Femenino-D-1620x1080.webp 1620w, https:\/\/villarrealcf.es\/wp-content\/uploads\/2025\/12\/Femenino-D.webp 1920w, https:\/\/villarrealcf.es\/wp-content\/uploads\/2025\/12\/Femenino-D-1536x1024.webp 1536w, https:\/\/villarrealcf.es\/wp-content\/uploads\/2025\/12\/Femenino-D-2048x1365.webp 2048w, https:\/\/villarrealcf.es\/wp-content\/uploads\/2025\/12\/Femenino-D.webp 1920w, https:\/\/villarrealcf.es\/wp-content\/uploads\/2025\/12\/Femenino-D.webp 1920w, https:\/\/villarrealcf.es\/wp-content\/uploads\/2025\/12\/Femenino-D-32x21.webp 32w, https:\/\/villarrealcf.es\/wp-content\/uploads\/2025\/12\/Femenino-D-150x100.webp 150w, https:\/\/villarrealcf.es\/wp-content\/uploads\/2025\/12\/Femenino-D.webp 1920w, https:\/\/villarrealcf.es\/wp-content\/uploads\/2025\/12\/Femenino-D-1200x800.webp 1200w","sizes":"auto, (max-width: 2835px) 100vw, 2835px"},{"type":"text","widget":"text-editor","text":"Fila superior: Carla Vilar, \u00c1ngela L\u00f3pez, Sandra Gorrita, Sof\u00eda Andr\u00e9s, Irene Can\u00f3s, Nekane Sabuco, Claudia Soriano, Elin Maljaars, Sof\u00eda Ir\u00fan, Mireya Royo y Silvia Garc\u00eda.Fila central: Laura Rodr\u00edguez (*), Nerea P\u00e9rez (*), Fernando Roig (presidente) y Vera Vicent (*).Fila Inferior: J\u00falia Colom, Leyre Divieso, Lid\u00f3n Ortiz, Candela Fern\u00e1ndez, Ainara Mol\u00e9s, Daniela Rubio, Mar\u00eda Mazuecos, N\u00faria G\u00f3mez, Carmen Andr\u00e9s y Caterina Vericat.","paragraphs":["Fila superior: Carla Vilar, \u00c1ngela L\u00f3pez, Sandra Gorrita, Sof\u00eda Andr\u00e9s, Irene Can\u00f3s, Nekane Sabuco, Claudia Soriano, Elin Maljaars, Sof\u00eda Ir\u00fan, Mireya Royo y Silvia Garc\u00eda.","Fila central: Laura Rodr\u00edguez (*), Nerea P\u00e9rez (*), Fernando Roig (presidente) y Vera Vicent (*).","Fila Inferior: J\u00falia Colom, Leyre Divieso, Lid\u00f3n Ortiz, Candela Fern\u00e1ndez, Ainara Mol\u00e9s, Daniela Rubio, Mar\u00eda Mazuecos, N\u00faria G\u00f3mez, Carmen Andr\u00e9s y Caterina Vericat."]}],"children":[]}],"hero":{"id":"7f2c9c0","type":"container","classes":["elementor-section","elementor-top-section","elementor-element","elementor-element-7f2c9c0","elementor-section-stretched","elementor-section-boxed","elementor-section-height-default"],"title":"","text":"Fila superior: Carla Vilar, \u00c1ngela L\u00f3pez, Sandra Gorrita, Sof\u00eda Andr\u00e9s, Irene Can\u00f3s, Nekane Sabuco, Claudia Soriano, Elin Maljaars, Sof\u00eda Ir\u00fan, Mireya Royo y Silvia Garc\u00eda.Fila central: Laura Rodr\u00edguez (*), Nerea P\u00e9rez (*), Fernando Roig (presidente) y Vera Vicent (*).Fila Inferior: J\u00falia Colom, Leyre Divieso, Lid\u00f3n Ortiz, Candela Fern\u00e1ndez, Ainara Mol\u00e9s, Daniela Rubio, Mar\u00eda Mazuecos, N\u00faria G\u00f3mez, Carmen Andr\u00e9s y Caterina Vericat.","headings":[],"texts":[{"type":"text","widget":"text-editor","text":"Fila superior: Carla Vilar, \u00c1ngela L\u00f3pez, Sandra Gorrita, Sof\u00eda Andr\u00e9s, Irene Can\u00f3s, Nekane Sabuco, Claudia Soriano, Elin Maljaars, Sof\u00eda Ir\u00fan, Mireya Royo y Silvia Garc\u00eda.Fila central: Laura Rodr\u00edguez (*), Nerea P\u00e9rez (*), Fernando Roig (presidente) y Vera Vicent (*).Fila Inferior: J\u00falia Colom, Leyre Divieso, Lid\u00f3n Ortiz, Candela Fern\u00e1ndez, Ainara Mol\u00e9s, Daniela Rubio, Mar\u00eda Mazuecos, N\u00faria G\u00f3mez, Carmen Andr\u00e9s y Caterina Vericat.","paragraphs":["Fila superior: Carla Vilar, \u00c1ngela L\u00f3pez, Sandra Gorrita, Sof\u00eda Andr\u00e9s, Irene Can\u00f3s, Nekane Sabuco, Claudia Soriano, Elin Maljaars, Sof\u00eda Ir\u00fan, Mireya Royo y Silvia Garc\u00eda.","Fila central: Laura Rodr\u00edguez (*), Nerea P\u00e9rez (*), Fernando Roig (presidente) y Vera Vicent (*).","Fila Inferior: J\u00falia Colom, Leyre Divieso, Lid\u00f3n Ortiz, Candela Fern\u00e1ndez, Ainara Mol\u00e9s, Daniela Rubio, Mar\u00eda Mazuecos, N\u00faria G\u00f3mez, Carmen Andr\u00e9s y Caterina Vericat."]}],"buttons":[],"images":[{"type":"image","widget":"image","url":"https:\/\/villarrealcf.es\/wp-content\/uploads\/2025\/12\/Femenino-D.webp","alt":"","width":2835,"height":1890,"srcset":"https:\/\/villarrealcf.es\/wp-content\/uploads\/2025\/12\/Femenino-D.webp 2835w, https:\/\/villarrealcf.es\/wp-content\/uploads\/2025\/12\/Femenino-D-1620x1080.webp 1620w, https:\/\/villarrealcf.es\/wp-content\/uploads\/2025\/12\/Femenino-D.webp 1920w, https:\/\/villarrealcf.es\/wp-content\/uploads\/2025\/12\/Femenino-D-1536x1024.webp 1536w, https:\/\/villarrealcf.es\/wp-content\/uploads\/2025\/12\/Femenino-D-2048x1365.webp 2048w, https:\/\/villarrealcf.es\/wp-content\/uploads\/2025\/12\/Femenino-D.webp 1920w, https:\/\/villarrealcf.es\/wp-content\/uploads\/2025\/12\/Femenino-D.webp 1920w, https:\/\/villarrealcf.es\/wp-content\/uploads\/2025\/12\/Femenino-D-32x21.webp 32w, https:\/\/villarrealcf.es\/wp-content\/uploads\/2025\/12\/Femenino-D-150x100.webp 150w, https:\/\/villarrealcf.es\/wp-content\/uploads\/2025\/12\/Femenino-D.webp 1920w, https:\/\/villarrealcf.es\/wp-content\/uploads\/2025\/12\/Femenino-D-1200x800.webp 1200w","sizes":"auto, (max-width: 2835px) 100vw, 2835px"}],"widgets":["image","text-editor"],"blocks":[{"type":"image","widget":"image","url":"https:\/\/villarrealcf.es\/wp-content\/uploads\/2025\/12\/Femenino-D.webp","alt":"","width":2835,"height":1890,"srcset":"https:\/\/villarrealcf.es\/wp-content\/uploads\/2025\/12\/Femenino-D.webp 2835w, https:\/\/villarrealcf.es\/wp-content\/uploads\/2025\/12\/Femenino-D-1620x1080.webp 1620w, https:\/\/villarrealcf.es\/wp-content\/uploads\/2025\/12\/Femenino-D.webp 1920w, https:\/\/villarrealcf.es\/wp-content\/uploads\/2025\/12\/Femenino-D-1536x1024.webp 1536w, https:\/\/villarrealcf.es\/wp-content\/uploads\/2025\/12\/Femenino-D-2048x1365.webp 2048w, https:\/\/villarrealcf.es\/wp-content\/uploads\/2025\/12\/Femenino-D.webp 1920w, https:\/\/villarrealcf.es\/wp-content\/uploads\/2025\/12\/Femenino-D.webp 1920w, https:\/\/villarrealcf.es\/wp-content\/uploads\/2025\/12\/Femenino-D-32x21.webp 32w, https:\/\/villarrealcf.es\/wp-content\/uploads\/2025\/12\/Femenino-D-150x100.webp 150w, https:\/\/villarrealcf.es\/wp-content\/uploads\/2025\/12\/Femenino-D.webp 1920w, https:\/\/villarrealcf.es\/wp-content\/uploads\/2025\/12\/Femenino-D-1200x800.webp 1200w","sizes":"auto, (max-width: 2835px) 100vw, 2835px"},{"type":"text","widget":"text-editor","text":"Fila superior: Carla Vilar, \u00c1ngela L\u00f3pez, Sandra Gorrita, Sof\u00eda Andr\u00e9s, Irene Can\u00f3s, Nekane Sabuco, Claudia Soriano, Elin Maljaars, Sof\u00eda Ir\u00fan, Mireya Royo y Silvia Garc\u00eda.Fila central: Laura Rodr\u00edguez (*), Nerea P\u00e9rez (*), Fernando Roig (presidente) y Vera Vicent (*).Fila Inferior: J\u00falia Colom, Leyre Divieso, Lid\u00f3n Ortiz, Candela Fern\u00e1ndez, Ainara Mol\u00e9s, Daniela Rubio, Mar\u00eda Mazuecos, N\u00faria G\u00f3mez, Carmen Andr\u00e9s y Caterina Vericat.","paragraphs":["Fila superior: Carla Vilar, \u00c1ngela L\u00f3pez, Sandra Gorrita, Sof\u00eda Andr\u00e9s, Irene Can\u00f3s, Nekane Sabuco, Claudia Soriano, Elin Maljaars, Sof\u00eda Ir\u00fan, Mireya Royo y Silvia Garc\u00eda.","Fila central: Laura Rodr\u00edguez (*), Nerea P\u00e9rez (*), Fernando Roig (presidente) y Vera Vicent (*).","Fila Inferior: J\u00falia Colom, Leyre Divieso, Lid\u00f3n Ortiz, Candela Fern\u00e1ndez, Ainara Mol\u00e9s, Daniela Rubio, Mar\u00eda Mazuecos, N\u00faria G\u00f3mez, Carmen Andr\u00e9s y Caterina Vericat."]}],"children":[]}},"sections":[{"id":"7f2c9c0","title":"Fila superior: Carla Vilar, \u00c1ngela L\u00f3pez, Sandra Gorrita, Sof\u00eda Andr\u00e9s, Irene Can\u00f3s, Nekane Sabuco, Claudia Soriano, Elin Maljaars, Sof\u00eda Ir\u00fan, Mireya Royo y Silvia Garc\u00eda.Fila central: Laura Rodr\u00edguez (*), Nerea P\u00e9rez (*), Fernando Roig (presidente) y Vera Vicent (*).Fila Inferior: J\u00falia Colom, Leyre Divieso, Lid\u00f3n Ortiz, Candela Fern\u00e1ndez, Ainara Mol\u00e9s, Daniela Rubio, Mar\u00eda Mazuecos, N\u00faria G\u00f3mez, Carmen Andr\u00e9s y Caterina Vericat.","text":"Fila superior: Carla Vilar, \u00c1ngela L\u00f3pez, Sandra Gorrita, Sof\u00eda Andr\u00e9s, Irene Can\u00f3s, Nekane Sabuco, Claudia Soriano, Elin Maljaars, Sof\u00eda Ir\u00fan, Mireya Royo y Silvia Garc\u00eda.Fila central: Laura Rodr\u00edguez (*), Nerea P\u00e9rez (*), Fernando Roig (presidente) y Vera Vicent (*).Fila Inferior: J\u00falia Colom, Leyre Divieso, Lid\u00f3n Ortiz, Candela Fern\u00e1ndez, Ainara Mol\u00e9s, Daniela Rubio, Mar\u00eda Mazuecos, N\u00faria G\u00f3mez, Carmen Andr\u00e9s y Caterina Vericat.","url":"","background_image":"","images":[{"url":"https:\/\/villarrealcf.es\/wp-content\/uploads\/2025\/12\/Femenino-D.webp","alt":"","width":2835,"height":1890}],"videos":[],"links":[]}]},"excerpt":{"rendered":"Fila superior: Carla Vilar, \u00c1ngela L\u00f3pez, Sandra Gorrita, Sof\u00eda Andr\u00e9s, Irene Can\u00f3s, Nekane Sabuco, Claudia Soriano, Elin Maljaars, Sof\u00eda Ir\u00fan, Mireya Royo y Silvia Garc\u00eda.Fila central: Laura Rodr\u00edguez (*), Nerea P\u00e9rez (*), Fernando Roig (presidente) y Vera Vicent (*).Fila Inferior: J\u00falia Colom, Leyre Divieso, Lid\u00f3n Ortiz, Candela Fern\u00e1ndez, Ainara Mol\u00e9s, Daniela Rubio, Mar\u00eda Mazuecos, N\u00faria","protected":false},"author":1,"featured_media":0,"parent":240505,"menu_order":0,"comment_status":"closed","ping_status":"closed","template":"page-templates\/no-wrapper.php","meta":{"_acf_changed":false,"footnotes":""},"acf":null,"lang":"en","translations":{"es":303113,"en":303115,"val":303116},"essential_grid":{"has_grid":false},"formatted_date":"April 9, 2024","modified_date":"January 7, 2026","permalink":"https:\/\/villarrealcf.es\/en\/cantera-grogueta\/femenino-d\/","reading_time":1,"featured_media_data":null,"author_data":{"id":"1","name":"root_envidea","first_name":"Villarreal CF","last_name":"","description":"","avatar_url":"https:\/\/secure.gravatar.com\/avatar\/48f95f42a3ccc324f3a3458e4b9e6fb070b083e99d388e170c1afb061fa99b63?s=96&d=mm&r=g","acf":null},"taxonomies_data":{"translation_priority":[{"id":734,"name":"Optional","slug":"optional-en","acf":null}]},"seo_full":{"native":{"title":"Femenino D - Web Oficial del Villarreal CF","description":"Fila superior: Carla Vilar, \u00c1ngela L\u00f3pez, Sandra Gorrita, Sof\u00eda Andr\u00e9s, Irene Can\u00f3s, Nekane Sabuco, Claudia Soriano, Elin Maljaars, Sof\u00eda Ir\u00fan,&hellip;","canonical":"https:\/\/villarrealcf.es\/en\/cantera-grogueta\/femenino-d\/"}},"_links":{"self":[{"href":"https:\/\/villarrealcf.es\/en\/wp-json\/wp\/v2\/pages\/303115","targetHints":{"allow":["GET"]}}],"collection":[{"href":"https:\/\/villarrealcf.es\/en\/wp-json\/wp\/v2\/pages"}],"about":[{"href":"https:\/\/villarrealcf.es\/en\/wp-json\/wp\/v2\/types\/page"}],"author":[{"embeddable":true,"href":"https:\/\/villarrealcf.es\/en\/wp-json\/wp\/v2\/users\/1"}],"replies":[{"embeddable":true,"href":"https:\/\/villarrealcf.es\/en\/wp-json\/wp\/v2\/comments?post=303115"}],"version-history":[{"count":4,"href":"https:\/\/villarrealcf.es\/en\/wp-json\/wp\/v2\/pages\/303115\/revisions"}],"predecessor-version":[{"id":616653,"href":"https:\/\/villarrealcf.es\/en\/wp-json\/wp\/v2\/pages\/303115\/revisions\/616653"}],"up":[{"embeddable":true,"href":"https:\/\/villarrealcf.es\/en\/wp-json\/wp\/v2\/pages\/240505"}],"wp:attachment":[{"href":"https:\/\/villarrealcf.es\/en\/wp-json\/wp\/v2\/media?parent=303115"}],"curies":[{"name":"wp","href":"https:\/\/api.w.org\/{rel}","templated":true}]}}